{"id":307676,"date":"2020-04-02T20:46:54","date_gmt":"2024-02-06T10:58:54","guid":{"rendered":"https:\/\/www.moskito.cz\/produkt\/bokenowa-katana-naturalna\/"},"modified":"2025-07-11T07:51:01","modified_gmt":"2025-07-11T06:51:01","slug":"bokenowa-katana-naturalna","status":"publish","type":"product","link":"https:\/\/www.moskito.cz\/pl\/produkt\/bokenowa-katana-naturalna\/","title":{"rendered":"Bokenowa Katana Naturalna"},"content":{"rendered":"<p>Naturalna katana.<\/p>\n<p>Trening miecza samurajskiego.<\/p>\n<p>D\u0142ugo\u015b\u0107: 102 cm.<\/p>\n<p><a href=\"https:\/\/cs.wikipedia.org\/wiki\/Bokut%C3%B3\" target=\"_blank\" rel=\"noopener noreferrer\">Boken<\/a> , czyli bokuto, to japo\u0144ska nazwa drewnianego miecza u\u017cywanego w treningu technik walki. Kszta\u0142t cz\u0119sto r\u00f3\u017cni si\u0119 w zale\u017cno\u015bci od konkretnej szko\u0142y, ale zawsze przypomina podstawowy kszta\u0142t katany. Do produkcji najcz\u0119\u015bciej wykorzystuje si\u0119 drewno d\u0119bowe. (\u0179r\u00f3d\u0142o Wikipedia)<\/p>\n<p><a href=\"https:\/\/www.moskito.cz\/pl\/repliki-mieczy-sztyletow\/katany-i-miecze\/\">Katana<\/a> to rodzaj japo\u0144skiego miecza u\u017cywanego od XV wieku. wiek. Katana ma zakrzywione ostrze, podobne do szabli, z pojedynczym ostrzem, jelcem i r\u0119koje\u015bci\u0105 o owalnym przekroju. D\u0142ugo\u015b\u0107 wynosi\u0142a od dw\u00f3ch do trzech shaku (shaku = 30,3 cm). Nosi\u0142 go samuraj przewieszony za pasem z ostrzem skierowanym do g\u00f3ry, tradycyjnie razem z kr\u00f3tkim mieczem wakizashi lub osobistym sztyletem samurajskim zwanym tanto.<\/p>\n","protected":false},"excerpt":{"rendered":"<h2>Boken &#8211; miecz treningowy<\/h2>\n","protected":false},"featured_media":167738,"comment_status":"open","ping_status":"closed","template":"","meta":[],"pwb-brand":[3526],"product_brand":[],"product_cat":[3417,3387],"product_tag":[],"class_list":{"0":"post-307676","1":"product","2":"type-product","3":"status-publish","4":"has-post-thumbnail","6":"pwb-brand-wyprodukowano-w-chinach","7":"product_cat-katany-i-miecze","8":"product_cat-repliki-mieczy-sztyletow","10":"first","11":"outofstock","12":"taxable","13":"shipping-taxable","14":"purchasable","15":"product-type-simple"},"brands":[{"id":3526,"name":"Wyprodukowano w Chinach","slug":"wyprodukowano-w-chinach"}],"_links":{"self":[{"href":"https:\/\/www.moskito.cz\/pl\/wp-json\/wp\/v2\/product\/307676","targetHints":{"allow":["GET"]}}],"collection":[{"href":"https:\/\/www.moskito.cz\/pl\/wp-json\/wp\/v2\/product"}],"about":[{"href":"https:\/\/www.moskito.cz\/pl\/wp-json\/wp\/v2\/types\/product"}],"replies":[{"embeddable":true,"href":"https:\/\/www.moskito.cz\/pl\/wp-json\/wp\/v2\/comments?post=307676"}],"wp:featuredmedia":[{"embeddable":true,"href":"https:\/\/www.moskito.cz\/pl\/wp-json\/wp\/v2\/media\/167738"}],"wp:attachment":[{"href":"https:\/\/www.moskito.cz\/pl\/wp-json\/wp\/v2\/media?parent=307676"}],"wp:term":[{"taxonomy":"pwb-brand","embeddable":true,"href":"https:\/\/www.moskito.cz\/pl\/wp-json\/wp\/v2\/pwb-brand?post=307676"},{"taxonomy":"product_brand","embeddable":true,"href":"https:\/\/www.moskito.cz\/pl\/wp-json\/wp\/v2\/product_brand?post=307676"},{"taxonomy":"product_cat","embeddable":true,"href":"https:\/\/www.moskito.cz\/pl\/wp-json\/wp\/v2\/product_cat?post=307676"},{"taxonomy":"product_tag","embeddable":true,"href":"https:\/\/www.moskito.cz\/pl\/wp-json\/wp\/v2\/product_tag?post=307676"}],"curies":[{"name":"wp","href":"https:\/\/api.w.org\/{rel}","templated":true}]}}