{"id":307678,"date":"2020-04-13T14:06:16","date_gmt":"2024-02-06T10:58:54","guid":{"rendered":"https:\/\/www.moskito.cz\/produkt\/noz-skladany-victorinox-rangerwood-55-0-9561-63\/"},"modified":"2025-07-11T07:51:03","modified_gmt":"2025-07-11T06:51:03","slug":"noz-skladany-victorinox-rangerwood-55-0-9561-63","status":"publish","type":"product","link":"https:\/\/www.moskito.cz\/pl\/produkt\/noz-skladany-victorinox-rangerwood-55-0-9561-63\/","title":{"rendered":"N\u00f3\u017c sk\u0142adany Victorinox RangerWood 55 0.9561.63"},"content":{"rendered":"<p>N\u00f3\u017c sk\u0142adany Victorinox RangerWood 55 0.9561.63.<\/p>\n<p><span class=\"proKs\">Scyzoryk 130 mm z du\u017cym zabezpieczeniem ostrza. Liczba funkcji 12.<\/span><\/p>\n<div id=\"productDetailBottomText\" class=\"rounded\">\n<ul>\n<li class=\"style2\">du\u017ce ostrze<\/li>\n<li class=\"style2\">Pi\u0142a do drewna<\/li>\n<li class=\"style2\">korkoci\u0105g<\/li>\n<li class=\"style2\">otwieracz do puszek s<\/li>\n<li class=\"style2\">za pomoc\u0105 ma\u0142ego \u015brubokr\u0119ta<\/li>\n<li class=\"style2\">otwieracz do butelek z<\/li>\n<li class=\"style2\">\u015arubokr\u0119t<\/li>\n<li class=\"style2\">\u015brodek do usuwania izolacji przewod\u00f3w<\/li>\n<li class=\"style2\">rozwiertak, dziurkacz<\/li>\n<li class=\"style2\">Brelok ze stali nierdzewnej<\/li>\n<\/ul>\n<\/div>\n<p>&nbsp;<\/p>\n","protected":false},"excerpt":{"rendered":"<p>Scyzoryk 130 mm z du\u017cym zabezpieczeniem ostrza. Liczba funkcji 12.<br \/>\n<strong>Wyprodukowano w Szwajcarii, do\u017cywotnia gwarancja.<\/strong><\/p>\n","protected":false},"featured_media":167810,"comment_status":"open","ping_status":"closed","template":"","meta":[],"pwb-brand":[3534],"product_brand":[],"product_cat":[3296,3307],"product_tag":[],"class_list":{"0":"post-307678","1":"product","2":"type-product","3":"status-publish","4":"has-post-thumbnail","6":"pwb-brand-victorinox-pl","7":"product_cat-noze-pl","8":"product_cat-zamykanie-nozy","10":"first","11":"outofstock","12":"taxable","13":"shipping-taxable","14":"purchasable","15":"product-type-simple"},"brands":[{"id":3534,"name":"Victorinox","slug":"victorinox-pl"}],"_links":{"self":[{"href":"https:\/\/www.moskito.cz\/pl\/wp-json\/wp\/v2\/product\/307678","targetHints":{"allow":["GET"]}}],"collection":[{"href":"https:\/\/www.moskito.cz\/pl\/wp-json\/wp\/v2\/product"}],"about":[{"href":"https:\/\/www.moskito.cz\/pl\/wp-json\/wp\/v2\/types\/product"}],"replies":[{"embeddable":true,"href":"https:\/\/www.moskito.cz\/pl\/wp-json\/wp\/v2\/comments?post=307678"}],"wp:featuredmedia":[{"embeddable":true,"href":"https:\/\/www.moskito.cz\/pl\/wp-json\/wp\/v2\/media\/167810"}],"wp:attachment":[{"href":"https:\/\/www.moskito.cz\/pl\/wp-json\/wp\/v2\/media?parent=307678"}],"wp:term":[{"taxonomy":"pwb-brand","embeddable":true,"href":"https:\/\/www.moskito.cz\/pl\/wp-json\/wp\/v2\/pwb-brand?post=307678"},{"taxonomy":"product_brand","embeddable":true,"href":"https:\/\/www.moskito.cz\/pl\/wp-json\/wp\/v2\/product_brand?post=307678"},{"taxonomy":"product_cat","embeddable":true,"href":"https:\/\/www.moskito.cz\/pl\/wp-json\/wp\/v2\/product_cat?post=307678"},{"taxonomy":"product_tag","embeddable":true,"href":"https:\/\/www.moskito.cz\/pl\/wp-json\/wp\/v2\/product_tag?post=307678"}],"curies":[{"name":"wp","href":"https:\/\/api.w.org\/{rel}","templated":true}]}}