{"id":307681,"date":"2020-04-22T09:20:53","date_gmt":"2024-02-06T10:59:02","guid":{"rendered":"https:\/\/www.moskito.cz\/produkt\/noz-zamykany-victorinox-rangergrip-74-0-9723-c\/"},"modified":"2025-07-11T07:51:11","modified_gmt":"2025-07-11T06:51:11","slug":"noz-zamykany-victorinox-rangergrip-74-0-9723-c","status":"publish","type":"product","link":"https:\/\/www.moskito.cz\/pl\/produkt\/noz-zamykany-victorinox-rangergrip-74-0-9723-c\/","title":{"rendered":"N\u00f3\u017c zamykany Victorinox RangerGrip 74 0.9723.C"},"content":{"rendered":"<p>N\u00f3\u017c zamykany Victorinox RangerGrip 74 0.9723.C.<\/p>\n<p>Scyzoryk 130 mm z du\u017cym zabezpieczeniem ostrza. Liczba funkcji 14.<\/p>\n<p>du\u017ce ostrze<br \/>\nkorkoci\u0105g<br \/>\notwieracz do puszek s<br \/>\nza pomoc\u0105 ma\u0142ego \u015brubokr\u0119ta<br \/>\notwieracz do butelek z<br \/>\n\u015arubokr\u0119t<br \/>\n\u015brodek do usuwania izolacji przewod\u00f3w<br \/>\nszczypce z<br \/>\nprzecinak do drutu<br \/>\nnakr\u0119tka dokr\u0119caj\u0105ca<br \/>\nrozwiertak, dziurkacz<br \/>\nBrelok ze stali nierdzewnej<br \/>\npinceta<br \/>\nwyka\u0142aczka<\/p>\n","protected":false},"excerpt":{"rendered":"<p>Scyzoryk 130 mm z du\u017cym zabezpieczeniem ostrza. Liczba funkcji 14.<br \/>\n<strong>Wyprodukowano w Szwajcarii, do\u017cywotnia gwarancja.<\/strong><\/p>\n","protected":false},"featured_media":167894,"comment_status":"open","ping_status":"closed","template":"","meta":[],"pwb-brand":[3534],"product_brand":[],"product_cat":[3296,3307],"product_tag":[],"class_list":{"0":"post-307681","1":"product","2":"type-product","3":"status-publish","4":"has-post-thumbnail","6":"pwb-brand-victorinox-pl","7":"product_cat-noze-pl","8":"product_cat-zamykanie-nozy","10":"first","11":"outofstock","12":"taxable","13":"shipping-taxable","14":"purchasable","15":"product-type-simple"},"brands":[{"id":3534,"name":"Victorinox","slug":"victorinox-pl"}],"_links":{"self":[{"href":"https:\/\/www.moskito.cz\/pl\/wp-json\/wp\/v2\/product\/307681","targetHints":{"allow":["GET"]}}],"collection":[{"href":"https:\/\/www.moskito.cz\/pl\/wp-json\/wp\/v2\/product"}],"about":[{"href":"https:\/\/www.moskito.cz\/pl\/wp-json\/wp\/v2\/types\/product"}],"replies":[{"embeddable":true,"href":"https:\/\/www.moskito.cz\/pl\/wp-json\/wp\/v2\/comments?post=307681"}],"wp:featuredmedia":[{"embeddable":true,"href":"https:\/\/www.moskito.cz\/pl\/wp-json\/wp\/v2\/media\/167894"}],"wp:attachment":[{"href":"https:\/\/www.moskito.cz\/pl\/wp-json\/wp\/v2\/media?parent=307681"}],"wp:term":[{"taxonomy":"pwb-brand","embeddable":true,"href":"https:\/\/www.moskito.cz\/pl\/wp-json\/wp\/v2\/pwb-brand?post=307681"},{"taxonomy":"product_brand","embeddable":true,"href":"https:\/\/www.moskito.cz\/pl\/wp-json\/wp\/v2\/product_brand?post=307681"},{"taxonomy":"product_cat","embeddable":true,"href":"https:\/\/www.moskito.cz\/pl\/wp-json\/wp\/v2\/product_cat?post=307681"},{"taxonomy":"product_tag","embeddable":true,"href":"https:\/\/www.moskito.cz\/pl\/wp-json\/wp\/v2\/product_tag?post=307681"}],"curies":[{"name":"wp","href":"https:\/\/api.w.org\/{rel}","templated":true}]}}