{"id":307702,"date":"2020-04-20T19:56:08","date_gmt":"2024-02-06T10:59:15","guid":{"rendered":"https:\/\/www.moskito.cz\/produkt\/noz-zamykajacy-mta911bl\/"},"modified":"2025-07-11T07:51:10","modified_gmt":"2025-07-11T06:51:10","slug":"noz-zamykajacy-mta911bl","status":"publish","type":"product","link":"https:\/\/www.moskito.cz\/pl\/produkt\/noz-zamykajacy-mta911bl\/","title":{"rendered":"N\u00f3\u017c zamykaj\u0105cy MTA911BL"},"content":{"rendered":"<p>N\u00f3\u017c zamykaj\u0105cy MTA911BL.<\/p>\n<p>N\u00f3\u017c posiada wspomagane otwieranie. D\u0142ugo\u015b\u0107 no\u017ca w stanie zamkni\u0119tym wynosi 12 cm. Ostrze no\u017ca ma czarne wyko\u0144czenie i ma d\u0142ugo\u015b\u0107 9,4 cm. R\u0119koje\u015b\u0107 jest teksturowana i wykonana z aluminium. N\u00f3\u017c posiada klips.<\/p>\n<p>Wspomagane otwieranie. 4,75&#8243; zamkni\u0119te. 3,5&#8243; czarne wyko\u0144czenie, cz\u0119\u015bciowo z\u0105bkowane ostrze ze stali 440 typu drop point. R\u0119koje\u015b\u0107 aluminiowa o fakturze czarno-niebieskiej. Wk\u0142adka tarczy. T\u0142uczek do szk\u0142a. Paski do smyczy. Kieszonkowy klips. Rozszerzony trzpie\u0144. Przecinak do paska\/przewodu.<\/p>\n","protected":false},"excerpt":{"rendered":"<p>Zamykany n\u00f3\u017c.<\/p>\n","protected":false},"featured_media":167876,"comment_status":"open","ping_status":"closed","template":"","meta":[],"pwb-brand":[3530],"product_brand":[],"product_cat":[3296,3307],"product_tag":[],"class_list":{"0":"post-307702","1":"product","2":"type-product","3":"status-publish","4":"has-post-thumbnail","6":"pwb-brand-mtech-pl","7":"product_cat-noze-pl","8":"product_cat-zamykanie-nozy","10":"first","11":"outofstock","12":"taxable","13":"shipping-taxable","14":"purchasable","15":"product-type-simple"},"brands":[{"id":3530,"name":"MTech","slug":"mtech-pl"}],"_links":{"self":[{"href":"https:\/\/www.moskito.cz\/pl\/wp-json\/wp\/v2\/product\/307702","targetHints":{"allow":["GET"]}}],"collection":[{"href":"https:\/\/www.moskito.cz\/pl\/wp-json\/wp\/v2\/product"}],"about":[{"href":"https:\/\/www.moskito.cz\/pl\/wp-json\/wp\/v2\/types\/product"}],"replies":[{"embeddable":true,"href":"https:\/\/www.moskito.cz\/pl\/wp-json\/wp\/v2\/comments?post=307702"}],"wp:featuredmedia":[{"embeddable":true,"href":"https:\/\/www.moskito.cz\/pl\/wp-json\/wp\/v2\/media\/167876"}],"wp:attachment":[{"href":"https:\/\/www.moskito.cz\/pl\/wp-json\/wp\/v2\/media?parent=307702"}],"wp:term":[{"taxonomy":"pwb-brand","embeddable":true,"href":"https:\/\/www.moskito.cz\/pl\/wp-json\/wp\/v2\/pwb-brand?post=307702"},{"taxonomy":"product_brand","embeddable":true,"href":"https:\/\/www.moskito.cz\/pl\/wp-json\/wp\/v2\/product_brand?post=307702"},{"taxonomy":"product_cat","embeddable":true,"href":"https:\/\/www.moskito.cz\/pl\/wp-json\/wp\/v2\/product_cat?post=307702"},{"taxonomy":"product_tag","embeddable":true,"href":"https:\/\/www.moskito.cz\/pl\/wp-json\/wp\/v2\/product_tag?post=307702"}],"curies":[{"name":"wp","href":"https:\/\/api.w.org\/{rel}","templated":true}]}}