{"id":307716,"date":"2020-04-22T12:19:51","date_gmt":"2024-02-06T10:59:19","guid":{"rendered":"https:\/\/www.moskito.cz\/produkt\/noz-zamykajacy-swisschamp-1-6795-2r\/"},"modified":"2025-07-11T07:51:13","modified_gmt":"2025-07-11T06:51:13","slug":"noz-zamykajacy-swisschamp-1-6795-2r","status":"publish","type":"product","link":"https:\/\/www.moskito.cz\/pl\/produkt\/noz-zamykajacy-swisschamp-1-6795-2r\/","title":{"rendered":"N\u00f3\u017c zamykaj\u0105cy SwissChamp 1.6795.2R"},"content":{"rendered":"<p>N\u00f3\u017c zamykaj\u0105cy SwissChamp 1.6795.2R.<\/p>\n<p>Wielofunkcyjny n\u00f3\u017c o rozmiarze 91 mm. Liczba funkcji 33<\/p>\n<p>du\u017cy n\u00f3\u017c<br \/>\nma\u0142y n\u00f3\u017c<br \/>\nkorkoci\u0105g<br \/>\notwieracz do puszek s<br \/>\nza pomoc\u0105 ma\u0142ego \u015brubokr\u0119ta<br \/>\notwieracz do butelek se<br \/>\n\u015arubokr\u0119t<br \/>\n\u015brodek do usuwania izolacji przewod\u00f3w<br \/>\nrozwiertak, dziurkacz<br \/>\nBrelok ze stali nierdzewnej<br \/>\npinceta<br \/>\nwyka\u0142aczka<br \/>\nno\u017cyce<br \/>\nhak wielofunkcyjny<br \/>\nPi\u0142a do drewna<br \/>\nodkamieniacz s<br \/>\nhak do wyrzucenia<br \/>\nskala (w cm i calach)<br \/>\npilnik do paznokci z<br \/>\nmetalowy plik<br \/>\n\u015brodek do czyszczenia paznokci<br \/>\npi\u0142a do metalu<br \/>\ndobry \u015brubokr\u0119t<br \/>\nd\u0142uto<br \/>\nszczypce z<br \/>\nprzecinak do drutu<br \/>\nnarz\u0119dzie do zaciskania drutu<br \/>\n\u015arubokr\u0119t Phillipsa<br \/>\nszk\u0142o powi\u0119kszaj\u0105ce<br \/>\nci\u015bnieniowy d\u0142ugopis<br \/>\ntrzpie\u0144 ze stali nierdzewnej<br \/>\nmini\u015brubokr\u0119t (pat.)<br \/>\nszycie oka<\/p>\n","protected":false},"excerpt":{"rendered":"<p>Zamykany n\u00f3\u017c.<\/p>\n","protected":false},"featured_media":204727,"comment_status":"open","ping_status":"closed","template":"","meta":[],"pwb-brand":[3534],"product_brand":[],"product_cat":[3296,3307],"product_tag":[],"class_list":{"0":"post-307716","1":"product","2":"type-product","3":"status-publish","4":"has-post-thumbnail","6":"pwb-brand-victorinox-pl","7":"product_cat-noze-pl","8":"product_cat-zamykanie-nozy","10":"first","11":"outofstock","12":"taxable","13":"shipping-taxable","14":"purchasable","15":"product-type-simple"},"brands":[{"id":3534,"name":"Victorinox","slug":"victorinox-pl"}],"_links":{"self":[{"href":"https:\/\/www.moskito.cz\/pl\/wp-json\/wp\/v2\/product\/307716","targetHints":{"allow":["GET"]}}],"collection":[{"href":"https:\/\/www.moskito.cz\/pl\/wp-json\/wp\/v2\/product"}],"about":[{"href":"https:\/\/www.moskito.cz\/pl\/wp-json\/wp\/v2\/types\/product"}],"replies":[{"embeddable":true,"href":"https:\/\/www.moskito.cz\/pl\/wp-json\/wp\/v2\/comments?post=307716"}],"wp:featuredmedia":[{"embeddable":true,"href":"https:\/\/www.moskito.cz\/pl\/wp-json\/wp\/v2\/media\/204727"}],"wp:attachment":[{"href":"https:\/\/www.moskito.cz\/pl\/wp-json\/wp\/v2\/media?parent=307716"}],"wp:term":[{"taxonomy":"pwb-brand","embeddable":true,"href":"https:\/\/www.moskito.cz\/pl\/wp-json\/wp\/v2\/pwb-brand?post=307716"},{"taxonomy":"product_brand","embeddable":true,"href":"https:\/\/www.moskito.cz\/pl\/wp-json\/wp\/v2\/product_brand?post=307716"},{"taxonomy":"product_cat","embeddable":true,"href":"https:\/\/www.moskito.cz\/pl\/wp-json\/wp\/v2\/product_cat?post=307716"},{"taxonomy":"product_tag","embeddable":true,"href":"https:\/\/www.moskito.cz\/pl\/wp-json\/wp\/v2\/product_tag?post=307716"}],"curies":[{"name":"wp","href":"https:\/\/api.w.org\/{rel}","templated":true}]}}