{"id":307718,"date":"2020-04-19T19:58:04","date_gmt":"2020-04-19T18:58:04","guid":{"rendered":"https:\/\/www.moskito.cz\/produkt\/noz-skladany-boker-plus-italy-pro-hunter\/"},"modified":"2026-01-14T12:11:47","modified_gmt":"2026-01-14T11:11:47","slug":"noz-skladany-boker-plus-italy-pro-hunter","status":"publish","type":"product","link":"https:\/\/www.moskito.cz\/pl\/produkt\/noz-skladany-boker-plus-italy-pro-hunter\/","title":{"rendered":"N\u00f3\u017c sk\u0142adany B\u00f6ker Plus Italy Pro-Hunter"},"content":{"rendered":"<p>N\u00f3\u017c sk\u0142adany <strong>B\u00f6ker<\/strong> Plus Italy Pro-Hunter.<\/p>\n<div id=\"full-product-description\" class=\"product-body__full-product-description\">\n<p>B\u00f6ker Plus zapewnia doskona\u0142e, innowacyjne koncepcje no\u017cy do ka\u017cdej misji. No\u017ce zosta\u0142y zaprojektowane wed\u0142ug niemieckiej in\u017cynierii we wsp\u00f3\u0142pracy ze \u015bwiatowej s\u0142awy ekspertami takimi jak Chad Los Banos, Jim Burke, Jim Wanger, Tod Begg, Jesper Voxnaes.<\/p>\n<p>D\u0142ugo\u015b\u0107 ca\u0142kowita: 22 cm D\u0142ugo\u015b\u0107 ostrza: 9,5 cm Grubo\u015b\u0107 ostrza: 5 mm Waga: 448 g Materia\u0142 ostrza: N690 Materia\u0142 r\u0119koje\u015bci: drewno Cocobolo<\/p>\n<\/div>\n<p>&nbsp;<\/p>\n","protected":false},"excerpt":{"rendered":"<p>N\u00f3\u017c zamykaj\u0105cy <strong>typu Boker<\/strong> .<\/p>\n","protected":false},"featured_media":190176,"comment_status":"open","ping_status":"closed","template":"","meta":[],"pwb-brand":[3423],"product_brand":[],"product_cat":[3307,3296],"product_tag":[3671],"class_list":{"0":"post-307718","1":"product","2":"type-product","3":"status-publish","4":"has-post-thumbnail","6":"pwb-brand-bokera","7":"product_cat-zamykanie-nozy","8":"product_cat-noze-pl","9":"product_tag-b2b-pl","11":"first","12":"outofstock","13":"taxable","14":"shipping-taxable","15":"purchasable","16":"product-type-simple"},"brands":[{"id":3423,"name":"Bokera","slug":"bokera"}],"_links":{"self":[{"href":"https:\/\/www.moskito.cz\/pl\/wp-json\/wp\/v2\/product\/307718","targetHints":{"allow":["GET"]}}],"collection":[{"href":"https:\/\/www.moskito.cz\/pl\/wp-json\/wp\/v2\/product"}],"about":[{"href":"https:\/\/www.moskito.cz\/pl\/wp-json\/wp\/v2\/types\/product"}],"replies":[{"embeddable":true,"href":"https:\/\/www.moskito.cz\/pl\/wp-json\/wp\/v2\/comments?post=307718"}],"wp:featuredmedia":[{"embeddable":true,"href":"https:\/\/www.moskito.cz\/pl\/wp-json\/wp\/v2\/media\/190176"}],"wp:attachment":[{"href":"https:\/\/www.moskito.cz\/pl\/wp-json\/wp\/v2\/media?parent=307718"}],"wp:term":[{"taxonomy":"pwb-brand","embeddable":true,"href":"https:\/\/www.moskito.cz\/pl\/wp-json\/wp\/v2\/pwb-brand?post=307718"},{"taxonomy":"product_brand","embeddable":true,"href":"https:\/\/www.moskito.cz\/pl\/wp-json\/wp\/v2\/product_brand?post=307718"},{"taxonomy":"product_cat","embeddable":true,"href":"https:\/\/www.moskito.cz\/pl\/wp-json\/wp\/v2\/product_cat?post=307718"},{"taxonomy":"product_tag","embeddable":true,"href":"https:\/\/www.moskito.cz\/pl\/wp-json\/wp\/v2\/product_tag?post=307718"}],"curies":[{"name":"wp","href":"https:\/\/api.w.org\/{rel}","templated":true}]}}