{"id":307719,"date":"2020-04-22T20:21:18","date_gmt":"2024-02-06T10:59:20","guid":{"rendered":"https:\/\/www.moskito.cz\/produkt\/noz-skladany-moj-pierwszy-victorinox-0-2363-t\/"},"modified":"2025-07-11T07:51:13","modified_gmt":"2025-07-11T06:51:13","slug":"noz-skladany-moj-pierwszy-victorinox-0-2363-t","status":"publish","type":"product","link":"https:\/\/www.moskito.cz\/pl\/produkt\/noz-skladany-moj-pierwszy-victorinox-0-2363-t\/","title":{"rendered":"N\u00f3\u017c sk\u0142adany M\u00f3j pierwszy Victorinox 0.2363.T"},"content":{"rendered":"<p>N\u00f3\u017c sk\u0142adany M\u00f3j pierwszy Victorinox 0.2363.T.<\/p>\n<p>M\u00f3j pierwszy Victorinox to n\u00f3\u017c przeznaczony przede wszystkim dla dzieci. N\u00f3\u017c posiada okr\u0105g\u0142\u0105 ko\u0144c\u00f3wk\u0119 ostrza. Rozmiar no\u017ca 84 mm.<\/p>\n<p>Wieszak na n\u00f3\u017c jest cz\u0119\u015bci\u0105 opakowania.<\/p>\n<p>du\u017cy n\u00f3\u017c &#8211; okr\u0105g\u0142y<br \/>\notwieracz do butelek<br \/>\notwieracz do puszek<br \/>\n\u015arubokr\u0119t<br \/>\n\u015bci\u0105gacz izolacji<br \/>\nBrelok ze stali nierdzewnej<br \/>\npinceta<br \/>\nwyka\u0142aczka<\/p>\n","protected":false},"excerpt":{"rendered":"<p>Zamykany n\u00f3\u017c.<\/p>\n","protected":false},"featured_media":167929,"comment_status":"open","ping_status":"closed","template":"","meta":[],"pwb-brand":[3534],"product_brand":[],"product_cat":[3307,3296],"product_tag":[],"class_list":{"0":"post-307719","1":"product","2":"type-product","3":"status-publish","4":"has-post-thumbnail","6":"pwb-brand-victorinox-pl","7":"product_cat-zamykanie-nozy","8":"product_cat-noze-pl","10":"first","11":"instock","12":"taxable","13":"shipping-taxable","14":"purchasable","15":"product-type-simple"},"brands":[{"id":3534,"name":"Victorinox","slug":"victorinox-pl"}],"_links":{"self":[{"href":"https:\/\/www.moskito.cz\/pl\/wp-json\/wp\/v2\/product\/307719","targetHints":{"allow":["GET"]}}],"collection":[{"href":"https:\/\/www.moskito.cz\/pl\/wp-json\/wp\/v2\/product"}],"about":[{"href":"https:\/\/www.moskito.cz\/pl\/wp-json\/wp\/v2\/types\/product"}],"replies":[{"embeddable":true,"href":"https:\/\/www.moskito.cz\/pl\/wp-json\/wp\/v2\/comments?post=307719"}],"wp:featuredmedia":[{"embeddable":true,"href":"https:\/\/www.moskito.cz\/pl\/wp-json\/wp\/v2\/media\/167929"}],"wp:attachment":[{"href":"https:\/\/www.moskito.cz\/pl\/wp-json\/wp\/v2\/media?parent=307719"}],"wp:term":[{"taxonomy":"pwb-brand","embeddable":true,"href":"https:\/\/www.moskito.cz\/pl\/wp-json\/wp\/v2\/pwb-brand?post=307719"},{"taxonomy":"product_brand","embeddable":true,"href":"https:\/\/www.moskito.cz\/pl\/wp-json\/wp\/v2\/product_brand?post=307719"},{"taxonomy":"product_cat","embeddable":true,"href":"https:\/\/www.moskito.cz\/pl\/wp-json\/wp\/v2\/product_cat?post=307719"},{"taxonomy":"product_tag","embeddable":true,"href":"https:\/\/www.moskito.cz\/pl\/wp-json\/wp\/v2\/product_tag?post=307719"}],"curies":[{"name":"wp","href":"https:\/\/api.w.org\/{rel}","templated":true}]}}