{"id":307766,"date":"2020-05-06T12:16:04","date_gmt":"2024-02-06T10:59:49","guid":{"rendered":"https:\/\/www.moskito.cz\/produkt\/noz-skladany-joker-torcaz-no08\/"},"modified":"2025-07-11T07:51:22","modified_gmt":"2025-07-11T06:51:22","slug":"noz-skladany-joker-torcaz-no08","status":"publish","type":"product","link":"https:\/\/www.moskito.cz\/pl\/produkt\/noz-skladany-joker-torcaz-no08\/","title":{"rendered":"N\u00f3\u017c sk\u0142adany Joker Torcaz NO08"},"content":{"rendered":"<p>N\u00f3\u017c zamykaj\u0105cy <strong>Joker T<\/strong> orcaz NO08.<\/p>\n<p>No\u017ce Joker pochodz\u0105 z hiszpa\u0144skiego miasta Albacete, kt\u00f3re s\u0142ynie z tradycyjnego wyrobu no\u017cy.<\/p>\n<p>Elegancki n\u00f3\u017c sk\u0142adany Joker Torcaz z r\u0119koje\u015bciami z drewna oliwnego<\/p>\n<p>&#8211; stal: 1.4116 &#8211; stal nierdzewna martenzytyczna<br \/>\n&#8211; d\u0142ugo\u015b\u0107 ostrza 9 cm<br \/>\n&#8211; zabezpieczenie ostrza: back lock<br \/>\n&#8211; waga: 115g<br \/>\n&#8211; r\u0119koje\u015b\u0107: drewno oliwne<\/p>\n","protected":false},"excerpt":{"rendered":"<p>No\u017ce <strong>Joker<\/strong> pochodz\u0105 z hiszpa\u0144skiego miasta Albacete, kt\u00f3re s\u0142ynie z tradycyjnej produkcji no\u017cy i sztylet\u00f3w.<br \/>\n<strong>Zaprojektowane i wykonane w Hiszpanii (Albacete)<\/strong><\/p>\n","protected":false},"featured_media":192450,"comment_status":"open","ping_status":"closed","template":"","meta":[],"pwb-brand":[3393],"product_brand":[],"product_cat":[3296,3307],"product_tag":[],"class_list":{"0":"post-307766","1":"product","2":"type-product","3":"status-publish","4":"has-post-thumbnail","6":"pwb-brand-zartownis","7":"product_cat-noze-pl","8":"product_cat-zamykanie-nozy","10":"first","11":"instock","12":"taxable","13":"shipping-taxable","14":"purchasable","15":"product-type-simple"},"brands":[{"id":3393,"name":"\u017bartowni\u015b","slug":"zartownis"}],"_links":{"self":[{"href":"https:\/\/www.moskito.cz\/pl\/wp-json\/wp\/v2\/product\/307766","targetHints":{"allow":["GET"]}}],"collection":[{"href":"https:\/\/www.moskito.cz\/pl\/wp-json\/wp\/v2\/product"}],"about":[{"href":"https:\/\/www.moskito.cz\/pl\/wp-json\/wp\/v2\/types\/product"}],"replies":[{"embeddable":true,"href":"https:\/\/www.moskito.cz\/pl\/wp-json\/wp\/v2\/comments?post=307766"}],"wp:featuredmedia":[{"embeddable":true,"href":"https:\/\/www.moskito.cz\/pl\/wp-json\/wp\/v2\/media\/192450"}],"wp:attachment":[{"href":"https:\/\/www.moskito.cz\/pl\/wp-json\/wp\/v2\/media?parent=307766"}],"wp:term":[{"taxonomy":"pwb-brand","embeddable":true,"href":"https:\/\/www.moskito.cz\/pl\/wp-json\/wp\/v2\/pwb-brand?post=307766"},{"taxonomy":"product_brand","embeddable":true,"href":"https:\/\/www.moskito.cz\/pl\/wp-json\/wp\/v2\/product_brand?post=307766"},{"taxonomy":"product_cat","embeddable":true,"href":"https:\/\/www.moskito.cz\/pl\/wp-json\/wp\/v2\/product_cat?post=307766"},{"taxonomy":"product_tag","embeddable":true,"href":"https:\/\/www.moskito.cz\/pl\/wp-json\/wp\/v2\/product_tag?post=307766"}],"curies":[{"name":"wp","href":"https:\/\/api.w.org\/{rel}","templated":true}]}}