{"id":307768,"date":"2020-04-30T16:25:12","date_gmt":"2024-02-06T10:59:50","guid":{"rendered":"https:\/\/www.moskito.cz\/produkt\/solidny-noz-cold-steel-urban-pal-cs43ls\/"},"modified":"2025-07-11T07:51:17","modified_gmt":"2025-07-11T06:51:17","slug":"solidny-noz-cold-steel-urban-pal-cs43ls","status":"publish","type":"product","link":"https:\/\/www.moskito.cz\/pl\/produkt\/solidny-noz-cold-steel-urban-pal-cs43ls\/","title":{"rendered":"Solidny n\u00f3\u017c Cold Steel Urban Pal CS43LS"},"content":{"rendered":"<p>Solidny n\u00f3\u017c Cold Steel Urban Pal CS43LS.<\/p>\n<p>Ameryka\u0144ska firma Cold Steel wywodzi si\u0119 z Ventury w Kalifornii. Marka powsta\u0142a w 1980 roku z naciskiem na produkcj\u0119 najmocniejszych i najostrzejszych no\u017cy na \u015bwiecie. W ci\u0105gu ostatnich trzydziestu lat firma Cold Steel sta\u0142a na czele wielu innowacji, kt\u00f3re pomog\u0142y zdefiniowa\u0107 n\u00f3\u017c komercyjny jako ca\u0142o\u015b\u0107. Producent utrzymuje wysok\u0105 jako\u015b\u0107 wykonania i nieustannie pracuje, aby spe\u0142ni\u0107 sw\u00f3j cel, jakim jest oferowanie najmocniejszych i najostrzejszych no\u017cy na \u015bwiecie. Bogata oferta no\u017cy taktycznych czy my\u015bliwskich zapewnia szerokie grono u\u017cytkownik\u00f3w i wiernych fan\u00f3w.<\/p>\n<p>Grubo\u015b\u0107 ostrza: 2mm<br \/>\n D\u0142ugo\u015b\u0107 ostrza: 4 cm<br \/>\n Uchwyt: Kraton<br \/>\n Stal: AUS 8A<br \/>\n D\u0142ugo\u015b\u0107 ca\u0142kowita: 8cm<br \/>\n Os\u0142ona: Os\u0142ona Securex<br \/>\n Wyprodukowano w Japonii<\/p>\n<p>Urban Pal powinien by\u0107 standardowym wyposa\u017ceniem niezb\u0119dnym do przetrwania w dzisiejszej miejskiej d\u017cungli! Wa\u017cy mniej ni\u017c p\u00f3\u0142 uncji, wi\u0119c doskonale sprawdzi si\u0119 w kieszeni lub torebce, mo\u017cna go te\u017c \u0142atwo przymocowa\u0107 do kluczy lub zawiesi\u0107 na szyi.<br \/>\n Waga: 0,7 uncji Grubo\u015b\u0107 ostrza: 2 mm D\u0142ugo\u015b\u0107 ostrza: 1-1\/2&#8243; Stal ostrza: japo\u0144ska stal nierdzewna AUS8A D\u0142ugo\u015b\u0107\/materia\u0142 r\u0119koje\u015bci: 1-5\/8&#8243; Kray-Ex\u2122 D\u0142ugo\u015b\u0107 ca\u0142kowita: 3-1\/8&#8243; Dodatkowe funkcje: pochwa Secure-Ex\u00ae Typ no\u017ca: sta\u0142y Zakres d\u0142ugo\u015bci ostrza: 3-5 cali Rodzina stali: AUS Kszta\u0142t ostrza: Drop Point<\/p>\n<p>&nbsp;<\/p>\n","protected":false},"excerpt":{"rendered":"<div class=\"vc-commoditydetail_annotation\">\n<div class=\"annotation wysiwyg\">Urban Pal firmy COLD STEEL to ma\u0142y sztylet pchaj\u0105cy z z\u0105bkowanym ostrzem. N\u00f3\u017c odpowiedni do EDC i codziennego survivalu w miejskiej d\u017cungli. Mo\u017cna go przyczepi\u0107 do breloczka do kluczy, sprz\u0119tu lub zamka kurtki.<\/div>\n<\/div>\n<div class=\"vc-commoditydetail_info\">\n<div class=\"items loaded\" data-module=\"vm\/CommodityDetail_Info\">\n<dl class=\"Person\">\n<dt>Producent<\/dt>\n<\/dl>\n<\/div>\n<\/div>\n","protected":false},"featured_media":168031,"comment_status":"open","ping_status":"closed","template":"","meta":[],"pwb-brand":[3596],"product_brand":[],"product_cat":[3296,3297],"product_tag":[3671],"class_list":{"0":"post-307768","1":"product","2":"type-product","3":"status-publish","4":"has-post-thumbnail","6":"pwb-brand-zimna-stal","7":"product_cat-noze-pl","8":"product_cat-solidne-noze","9":"product_tag-b2b-pl","11":"first","12":"outofstock","13":"taxable","14":"shipping-taxable","15":"purchasable","16":"product-type-simple"},"brands":[{"id":3596,"name":"Zimna stal","slug":"zimna-stal"}],"_links":{"self":[{"href":"https:\/\/www.moskito.cz\/pl\/wp-json\/wp\/v2\/product\/307768","targetHints":{"allow":["GET"]}}],"collection":[{"href":"https:\/\/www.moskito.cz\/pl\/wp-json\/wp\/v2\/product"}],"about":[{"href":"https:\/\/www.moskito.cz\/pl\/wp-json\/wp\/v2\/types\/product"}],"replies":[{"embeddable":true,"href":"https:\/\/www.moskito.cz\/pl\/wp-json\/wp\/v2\/comments?post=307768"}],"wp:featuredmedia":[{"embeddable":true,"href":"https:\/\/www.moskito.cz\/pl\/wp-json\/wp\/v2\/media\/168031"}],"wp:attachment":[{"href":"https:\/\/www.moskito.cz\/pl\/wp-json\/wp\/v2\/media?parent=307768"}],"wp:term":[{"taxonomy":"pwb-brand","embeddable":true,"href":"https:\/\/www.moskito.cz\/pl\/wp-json\/wp\/v2\/pwb-brand?post=307768"},{"taxonomy":"product_brand","embeddable":true,"href":"https:\/\/www.moskito.cz\/pl\/wp-json\/wp\/v2\/product_brand?post=307768"},{"taxonomy":"product_cat","embeddable":true,"href":"https:\/\/www.moskito.cz\/pl\/wp-json\/wp\/v2\/product_cat?post=307768"},{"taxonomy":"product_tag","embeddable":true,"href":"https:\/\/www.moskito.cz\/pl\/wp-json\/wp\/v2\/product_tag?post=307768"}],"curies":[{"name":"wp","href":"https:\/\/api.w.org\/{rel}","templated":true}]}}