{"id":307773,"date":"2020-04-30T21:16:58","date_gmt":"2024-02-06T10:59:50","guid":{"rendered":"https:\/\/www.moskito.cz\/produkt\/noz-skladany-spyderco-titanium-chaparral\/"},"modified":"2025-07-11T07:51:19","modified_gmt":"2025-07-11T06:51:19","slug":"noz-skladany-spyderco-titanium-chaparral","status":"publish","type":"product","link":"https:\/\/www.moskito.cz\/pl\/produkt\/noz-skladany-spyderco-titanium-chaparral\/","title":{"rendered":"N\u00f3\u017c sk\u0142adany Spyderco Titanium Chaparral"},"content":{"rendered":"<p>N\u00f3\u017c sk\u0142adany Spyderco Titanium Chaparral.<\/p>\n<p>Spyderco to firma z siedzib\u0105 w Kolorado w USA. Te znane na ca\u0142ym \u015bwiecie no\u017ce z symbolem paj\u0105ka zosta\u0142y zaprojektowane z my\u015bl\u0105 o maksymalnej funkcjonalno\u015bci i komforcie u\u017cytkowania. Spyderco wprowadzi\u0142o szereg innowacji w produkcji no\u017cy, kt\u00f3re zosta\u0142y nast\u0119pnie przyj\u0119te przez wiele innych producent\u00f3w no\u017cy. Jest to np. otw\u00f3r w ostrzu umo\u017cliwiaj\u0105cy otwarcie no\u017ca jedn\u0105 r\u0119k\u0105, klips kieszonkowy umo\u017cliwiaj\u0105cy trzymanie no\u017ca czy cz\u0119\u015bciowo z\u0105bkowane ostrze.<\/p>\n<p>Seria Spyderco Chaparral to niezwykle dopracowany design z najnowocze\u015bniejsz\u0105 technologi\u0105<br \/>\n materia\u0142y i modyfikacje uchwyt\u00f3w. Najnowszym dodatkiem do tej linii jest masywna tytanowa<br \/>\n Precyzyjna wk\u0142adka obrabiana CNC ze z\u0142o\u017conym, tr\u00f3jwymiarowym wzorem \u201eschodkowym\u201d.<br \/>\n Ten znakomicie wykonany n\u00f3\u017c posiada w pe\u0142ni szlifowane ostrze ze stali nierdzewnej<br \/>\n CTS\u2122 XHP z mechanizmem blokady tylnej i odwracaln\u0105 klamr\u0105 drucian\u0105,<br \/>\n kt\u00f3ry umo\u017cliwia noszenie but\u00f3w praw\u0105 lub lew\u0105 r\u0119k\u0105.<br \/>\n Specyfikacje<\/p>\n<p>Zamkni\u0119ty: 91 mm<br \/>\n Og\u00f3\u0142em: 161mm<br \/>\n Ostrze: 2,75&#8243; (70mm)<br \/>\n Kraw\u0119d\u017a: 2,30&#8243; (58mm)<br \/>\n Grubo\u015b\u0107 ostrza: 0,077&#8243; (1,9 mm)<br \/>\n Stal ostrza: CTS-XHP<br \/>\n Szlif: ca\u0142kowicie p\u0142aski<br \/>\n Materia\u0142 uchwytu: Tytan<\/p>\n","protected":false},"excerpt":{"rendered":"<p>Zamykany n\u00f3\u017c.<\/p>\n","protected":false},"featured_media":190085,"comment_status":"open","ping_status":"closed","template":"","meta":[],"pwb-brand":[3432],"product_brand":[],"product_cat":[3296,3307],"product_tag":[3671],"class_list":{"0":"post-307773","1":"product","2":"type-product","3":"status-publish","4":"has-post-thumbnail","6":"pwb-brand-spyderco-pl","7":"product_cat-noze-pl","8":"product_cat-zamykanie-nozy","9":"product_tag-b2b-pl","11":"first","12":"outofstock","13":"taxable","14":"shipping-taxable","15":"purchasable","16":"product-type-simple"},"brands":[{"id":3432,"name":"Spyderco","slug":"spyderco-pl"}],"_links":{"self":[{"href":"https:\/\/www.moskito.cz\/pl\/wp-json\/wp\/v2\/product\/307773","targetHints":{"allow":["GET"]}}],"collection":[{"href":"https:\/\/www.moskito.cz\/pl\/wp-json\/wp\/v2\/product"}],"about":[{"href":"https:\/\/www.moskito.cz\/pl\/wp-json\/wp\/v2\/types\/product"}],"replies":[{"embeddable":true,"href":"https:\/\/www.moskito.cz\/pl\/wp-json\/wp\/v2\/comments?post=307773"}],"wp:featuredmedia":[{"embeddable":true,"href":"https:\/\/www.moskito.cz\/pl\/wp-json\/wp\/v2\/media\/190085"}],"wp:attachment":[{"href":"https:\/\/www.moskito.cz\/pl\/wp-json\/wp\/v2\/media?parent=307773"}],"wp:term":[{"taxonomy":"pwb-brand","embeddable":true,"href":"https:\/\/www.moskito.cz\/pl\/wp-json\/wp\/v2\/pwb-brand?post=307773"},{"taxonomy":"product_brand","embeddable":true,"href":"https:\/\/www.moskito.cz\/pl\/wp-json\/wp\/v2\/product_brand?post=307773"},{"taxonomy":"product_cat","embeddable":true,"href":"https:\/\/www.moskito.cz\/pl\/wp-json\/wp\/v2\/product_cat?post=307773"},{"taxonomy":"product_tag","embeddable":true,"href":"https:\/\/www.moskito.cz\/pl\/wp-json\/wp\/v2\/product_tag?post=307773"}],"curies":[{"name":"wp","href":"https:\/\/api.w.org\/{rel}","templated":true}]}}