{"id":307785,"date":"2020-05-23T17:44:56","date_gmt":"2024-02-06T11:00:03","guid":{"rendered":"https:\/\/www.moskito.cz\/produkt\/noz-skladany-tac-force-speedster\/"},"modified":"2025-07-11T07:51:25","modified_gmt":"2025-07-11T06:51:25","slug":"noz-skladany-tac-force-speedster","status":"publish","type":"product","link":"https:\/\/www.moskito.cz\/pl\/produkt\/noz-skladany-tac-force-speedster\/","title":{"rendered":"N\u00f3\u017c sk\u0142adany Tac Force Speedster"},"content":{"rendered":"<p>N\u00f3\u017c sk\u0142adany Tac Force Speedster.<\/p>\n<p>Ten niesamowicie warto\u015bciowy n\u00f3\u017c firmy Tac-Force ma atrakcyjny wygl\u0105d, kt\u00f3ry jest rzadko\u015bci\u0105 w tym przedziale cenowym.<\/p>\n<p>Czarne Pakkawood nadaje no\u017cowi skr\u0119tu. Ostrze ze stali nierdzewnej ma szare wyko\u0144czenie i ma kszta\u0142t bagnetu. N\u00f3\u017c posiada wspomagane otwieranie oraz klips. Ca\u0142kowita d\u0142ugo\u015b\u0107 no\u017ca wynosi 22 cm. D\u0142ugo\u015b\u0107 ostrza wynosi 10 cm.<\/p>\n<p>&nbsp;<\/p>\n<div id=\"tw-target-text-container\" class=\"tw-ta-container hide-focus-ring tw-nfl\" tabindex=\"0\">\n<pre id=\"tw-target-text\" class=\"tw-data-text tw-text-large XcVN5d tw-ta\" dir=\"ltr\" data-placeholder=\"P\u0159eklad\"><span lang=\"cs\">i<\/span><\/pre>\n<\/div>\n<div id=\"tw-target-rmn-container\" class=\"tw-ta-container hide-focus-ring tw-nfl\">\n<pre id=\"tw-target-rmn\" class=\"tw-data-placeholder tw-text-small tw-ta\" dir=\"ltr\" data-placeholder=\"\"><\/pre>\n<\/div>\n","protected":false},"excerpt":{"rendered":"<p>P\u00f3\u0142automatyczny.<\/p>\n","protected":false},"featured_media":168384,"comment_status":"open","ping_status":"closed","template":"","meta":[],"pwb-brand":[3609],"product_brand":[],"product_cat":[3296,3307],"product_tag":[],"class_list":{"0":"post-307785","1":"product","2":"type-product","3":"status-publish","4":"has-post-thumbnail","6":"pwb-brand-sila-taktyczna","7":"product_cat-noze-pl","8":"product_cat-zamykanie-nozy","10":"first","11":"outofstock","12":"taxable","13":"shipping-taxable","14":"purchasable","15":"product-type-simple"},"brands":[{"id":3609,"name":"Si\u0142a Taktyczna","slug":"sila-taktyczna"}],"_links":{"self":[{"href":"https:\/\/www.moskito.cz\/pl\/wp-json\/wp\/v2\/product\/307785","targetHints":{"allow":["GET"]}}],"collection":[{"href":"https:\/\/www.moskito.cz\/pl\/wp-json\/wp\/v2\/product"}],"about":[{"href":"https:\/\/www.moskito.cz\/pl\/wp-json\/wp\/v2\/types\/product"}],"replies":[{"embeddable":true,"href":"https:\/\/www.moskito.cz\/pl\/wp-json\/wp\/v2\/comments?post=307785"}],"wp:featuredmedia":[{"embeddable":true,"href":"https:\/\/www.moskito.cz\/pl\/wp-json\/wp\/v2\/media\/168384"}],"wp:attachment":[{"href":"https:\/\/www.moskito.cz\/pl\/wp-json\/wp\/v2\/media?parent=307785"}],"wp:term":[{"taxonomy":"pwb-brand","embeddable":true,"href":"https:\/\/www.moskito.cz\/pl\/wp-json\/wp\/v2\/pwb-brand?post=307785"},{"taxonomy":"product_brand","embeddable":true,"href":"https:\/\/www.moskito.cz\/pl\/wp-json\/wp\/v2\/product_brand?post=307785"},{"taxonomy":"product_cat","embeddable":true,"href":"https:\/\/www.moskito.cz\/pl\/wp-json\/wp\/v2\/product_cat?post=307785"},{"taxonomy":"product_tag","embeddable":true,"href":"https:\/\/www.moskito.cz\/pl\/wp-json\/wp\/v2\/product_tag?post=307785"}],"curies":[{"name":"wp","href":"https:\/\/api.w.org\/{rel}","templated":true}]}}