{"id":307796,"date":"2020-05-23T16:49:08","date_gmt":"2020-05-23T15:49:08","guid":{"rendered":"https:\/\/www.moskito.cz\/produkt\/naprawiono-noz-mtech-mt-20-26b\/"},"modified":"2026-03-30T09:58:13","modified_gmt":"2026-03-30T08:58:13","slug":"naprawiono-noz-mtech-mt-20-26b","status":"publish","type":"product","link":"https:\/\/www.moskito.cz\/pl\/produkt\/naprawiono-noz-mtech-mt-20-26b\/","title":{"rendered":"Naprawiono n\u00f3\u017c Mtech MT-20-26B"},"content":{"rendered":"<p>Naprawiono n\u00f3\u017c Mtech MT-20-26B.<\/p>\n<p>Solidny n\u00f3\u017c firmy Mtech. N\u00f3\u017c posiada czarne wyko\u0144czenie. Docelowa d\u0142ugo\u015b\u0107 no\u017ca to 19 cm.<\/p>\n<p>D\u0142ugo\u015b\u0107 ostrza wynosi 7,5 cm. R\u0119koje\u015b\u0107 jest czarna G-10. W zestawie nylonowe etui.<\/p>\n<p>&nbsp;<\/p>\n<p>&nbsp;<\/p>\n","protected":false},"excerpt":{"rendered":"<p>N\u00f3\u017c z pochw\u0105.<\/p>\n","protected":false},"featured_media":168378,"comment_status":"open","ping_status":"closed","template":"","meta":[],"pwb-brand":[3530],"product_brand":[],"product_cat":[3297,3296],"product_tag":[],"class_list":{"0":"post-307796","1":"product","2":"type-product","3":"status-publish","4":"has-post-thumbnail","6":"pwb-brand-mtech-pl","7":"product_cat-solidne-noze","8":"product_cat-noze-pl","10":"first","11":"instock","12":"taxable","13":"shipping-taxable","14":"purchasable","15":"product-type-simple"},"brands":[{"id":3530,"name":"MTech","slug":"mtech-pl"}],"_links":{"self":[{"href":"https:\/\/www.moskito.cz\/pl\/wp-json\/wp\/v2\/product\/307796","targetHints":{"allow":["GET"]}}],"collection":[{"href":"https:\/\/www.moskito.cz\/pl\/wp-json\/wp\/v2\/product"}],"about":[{"href":"https:\/\/www.moskito.cz\/pl\/wp-json\/wp\/v2\/types\/product"}],"replies":[{"embeddable":true,"href":"https:\/\/www.moskito.cz\/pl\/wp-json\/wp\/v2\/comments?post=307796"}],"wp:featuredmedia":[{"embeddable":true,"href":"https:\/\/www.moskito.cz\/pl\/wp-json\/wp\/v2\/media\/168378"}],"wp:attachment":[{"href":"https:\/\/www.moskito.cz\/pl\/wp-json\/wp\/v2\/media?parent=307796"}],"wp:term":[{"taxonomy":"pwb-brand","embeddable":true,"href":"https:\/\/www.moskito.cz\/pl\/wp-json\/wp\/v2\/pwb-brand?post=307796"},{"taxonomy":"product_brand","embeddable":true,"href":"https:\/\/www.moskito.cz\/pl\/wp-json\/wp\/v2\/product_brand?post=307796"},{"taxonomy":"product_cat","embeddable":true,"href":"https:\/\/www.moskito.cz\/pl\/wp-json\/wp\/v2\/product_cat?post=307796"},{"taxonomy":"product_tag","embeddable":true,"href":"https:\/\/www.moskito.cz\/pl\/wp-json\/wp\/v2\/product_tag?post=307796"}],"curies":[{"name":"wp","href":"https:\/\/api.w.org\/{rel}","templated":true}]}}