{"id":307805,"date":"2020-05-23T16:03:30","date_gmt":"2024-02-06T11:00:20","guid":{"rendered":"https:\/\/www.moskito.cz\/produkt\/skladany-noz-celtycki-tac-force\/"},"modified":"2025-07-11T07:51:24","modified_gmt":"2025-07-11T06:51:24","slug":"skladany-noz-celtycki-tac-force","status":"publish","type":"product","link":"https:\/\/www.moskito.cz\/pl\/produkt\/skladany-noz-celtycki-tac-force\/","title":{"rendered":"Sk\u0142adany n\u00f3\u017c celtycki Tac Force"},"content":{"rendered":"<div>\n<div>Sk\u0142adany n\u00f3\u017c celtycki Tac Force.<\/div>\n<div>N\u00f3\u017c sk\u0142adany w kszta\u0142cie historycznego krzy\u017ca celtyckiego.N\u00f3\u017c posiada obr\u00f3bk\u0119 powierzchniow\u0105 i wykonany jest ze stali nierdzewnej.<\/div>\n<div>D\u0142ugo\u015b\u0107 ostrza wynosi 9 cm.N\u00f3\u017c posiada klips umo\u017cliwiaj\u0105cy wygodne przenoszenie.<\/div>\n<\/div>\n<div>\n<div id=\"tw-target\">\n<div id=\"kAz1tf\">\n<div id=\"tw-target-text-container\" tabindex=\"0\">\n<pre id=\"tw-target-text\" dir=\"ltr\" data-placeholder=\"P\u0159eklad\"><span lang=\"cs\"> <\/span><\/pre>\n<\/div>\n<\/div>\n<\/div>\n<\/div>\n","protected":false},"excerpt":{"rendered":"<p>N\u00f3\u017c bezpieczny.<\/p>\n","protected":false},"featured_media":168372,"comment_status":"open","ping_status":"closed","template":"","meta":[],"pwb-brand":[3609],"product_brand":[],"product_cat":[3296,3307],"product_tag":[],"class_list":{"0":"post-307805","1":"product","2":"type-product","3":"status-publish","4":"has-post-thumbnail","6":"pwb-brand-sila-taktyczna","7":"product_cat-noze-pl","8":"product_cat-zamykanie-nozy","10":"first","11":"outofstock","12":"taxable","13":"shipping-taxable","14":"purchasable","15":"product-type-simple"},"brands":[{"id":3609,"name":"Si\u0142a Taktyczna","slug":"sila-taktyczna"}],"_links":{"self":[{"href":"https:\/\/www.moskito.cz\/pl\/wp-json\/wp\/v2\/product\/307805","targetHints":{"allow":["GET"]}}],"collection":[{"href":"https:\/\/www.moskito.cz\/pl\/wp-json\/wp\/v2\/product"}],"about":[{"href":"https:\/\/www.moskito.cz\/pl\/wp-json\/wp\/v2\/types\/product"}],"replies":[{"embeddable":true,"href":"https:\/\/www.moskito.cz\/pl\/wp-json\/wp\/v2\/comments?post=307805"}],"wp:featuredmedia":[{"embeddable":true,"href":"https:\/\/www.moskito.cz\/pl\/wp-json\/wp\/v2\/media\/168372"}],"wp:attachment":[{"href":"https:\/\/www.moskito.cz\/pl\/wp-json\/wp\/v2\/media?parent=307805"}],"wp:term":[{"taxonomy":"pwb-brand","embeddable":true,"href":"https:\/\/www.moskito.cz\/pl\/wp-json\/wp\/v2\/pwb-brand?post=307805"},{"taxonomy":"product_brand","embeddable":true,"href":"https:\/\/www.moskito.cz\/pl\/wp-json\/wp\/v2\/product_brand?post=307805"},{"taxonomy":"product_cat","embeddable":true,"href":"https:\/\/www.moskito.cz\/pl\/wp-json\/wp\/v2\/product_cat?post=307805"},{"taxonomy":"product_tag","embeddable":true,"href":"https:\/\/www.moskito.cz\/pl\/wp-json\/wp\/v2\/product_tag?post=307805"}],"curies":[{"name":"wp","href":"https:\/\/api.w.org\/{rel}","templated":true}]}}