{"id":307814,"date":"2020-06-02T09:49:38","date_gmt":"2020-06-02T08:49:38","guid":{"rendered":"https:\/\/www.moskito.cz\/produkt\/kusza-barnett-wildcat-c6-zestaw-4x32\/"},"modified":"2026-03-30T09:59:09","modified_gmt":"2026-03-30T08:59:09","slug":"kusza-barnett-wildcat-c6-zestaw-4x32","status":"publish","type":"product","link":"https:\/\/www.moskito.cz\/pl\/produkt\/kusza-barnett-wildcat-c6-zestaw-4x32\/","title":{"rendered":"Kusza BARNETT WILDCAT C6 zestaw 4&#215;32"},"content":{"rendered":"<p>Kusza BARNETT WILDCAT C6 zestaw 4&#215;32.<\/p>\n<p>Kusza, czyli kusza, jest pierwotnie broni\u0105 historyczn\u0105 u\u017cywan\u0105 g\u0142\u00f3wnie w \u015bredniowieczu, zar\u00f3wno do polowa\u0144, jak i do walki. Wyr\u00f3\u017cnia\u0142a si\u0119 pot\u0119\u017cnym uderzeniem i du\u017cym zasi\u0119giem. Obecnie ustawodawstwo zabrania polowania z u\u017cyciem tej broni w wi\u0119kszo\u015bci kraj\u00f3w europejskich. Dzi\u015b kusza jest u\u017cywana g\u0142\u00f3wnie do cel\u00f3w sportowych i rekreacyjnych. Nowoczesne kusze, z wyj\u0105tkiem dzieci\u0119cych strza\u0142 z przyssawkami, nadal pozostaj\u0105 broni\u0105 i dlatego s\u0105 klasyfikowane w ustawie o broni i amunicji. Ich sprzeda\u017c jest bezp\u0142atna od 18 roku \u017cycia.<\/p>\n<p>Je\u015bli w\u0142a\u015bciciel b\u0119dzie przestrzega\u0142 kilku zasad, kusza przez lata b\u0119dzie s\u0142u\u017cy\u0107 jako \u017ar\u00f3d\u0142o rozrywki na \u015bwie\u017cym powietrzu:<\/p>\n<ol>\n<li>Traktuj kusz\u0119 jak bro\u0144 &#8211; nie zostawiaj jej na\u0142adowanej, nie celuj w ludzi i zwierz\u0119ta, nawet gdy jest ona roz\u0142adowana dla zabawy, a podczas strzelania dbaj o to, aby w polu strzelania nie porusza\u0142y si\u0119 \u017cadne osoby (biegn\u0105ce dzieci, psy itp.) .<\/li>\n<li>Strza\u0142a z kuszy ma du\u017cy zasi\u0119g, do 1,5 km po wystrzeleniu w powietrze. Zawsze strzelaj w bezpiecznym miejscu (przeciwsk\u0142on, siatka itp.) i wydziel wystarczaj\u0105co d\u0142ugi, czysty i bezpieczny obszar do strzelania.<\/li>\n<li><strong>NIGDY nie strzelaj z kuszy PUSTEJ, tzn. bez strza\u0142y.<\/strong>  Brakuj\u0105cy op\u00f3r strza\u0142y prowadzi do zniszczenia ci\u0119ciwy lub \u0142uku.<\/li>\n<li>U\u017cywaj strza\u0142 o odpowiedniej d\u0142ugo\u015bci i wadze. L\u017cejsze strza\u0142y powoduj\u0105 wi\u0119ksze zu\u017cycie i mog\u0105 nawet zniszczy\u0107 kusz\u0119.<\/li>\n<li>Regularnie smaruj ci\u0119ciw\u0119 kuszy smarem do strun, aby przed\u0142u\u017cy\u0107 jej \u017cywotno\u015b\u0107.<\/li>\n<li>U\u017cyj odpowiedniego l\u0105dowiska dla strza\u0142. W przypadku uderzenia strza\u0142a musi by\u0107 wyhamowana stopniowo, a nie ca\u0142a na raz, natomiast podczas l\u0105dowania musi zosta\u0107 ca\u0142kowicie zatrzymana. Odpowiednim miejscem l\u0105dowania, opr\u00f3cz powszechnie sprzedawanych, s\u0105 bele s\u0142omy, hobar rozci\u0105gni\u0119ty za pomoc\u0105 drewnianej ramy lub wystarczaj\u0105ca warstwa starych szmat upchanych w jutowym worku itp.<\/li>\n<\/ol>\n<p>Kusza Barnett Wildcat C6 to kusza z ko\u0142em pasowym \u015bredniej klasy, o naci\u0105gu 140 funt\u00f3w (63 kg) i ramionach o d\u0142ugo\u015bci 26,25 cala (rozstaw osi ko\u0142a pasowego 67 cm).<\/p>\n<p>Serce wykonano ze stopu magnezu, kolb\u0119 wykonano z lekkiego kompozytu i wyposa\u017cono w listw\u0119 zabezpieczaj\u0105c\u0105. Podstawowe wyposa\u017cenie kuszy jest wielowi\u0105zkowe<\/p>\n<p>Luneta 4&#215;32, nawijacz kr\u0105\u017cka, 3 uchwyty na strza\u0142y i 3 sztuki strza\u0142 20\u201d.<\/p>\n<p>Sprzedam od 18 lat.<\/p>\n<p>&nbsp;<\/p>\n","protected":false},"excerpt":{"rendered":"<p>Jedn\u0105 z najstarszych pot\u0119\u017cnych broni mechanicznych jest kusza. Dzi\u0119ki post\u0119powi technologicznemu nie mamy ju\u017c tylko tradycyjnych kusz refleksyjnych, ale tak\u017ce kusze wielokr\u0105\u017ckowe, kt\u00f3re dzi\u0119ki swoim bloczkom s\u0105 bardziej kompaktowe i osi\u0105gaj\u0105 wy\u017csz\u0105 wydajno\u015b\u0107 przy mniejszej mocy. Do zabawnego strzelectwa sportowego mamy kusze pistoletowe. Kusze sportowe i my\u015bliwskie.<\/p>\n","protected":false},"featured_media":168501,"comment_status":"open","ping_status":"closed","template":"","meta":[],"pwb-brand":[3625],"product_brand":[],"product_cat":[3622,3620],"product_tag":[],"class_list":{"0":"post-307814","1":"product","2":"type-product","3":"status-publish","4":"has-post-thumbnail","6":"pwb-brand-barnetta","7":"product_cat-kolo-kuszy","8":"product_cat-kusza","10":"first","11":"instock","12":"taxable","13":"shipping-taxable","14":"purchasable","15":"product-type-simple"},"brands":[{"id":3625,"name":"Barnetta","slug":"barnetta"}],"_links":{"self":[{"href":"https:\/\/www.moskito.cz\/pl\/wp-json\/wp\/v2\/product\/307814","targetHints":{"allow":["GET"]}}],"collection":[{"href":"https:\/\/www.moskito.cz\/pl\/wp-json\/wp\/v2\/product"}],"about":[{"href":"https:\/\/www.moskito.cz\/pl\/wp-json\/wp\/v2\/types\/product"}],"replies":[{"embeddable":true,"href":"https:\/\/www.moskito.cz\/pl\/wp-json\/wp\/v2\/comments?post=307814"}],"wp:featuredmedia":[{"embeddable":true,"href":"https:\/\/www.moskito.cz\/pl\/wp-json\/wp\/v2\/media\/168501"}],"wp:attachment":[{"href":"https:\/\/www.moskito.cz\/pl\/wp-json\/wp\/v2\/media?parent=307814"}],"wp:term":[{"taxonomy":"pwb-brand","embeddable":true,"href":"https:\/\/www.moskito.cz\/pl\/wp-json\/wp\/v2\/pwb-brand?post=307814"},{"taxonomy":"product_brand","embeddable":true,"href":"https:\/\/www.moskito.cz\/pl\/wp-json\/wp\/v2\/product_brand?post=307814"},{"taxonomy":"product_cat","embeddable":true,"href":"https:\/\/www.moskito.cz\/pl\/wp-json\/wp\/v2\/product_cat?post=307814"},{"taxonomy":"product_tag","embeddable":true,"href":"https:\/\/www.moskito.cz\/pl\/wp-json\/wp\/v2\/product_tag?post=307814"}],"curies":[{"name":"wp","href":"https:\/\/api.w.org\/{rel}","templated":true}]}}