{"id":307815,"date":"2020-05-18T16:03:57","date_gmt":"2024-02-06T11:00:23","guid":{"rendered":"https:\/\/www.moskito.cz\/produkt\/noz-skladany-cold-steel-black-talon-ii\/"},"modified":"2025-07-11T07:51:23","modified_gmt":"2025-07-11T06:51:23","slug":"noz-skladany-cold-steel-black-talon-ii","status":"publish","type":"product","link":"https:\/\/www.moskito.cz\/pl\/produkt\/noz-skladany-cold-steel-black-talon-ii\/","title":{"rendered":"N\u00f3\u017c sk\u0142adany Cold Steel Black Talon II"},"content":{"rendered":"<p>N\u00f3\u017c sk\u0142adany Cold Steel Black Talon II.<\/p>\n<p>Ameryka\u0144ska firma Cold Steel wywodzi si\u0119 z Ventury w Kalifornii. Marka powsta\u0142a w 1980 roku z naciskiem na produkcj\u0119 najmocniejszych i najostrzejszych no\u017cy na \u015bwiecie. W ci\u0105gu ostatnich trzydziestu lat firma Cold Steel sta\u0142a na czele wielu innowacji, kt\u00f3re pomog\u0142y zdefiniowa\u0107 n\u00f3\u017c komercyjny jako ca\u0142o\u015b\u0107. Producent utrzymuje wysok\u0105 jako\u015b\u0107 wykonania i nieustannie pracuje, aby spe\u0142ni\u0107 sw\u00f3j cel, jakim jest oferowanie najmocniejszych i najostrzejszych no\u017cy na \u015bwiecie. Bogata oferta no\u017cy taktycznych czy my\u015bliwskich zapewnia szerokie grono u\u017cytkownik\u00f3w i wiernych fan\u00f3w.<\/p>\n<p>Ostrze wykonane jest z wysokiej jako\u015bci stali nierdzewnej CTS XHP o bardzo du\u017cej zawarto\u015bci w\u0119gla (1,6%), kt\u00f3ra dobrze trzyma kraw\u0119d\u017a, jest wyj\u0105tkowo odporna na zu\u017cycie i osi\u0105ga wysok\u0105 twardo\u015b\u0107. Ta stal stopowa swoimi w\u0142a\u015bciwo\u015bciami zbli\u017ca si\u0119 do stali proszkowej. R\u0119koje\u015b\u0107 wykonana zosta\u0142a z wytrzyma\u0142ego materia\u0142u G10 o antypo\u015blizgowej powierzchni. N\u00f3\u017c wyposa\u017cono w udoskonalone zabezpieczenie plec\u00f3w Tri-Ad Lock, kt\u00f3re jest wyj\u0105tkowo niezawodne i bezpieczne. Klips kieszeniowy mo\u017cna umie\u015bci\u0107 po obu stronach r\u0105czki.<\/p>\n<p>Grubo\u015b\u0107 ostrza: 3,5 mm<br \/>\n Materia\u0142 r\u0119koje\u015bci: D\u0142ugi G-10<br \/>\n Stal: S35VN<br \/>\n Rozmiar ca\u0142kowity: 24 cm<br \/>\n D\u0142ugo\u015b\u0107 ostrza: 10 cm<br \/>\n Kolor: Czarny\/Srebrny<br \/>\n Waga: 136,07 g<\/p>\n<p>&nbsp;<\/p>\n","protected":false},"excerpt":{"rendered":"<p><strong>Black Talon II Plain Edge firmy Cold Steel to n\u00f3\u017c sk\u0142adany o g\u0142adkiej kraw\u0119dzi. Kszta\u0142t ostrza przypomina zwierz\u0119cy pazur. Kszta\u0142t ostrza sprawia, \u017ce \u200b\u200bjest to bardzo niebezpieczna bro\u0144.<\/strong><\/p>\n","protected":false},"featured_media":168336,"comment_status":"open","ping_status":"closed","template":"","meta":[],"pwb-brand":[3596],"product_brand":[],"product_cat":[3296,3307],"product_tag":[3671],"class_list":{"0":"post-307815","1":"product","2":"type-product","3":"status-publish","4":"has-post-thumbnail","6":"pwb-brand-zimna-stal","7":"product_cat-noze-pl","8":"product_cat-zamykanie-nozy","9":"product_tag-b2b-pl","11":"first","12":"instock","13":"taxable","14":"shipping-taxable","15":"purchasable","16":"product-type-simple"},"brands":[{"id":3596,"name":"Zimna stal","slug":"zimna-stal"}],"_links":{"self":[{"href":"https:\/\/www.moskito.cz\/pl\/wp-json\/wp\/v2\/product\/307815","targetHints":{"allow":["GET"]}}],"collection":[{"href":"https:\/\/www.moskito.cz\/pl\/wp-json\/wp\/v2\/product"}],"about":[{"href":"https:\/\/www.moskito.cz\/pl\/wp-json\/wp\/v2\/types\/product"}],"replies":[{"embeddable":true,"href":"https:\/\/www.moskito.cz\/pl\/wp-json\/wp\/v2\/comments?post=307815"}],"wp:featuredmedia":[{"embeddable":true,"href":"https:\/\/www.moskito.cz\/pl\/wp-json\/wp\/v2\/media\/168336"}],"wp:attachment":[{"href":"https:\/\/www.moskito.cz\/pl\/wp-json\/wp\/v2\/media?parent=307815"}],"wp:term":[{"taxonomy":"pwb-brand","embeddable":true,"href":"https:\/\/www.moskito.cz\/pl\/wp-json\/wp\/v2\/pwb-brand?post=307815"},{"taxonomy":"product_brand","embeddable":true,"href":"https:\/\/www.moskito.cz\/pl\/wp-json\/wp\/v2\/product_brand?post=307815"},{"taxonomy":"product_cat","embeddable":true,"href":"https:\/\/www.moskito.cz\/pl\/wp-json\/wp\/v2\/product_cat?post=307815"},{"taxonomy":"product_tag","embeddable":true,"href":"https:\/\/www.moskito.cz\/pl\/wp-json\/wp\/v2\/product_tag?post=307815"}],"curies":[{"name":"wp","href":"https:\/\/api.w.org\/{rel}","templated":true}]}}