{"id":307829,"date":"2020-06-04T11:42:46","date_gmt":"2024-02-06T11:00:34","guid":{"rendered":"https:\/\/www.moskito.cz\/produkt\/luk-bear-threat-rth-60lb-prawidlowy\/"},"modified":"2025-07-11T07:51:28","modified_gmt":"2025-07-11T06:51:28","slug":"luk-bear-threat-rth-60lb-prawidlowy","status":"publish","type":"product","link":"https:\/\/www.moskito.cz\/pl\/produkt\/luk-bear-threat-rth-60lb-prawidlowy\/","title":{"rendered":"\u0141uk BEAR THREAT RTH 60lb. PRAWID\u0141OWY"},"content":{"rendered":"<div>\n<p>\u0141uk BEAR THREAT RTH 60lb. PRAWID\u0141OWY.<\/p>\n<p>Bear Archery to ameryka\u0144ski producent \u0142uk\u00f3w i kusz. Jej produkty ciesz\u0105 si\u0119 popularno\u015bci\u0105 na ca\u0142ym \u015bwiecie. Co roku produkcja ulega modernizacji, co sprawia, \u017ce \u200b\u200b\u0142uki Bear zawsze s\u0105 najlepsze na rynku. Bear Archery posiada mn\u00f3stwo patent\u00f3w, dzi\u0119ki kt\u00f3rym jest zawsze o krok do przodu.<\/p>\n<ul>\n<li>Zestaw \u0142uk\u00f3w bloczkowych Bear Threat RTH. To po prostu ma\u0142o wymagaj\u0105cy pracownik w \u015bwietnej cenie. Przyjemnie regulowany \u0142uk w dw\u00f3ch wersjach \u201epower\u201d. I to jest 50-60 funt\u00f3w lub 60-70 funt\u00f3w. W zestawie RTH znajduj\u0105 si\u0119: celowniki Trophy Ridge 4-pinowe, \u0142adowanie Whisker Biscuit, stabilizator Trophy Ridge z p\u0119tl\u0105, uchwyt na 5 strza\u0142, celownik ci\u0119ciwkowy i p\u0119tla typu D.<\/li>\n<li>Kolor: CAMO &#8211; Realtree Xtra Camo Black<\/li>\n<\/ul>\n<p>Dane techniczne:<\/p>\n<ul>\n<li>Wysoko\u015b\u0107 sznurka: 6,25 cala<\/li>\n<li>D\u0142ugo\u015b\u0107 (o\u015b &#8211; o\u015b): 32,25&#8243;<\/li>\n<li>Szybko\u015b\u0107 IBO: 330 fps.<\/li>\n<li>Odpuszczenie: 80%<\/li>\n<li>Waga: 4 funty.<\/li>\n<li>Regulowane d\u0142ugo\u015bci naci\u0105gu: 25&#8243;-30&#8243;<\/li>\n<li>Si\u0142a uci\u0105gu: 50-60 \/ 60-70 funt\u00f3w.<\/li>\n<li>Ko\u0142a pasowe: ES Hybrid<\/li>\n<li>Sprzedam od 18 lat<\/li>\n<\/ul>\n<\/div>\n","protected":false},"excerpt":{"rendered":"<p>\u0141uk kompozytowy.<\/p>\n","protected":false},"featured_media":168519,"comment_status":"open","ping_status":"closed","template":"","meta":[],"pwb-brand":[3631],"product_brand":[],"product_cat":[3632,3633],"product_tag":[],"class_list":{"0":"post-307829","1":"product","2":"type-product","3":"status-publish","4":"has-post-thumbnail","6":"pwb-brand-niedzwiedz","7":"product_cat-luki","8":"product_cat-luki-kola-pasowego","10":"first","11":"instock","12":"taxable","13":"shipping-taxable","14":"purchasable","15":"product-type-simple"},"brands":[{"id":3631,"name":"Nied\u017awied\u017a","slug":"niedzwiedz"}],"_links":{"self":[{"href":"https:\/\/www.moskito.cz\/pl\/wp-json\/wp\/v2\/product\/307829","targetHints":{"allow":["GET"]}}],"collection":[{"href":"https:\/\/www.moskito.cz\/pl\/wp-json\/wp\/v2\/product"}],"about":[{"href":"https:\/\/www.moskito.cz\/pl\/wp-json\/wp\/v2\/types\/product"}],"replies":[{"embeddable":true,"href":"https:\/\/www.moskito.cz\/pl\/wp-json\/wp\/v2\/comments?post=307829"}],"wp:featuredmedia":[{"embeddable":true,"href":"https:\/\/www.moskito.cz\/pl\/wp-json\/wp\/v2\/media\/168519"}],"wp:attachment":[{"href":"https:\/\/www.moskito.cz\/pl\/wp-json\/wp\/v2\/media?parent=307829"}],"wp:term":[{"taxonomy":"pwb-brand","embeddable":true,"href":"https:\/\/www.moskito.cz\/pl\/wp-json\/wp\/v2\/pwb-brand?post=307829"},{"taxonomy":"product_brand","embeddable":true,"href":"https:\/\/www.moskito.cz\/pl\/wp-json\/wp\/v2\/product_brand?post=307829"},{"taxonomy":"product_cat","embeddable":true,"href":"https:\/\/www.moskito.cz\/pl\/wp-json\/wp\/v2\/product_cat?post=307829"},{"taxonomy":"product_tag","embeddable":true,"href":"https:\/\/www.moskito.cz\/pl\/wp-json\/wp\/v2\/product_tag?post=307829"}],"curies":[{"name":"wp","href":"https:\/\/api.w.org\/{rel}","templated":true}]}}