{"id":307871,"date":"2020-06-05T13:27:01","date_gmt":"2024-02-06T11:00:44","guid":{"rendered":"https:\/\/www.moskito.cz\/produkt\/noz-zamykajacy-victorinox-trailmaster-0-8463-mw3\/"},"modified":"2025-07-11T07:51:29","modified_gmt":"2025-07-11T06:51:29","slug":"noz-zamykajacy-victorinox-trailmaster-0-8463-mw3","status":"publish","type":"product","link":"https:\/\/www.moskito.cz\/pl\/produkt\/noz-zamykajacy-victorinox-trailmaster-0-8463-mw3\/","title":{"rendered":"N\u00f3\u017c zamykaj\u0105cy Victorinox Trailmaster 0.8463.MW3"},"content":{"rendered":"<p>N\u00f3\u017c sk\u0142adany Victorinox Trailmaster 0.8463.MW3.<\/p>\n<p>Szwajcarska firma <strong>Victorinox<\/strong> jest najwi\u0119kszym producentem no\u017cy w Europie. Ka\u017cdego dnia w Ibach produkuje si\u0119 do 34 000 \u201eszwajcarskich no\u017cy wojskowych\u201d, 38 000 innych narz\u0119dzi kieszonkowych oraz 30 000 no\u017cy do u\u017cytku domowego i r\u00f3\u017cnych zawod\u00f3w. Jednak <strong>Victorinox<\/strong> to nie tylko scyzoryki. Mo\u017ce poszczyci\u0107 si\u0119 wysok\u0105 jako\u015bci\u0105 baga\u017cu podr\u00f3\u017cnego, no\u017cy kuchennych i perfum. W swojej bran\u017cy <strong>Victorinox<\/strong> zajmuje najwy\u017csz\u0105 pozycj\u0119 dzi\u0119ki szwajcarskiej precyzji i jako\u015bci.<\/p>\n<p><span class=\"proKs\">Scyzoryk 111 mm z blokad\u0105 g\u0142\u00f3wnego ostrza. Liczba funkcji 12.<\/span><\/p>\n<div id=\"productDetailBottomText\" class=\"rounded\">\n<p>du\u017cy n\u00f3\u017c sk\u0142adany z falistym ostrzem 2\/3<br \/>\n\u015arubokr\u0119t Phillipsa<br \/>\notwieracz do puszek s<br \/>\n&#8211; ma\u0142y \u015brubokr\u0119t<br \/>\notwieracz do butelek se<br \/>\n&#8211; \u015brubokr\u0119t<br \/>\n&#8211; \u015brodek do usuwania izolacji przewod\u00f3w<br \/>\nrozwiertak, dziurkacz<br \/>\nBrelok ze stali nierdzewnej<br \/>\npinceta<br \/>\nwyka\u0142aczka<br \/>\nPi\u0142a do drewna<\/p>\n<\/div>\n","protected":false},"excerpt":{"rendered":"<p>N\u00f3\u017c kieszonkowy <strong>Victorinox Trailmaster One Hand<\/strong> z zabezpieczeniem typu push-back przed ostrzem i czarn\u0105 r\u0119koje\u015bci\u0105.<\/p>\n","protected":false},"featured_media":204838,"comment_status":"open","ping_status":"closed","template":"","meta":[],"pwb-brand":[3534],"product_brand":[],"product_cat":[3307,3296],"product_tag":[],"class_list":{"0":"post-307871","1":"product","2":"type-product","3":"status-publish","4":"has-post-thumbnail","6":"pwb-brand-victorinox-pl","7":"product_cat-zamykanie-nozy","8":"product_cat-noze-pl","10":"first","11":"instock","12":"taxable","13":"shipping-taxable","14":"purchasable","15":"product-type-simple"},"brands":[{"id":3534,"name":"Victorinox","slug":"victorinox-pl"}],"_links":{"self":[{"href":"https:\/\/www.moskito.cz\/pl\/wp-json\/wp\/v2\/product\/307871","targetHints":{"allow":["GET"]}}],"collection":[{"href":"https:\/\/www.moskito.cz\/pl\/wp-json\/wp\/v2\/product"}],"about":[{"href":"https:\/\/www.moskito.cz\/pl\/wp-json\/wp\/v2\/types\/product"}],"replies":[{"embeddable":true,"href":"https:\/\/www.moskito.cz\/pl\/wp-json\/wp\/v2\/comments?post=307871"}],"wp:featuredmedia":[{"embeddable":true,"href":"https:\/\/www.moskito.cz\/pl\/wp-json\/wp\/v2\/media\/204838"}],"wp:attachment":[{"href":"https:\/\/www.moskito.cz\/pl\/wp-json\/wp\/v2\/media?parent=307871"}],"wp:term":[{"taxonomy":"pwb-brand","embeddable":true,"href":"https:\/\/www.moskito.cz\/pl\/wp-json\/wp\/v2\/pwb-brand?post=307871"},{"taxonomy":"product_brand","embeddable":true,"href":"https:\/\/www.moskito.cz\/pl\/wp-json\/wp\/v2\/product_brand?post=307871"},{"taxonomy":"product_cat","embeddable":true,"href":"https:\/\/www.moskito.cz\/pl\/wp-json\/wp\/v2\/product_cat?post=307871"},{"taxonomy":"product_tag","embeddable":true,"href":"https:\/\/www.moskito.cz\/pl\/wp-json\/wp\/v2\/product_tag?post=307871"}],"curies":[{"name":"wp","href":"https:\/\/api.w.org\/{rel}","templated":true}]}}