{"id":307895,"date":"2020-06-05T13:04:39","date_gmt":"2024-02-06T11:00:53","guid":{"rendered":"https:\/\/www.moskito.cz\/produkt\/noz-skladany-victorinox-hunter-xt-grip-0-8341-mc9\/"},"modified":"2025-07-11T07:51:29","modified_gmt":"2025-07-11T06:51:29","slug":"noz-skladany-victorinox-hunter-xt-grip-0-8341-mc9","status":"publish","type":"product","link":"https:\/\/www.moskito.cz\/pl\/produkt\/noz-skladany-victorinox-hunter-xt-grip-0-8341-mc9\/","title":{"rendered":"N\u00f3\u017c sk\u0142adany Victorinox Hunter XT Grip 0.8341.MC9"},"content":{"rendered":"<p>N\u00f3\u017c sk\u0142adany <strong>Victorinox<\/strong> Hunter XT Grip 0.8341.MC9.<\/p>\n<p>Nowa seria no\u017cy my\u015bliwskich powsta\u0142a na bazie kilkudziesi\u0119ciu lat wsp\u00f3\u0142pracy z my\u015bliwymi. My\u015bliwi to ludzie niezwykli, bo potrafi\u0105 nam opowiedzie\u0107 bardzo barwne historie o \u017cyciu na wolno\u015bci. Chroni\u0105 zagro\u017cone gatunki i zapewniaj\u0105 r\u00f3wnowag\u0119 w przyrodzie. A w swojej wyj\u0105tkowej pracy potrzebuj\u0105 prawdziwego towarzysza. Zesp\u00f3\u0142 programist\u00f3w Victorinox od kilkudziesi\u0119ciu lat \u015bci\u015ble wsp\u00f3\u0142pracuje z my\u015bliwymi, aby opracowa\u0107 wyj\u0105tkowe no\u017ce my\u015bliwskie.<br \/>\nJednym z najnowszych produkt\u00f3w powsta\u0142ych w ramach tej wsp\u00f3\u0142pracy jest kolekcja \u201eNew Hunting\u201d.<\/p>\n<p>Wymiary (d\u0142ugo\u015b\u0107 x szeroko\u015b\u0107 x wysoko\u015b\u0107): 111 x 35 x 20 mm<br \/>\nWaga: 150 g<br \/>\ndu\u017cy sk\u0142adany n\u00f3\u017c<br \/>\nPi\u0142a do drewna<br \/>\nkorkoci\u0105g<br \/>\nn\u00f3\u017c do obierania<br \/>\nBrelok ze stali nierdzewnej ze smycz\u0105 u\u0142atwiaj\u0105c\u0105 obs\u0142ug\u0119.<\/p>\n","protected":false},"excerpt":{"rendered":"<p dir=\"ltr\" align=\"left\">N\u00f3\u017c my\u015bliwski z ergonomicznie ukszta\u0142towan\u0105, <span style=\"color: #2d2d2d;\">dwukolorow\u0105 r\u0119koje\u015bci\u0105 z antypo\u015blizgow\u0105 powierzchni\u0105 zapewniaj\u0105c\u0105 wygodniejszy chwyt<\/span> . Oczka na ostrzach umo\u017cliwiaj\u0105 otwieranie jedn\u0105 r\u0119k\u0105. Oferta no\u017cy my\u015bliwskich powsta\u0142a na bazie kilkudziesi\u0119ciu lat wsp\u00f3\u0142pracy z my\u015bliwymi.<\/p>\n<p>&nbsp;<\/p>\n","protected":false},"featured_media":204746,"comment_status":"open","ping_status":"closed","template":"","meta":[],"pwb-brand":[3534],"product_brand":[],"product_cat":[3296,3307],"product_tag":[],"class_list":{"0":"post-307895","1":"product","2":"type-product","3":"status-publish","4":"has-post-thumbnail","6":"pwb-brand-victorinox-pl","7":"product_cat-noze-pl","8":"product_cat-zamykanie-nozy","10":"first","11":"outofstock","12":"taxable","13":"shipping-taxable","14":"purchasable","15":"product-type-simple"},"brands":[{"id":3534,"name":"Victorinox","slug":"victorinox-pl"}],"_links":{"self":[{"href":"https:\/\/www.moskito.cz\/pl\/wp-json\/wp\/v2\/product\/307895","targetHints":{"allow":["GET"]}}],"collection":[{"href":"https:\/\/www.moskito.cz\/pl\/wp-json\/wp\/v2\/product"}],"about":[{"href":"https:\/\/www.moskito.cz\/pl\/wp-json\/wp\/v2\/types\/product"}],"replies":[{"embeddable":true,"href":"https:\/\/www.moskito.cz\/pl\/wp-json\/wp\/v2\/comments?post=307895"}],"wp:featuredmedia":[{"embeddable":true,"href":"https:\/\/www.moskito.cz\/pl\/wp-json\/wp\/v2\/media\/204746"}],"wp:attachment":[{"href":"https:\/\/www.moskito.cz\/pl\/wp-json\/wp\/v2\/media?parent=307895"}],"wp:term":[{"taxonomy":"pwb-brand","embeddable":true,"href":"https:\/\/www.moskito.cz\/pl\/wp-json\/wp\/v2\/pwb-brand?post=307895"},{"taxonomy":"product_brand","embeddable":true,"href":"https:\/\/www.moskito.cz\/pl\/wp-json\/wp\/v2\/product_brand?post=307895"},{"taxonomy":"product_cat","embeddable":true,"href":"https:\/\/www.moskito.cz\/pl\/wp-json\/wp\/v2\/product_cat?post=307895"},{"taxonomy":"product_tag","embeddable":true,"href":"https:\/\/www.moskito.cz\/pl\/wp-json\/wp\/v2\/product_tag?post=307895"}],"curies":[{"name":"wp","href":"https:\/\/api.w.org\/{rel}","templated":true}]}}