{"id":307906,"date":"2022-04-04T16:44:36","date_gmt":"2022-04-04T15:44:36","guid":{"rendered":"https:\/\/www.moskito.cz\/produkt\/noz-strzelecki-microtech-exocet-bronze-157-13\/"},"modified":"2025-05-07T10:59:12","modified_gmt":"2025-05-07T09:59:12","slug":"noz-strzelecki-microtech-exocet-bronze-157-13","status":"publish","type":"product","link":"https:\/\/www.moskito.cz\/pl\/produkt\/noz-strzelecki-microtech-exocet-bronze-157-13\/","title":{"rendered":"N\u00f3\u017c strzelecki Microtech Exocet Bronze 157-13"},"content":{"rendered":"<div class=\"elementor-element elementor-element-bbb542b elementor-widget elementor-widget-woocommerce-product-short-description\" data-id=\"bbb542b\" data-element_type=\"widget\" data-widget_type=\"woocommerce-product-short-description.default\">\n<div class=\"elementor-widget-container\">\n<div class=\"woocommerce-product-details__short-description\">N\u00f3\u017c strzelecki <strong>Microtech<\/strong> Exocet Bronze 157-13.<\/div>\n<div>\n<p>Gwiazda gamy Microtech na rok 2019, Exocet \u0142\u0105czy w sobie u\u017cyteczno\u015b\u0107 i codzienn\u0105 praktyczno\u015b\u0107 w jednym wyj\u0105tkowym opakowaniu. Innowacyjny i pierwszy w swoim rodzaju, ten automatyczny OTF mie\u015bci mniej ni\u017c dwucalowe ostrze kalifornijskie i s\u0142u\u017cy r\u00f3wnie\u017c jako klips na banknoty, dzi\u0119ki czemu idealnie nadaje si\u0119 do codziennego noszenia. Jego wygl\u0105d mo\u017ce Ci\u0119 zaskoczy\u0107, gdy zobaczysz go po raz pierwszy, ale uczucie niepokoju zniknie, gdy uruchomisz go po raz pierwszy. Ten n\u00f3\u017c strzela szybciej i \u0142atwiej ni\u017c jakikolwiek inny n\u00f3\u017c Microtech OTF, co czyni go idealnym prezentem dla bliskiej Ci osoby lub dla Ciebie.<\/p>\n<p>Wyko\u0144czenie ostrza: Br\u0105z<br \/>\nMateria\u0142 r\u0119koje\u015bci: czarne aluminium 6061-T6<\/p>\n<p>D\u0142ugo\u015b\u0107 ca\u0142kowita: 5,6 cala (142 mm)<br \/>\nD\u0142ugo\u015b\u0107 ostrza: 1,97\u201d (50 mm)<br \/>\nD\u0142ugo\u015b\u0107 kraw\u0119dzi tn\u0105cej: 1,89 cala (48 mm)<br \/>\nGrubo\u015b\u0107 ostrza: 0,079 cala (2 mm)<br \/>\nGrubo\u015b\u0107 r\u0119koje\u015bci: 0,36 cala (9 mm)<br \/>\nKieszonkowy klips: skierowany w d\u00f3\u0142<br \/>\nWaga: 3,0 uncji (85,05 g)<br \/>\nKraj pochodzenia: USA<\/p>\n<p><iframe title=\"Microtech Combat Troodon Torture Test\" width=\"800\" height=\"450\" src=\"https:\/\/www.youtube.com\/embed\/xE9TeOFYEjg?feature=oembed\" frameborder=\"0\" allow=\"accelerometer; autoplay; clipboard-write; encrypted-media; gyroscope; picture-in-picture; web-share\" allowfullscreen><\/iframe><\/p>\n<p>&nbsp;<\/p>\n<p>MT15713: 157-13 Exocet OTF Klips na pieni\u0105dze AUTO, br\u0105zowy standard<br \/>\nMikrotech<\/p>\n<p>Exocet, gwiazda oferty Microtech na rok 2019, \u0142\u0105czy w sobie u\u017cyteczno\u015b\u0107 i codzienn\u0105 praktyczno\u015b\u0107 w jednym unikalnym opakowaniu. Innowacyjny i pierwszy w swoim rodzaju, ten automatyczny OTF skrywa dopuszczone w Kalifornii ostrze o \u015brednicy poni\u017cej dw\u00f3ch cali i s\u0142u\u017cy r\u00f3wnie\u017c jako klips na banknoty, dzi\u0119ki czemu idealnie nadaje si\u0119 do codziennego noszenia. Jego wygl\u0105d mo\u017ce Ci\u0119 zaskoczy\u0107, gdy zobaczysz go po raz pierwszy, ale uczucie niepokoju zniknie po pierwszym uruchomieniu. Ten n\u00f3\u017c strzela szybciej i \u0142atwiej ni\u017c jakikolwiek inny n\u00f3\u017c Microtech OTF, wi\u0119c jest to idealny prezent dla bliskiej Ci osoby lub dla Ciebie.<br \/>\nDane techniczne<\/p>\n<p>D\u0142ugo\u015b\u0107 ostrza: 1,98&#8243;<br \/>\nKraw\u0119d\u017a tn\u0105ca: 1,875&#8243;<br \/>\nD\u0142ugo\u015b\u0107 zamkni\u0119ta: 3,62&#8243;<br \/>\nD\u0142ugo\u015b\u0107 ca\u0142kowita: 5,60 cala<br \/>\nMateria\u0142 ostrza: Stal\u0105 ostrzy na rok 2019 b\u0119dzie Carpenter CTS-204P \u2013 do wyczerpania zapas\u00f3w metalu, ostrza mog\u0105 by\u0107 r\u00f3wnie\u017c wykonane z M390 lub Elmax<br \/>\nGrubo\u015b\u0107 ostrza: 0,067&#8243;<br \/>\nStyl ostrza: sztylet o podw\u00f3jnym ostrzu<br \/>\nSzlif ostrza: p\u0142aski<br \/>\nWyko\u0144czenie ostrza: Br\u0105z<br \/>\nMateria\u0142 r\u0119koje\u015bci: czarne aluminium 6061-T6<br \/>\nGrubo\u015b\u0107 r\u0119koje\u015bci: 0,35 cala<br \/>\nMechanizm blokuj\u0105cy: suwak<br \/>\nKieszonkowy klips: stal nierdzewna (odchylany do do\u0142u, noszony w prawo\/lewo)<br \/>\nWaga: 3,0 uncji<br \/>\nProjektant: Tony Marfione<br \/>\nWyprodukowano w USA<\/p>\n<\/div>\n<\/div>\n<\/div>\n<p>&nbsp;<\/p>\n<p>&nbsp;<\/p>\n","protected":false},"excerpt":{"rendered":"<p>Przez lata <strong>Microtech\u00ae Knives<\/strong> wype\u0142nia\u0142 no\u017ce pasj\u0105 i umiej\u0119tno\u015bciami, aby stworzy\u0107 niemal dzie\u0142a sztuki, kt\u00f3re s\u0105 szczytem funkcjonalno\u015bci.Wszystkie cz\u0119\u015bci s\u0105 produkowane w USA.<br \/>\n<strong>Wszystkie no\u017ce Microtech obj\u0119te s\u0105 do\u017cywotni\u0105 gwarancj\u0105.<\/strong><\/p>\n<p><strong>Bezp\u0142atny transport.<\/strong><\/p>\n","protected":false},"featured_media":307909,"comment_status":"open","ping_status":"closed","template":"","meta":[],"pwb-brand":[3279],"product_brand":[],"product_cat":[3344,3296],"product_tag":[3671],"class_list":{"0":"post-307906","1":"product","2":"type-product","3":"status-publish","4":"has-post-thumbnail","6":"pwb-brand-microtech-pl","7":"product_cat-noze-strzeleckie","8":"product_cat-noze-pl","9":"product_tag-b2b-pl","11":"first","12":"outofstock","13":"taxable","14":"shipping-taxable","15":"purchasable","16":"product-type-simple"},"brands":[{"id":3279,"name":"Microtech","slug":"microtech-pl"}],"_links":{"self":[{"href":"https:\/\/www.moskito.cz\/pl\/wp-json\/wp\/v2\/product\/307906","targetHints":{"allow":["GET"]}}],"collection":[{"href":"https:\/\/www.moskito.cz\/pl\/wp-json\/wp\/v2\/product"}],"about":[{"href":"https:\/\/www.moskito.cz\/pl\/wp-json\/wp\/v2\/types\/product"}],"replies":[{"embeddable":true,"href":"https:\/\/www.moskito.cz\/pl\/wp-json\/wp\/v2\/comments?post=307906"}],"wp:featuredmedia":[{"embeddable":true,"href":"https:\/\/www.moskito.cz\/pl\/wp-json\/wp\/v2\/media\/307909"}],"wp:attachment":[{"href":"https:\/\/www.moskito.cz\/pl\/wp-json\/wp\/v2\/media?parent=307906"}],"wp:term":[{"taxonomy":"pwb-brand","embeddable":true,"href":"https:\/\/www.moskito.cz\/pl\/wp-json\/wp\/v2\/pwb-brand?post=307906"},{"taxonomy":"product_brand","embeddable":true,"href":"https:\/\/www.moskito.cz\/pl\/wp-json\/wp\/v2\/product_brand?post=307906"},{"taxonomy":"product_cat","embeddable":true,"href":"https:\/\/www.moskito.cz\/pl\/wp-json\/wp\/v2\/product_cat?post=307906"},{"taxonomy":"product_tag","embeddable":true,"href":"https:\/\/www.moskito.cz\/pl\/wp-json\/wp\/v2\/product_tag?post=307906"}],"curies":[{"name":"wp","href":"https:\/\/api.w.org\/{rel}","templated":true}]}}