{"id":307932,"date":"2020-09-15T20:39:16","date_gmt":"2024-02-06T11:01:10","guid":{"rendered":"https:\/\/www.moskito.cz\/produkt\/bio-protein-extreme-strong-1kg\/"},"modified":"2025-07-11T07:52:20","modified_gmt":"2025-07-11T06:52:20","slug":"bio-protein-extreme-strong-1kg","status":"publish","type":"product","link":"https:\/\/www.moskito.cz\/pl\/produkt\/bio-protein-extreme-strong-1kg\/","title":{"rendered":"Bio Protein Extreme Strong 1kg."},"content":{"rendered":"<p>Bio Protein Extreme Strong 1kg (suplement diety)<br \/>\nPrzeznaczenie: zwi\u0119kszenie si\u0142y, zwi\u0119kszenie masy mi\u0119\u015bniowej, zwi\u0119kszenie wytrzyma\u0142o\u015bci si\u0142owej i szybko\u015bciowej, penetracji, szybko\u015bci i oporu organizmu, ochrona i od\u017cywienie staw\u00f3w i wi\u0119zade\u0142.<\/p>\n<p>Sk\u0142adniki: Meripro 500, serwatka, jaja, bia\u0142ko zbo\u017cowe i sojowe, ry\u017c, proso, glukozamina, glukoza, maltoza, fruktoza, dekstroza, galaktoza, kasza gryczana, dro\u017cd\u017ce piwne, spirulina, Acai, chleb \u015bwi\u0119toja\u0144ski, kolagen I, kolagen II, kolagen III, CamuCamu<\/p>\n<p>Wszystkie suplementy diety Fights Star zosta\u0142y stworzone specjalnie dla sportowc\u00f3w ze starannie wyselekcjonowanych naturalnych sk\u0142adnik\u00f3w w najwy\u017cszej jako\u015bci \u017cywno\u015bci BIO. Produkowane s\u0105 przez tzw \u201et\u0142oczenie na zimno\u201d. Podczas produkcji w temperaturze granicznej do 40\u00b0C zostaj\u0105 zachowane wszystkie naturalne substancje o wysokiej strawno\u015bci. Produkt nape\u0142niany jest w atmosferze O3, dzi\u0119ki czemu NIE zawiera konserwant\u00f3w. Produkt nie zawiera \u017cadnych substancji wytwarzanych chemicznie, emulgator\u00f3w, stabilizator\u00f3w, barwnik\u00f3w chemicznych, dodatk\u00f3w, wype\u0142niaczy, aromat\u00f3w ani bia\u0142ego cukru.<\/p>\n<p>Charakterystyka: Suplement diety skupia si\u0119 szczeg\u00f3lnie na aktywno\u015bci: aerobowej, beztlenowej, si\u0142owej, wzmacniaj\u0105cej, rozci\u0105gaj\u0105cej i du\u017cej obj\u0119to\u015bci. Kompleks sk\u0142ada si\u0119 w 81% z czterosk\u0142adnikowego bia\u0142ka. Kolejnym integralnym elementem zapewniaj\u0105cym maksymalne spo\u017cycie energii przed treningiem i uzupe\u0142nienie deficytu w\u0119glowodan\u00f3w po treningu jest kompleks w\u0119glowodan\u00f3w. Dzi\u0119ki szerokiej gamie stosowanych surowc\u00f3w wej\u015bciowych, takich jak kamukamu, proso, amarantus, kasza gryczana, pszenica, spirulina itp. suplement diety zawiera szerok\u0105 gam\u0119 witamin i minera\u0142\u00f3w.<\/p>\n<p>Dla bardziej kompleksowej zawarto\u015bci aminokwas\u00f3w zawiera proso, amarantus, kasz\u0119 gryczan\u0105 i inne surowce, kt\u00f3re r\u00f3wnie\u017c przyczyniaj\u0105 si\u0119 do dobrego oczyszczenia jelit (zapobiega stanom zapalnym dwunastnicy, wzd\u0119ciom, nowotworom), dro\u017cno\u015bci naczy\u0144 krwiono\u015bnych, ich elastyczno\u015bci, poprawy uk\u0142adu odporno\u015bciowego, wydalanie kwasu moczowego i zapobieganie hemoroidom.<\/p>\n<p>Wszystkie trzy rodzaje materia\u0142\u00f3w kolagenowych stanowi\u0105 integraln\u0105 cz\u0119\u015b\u0107. Suplement diety stanowi najpe\u0142niejsz\u0105 ochron\u0119 aparatu stawowo-wi\u0119zad\u0142owego, zar\u00f3wno w profilaktyce, jak i na etapie uraz\u00f3w czy d\u0142ugotrwa\u0142ych skrzywie\u0144 staw\u00f3w i wi\u0119zade\u0142.<\/p>\n<p>Kolagen typu I &#8211; ochrona \u015bci\u0119gien, wi\u0119zade\u0142, ko\u015bci, staw\u00f3w, pochewek narz\u0105d\u00f3w i wi\u0119zade\u0142 cienkich.<\/p>\n<p>Kolagen typu II &#8211; ochrona chrz\u0105stki.<\/p>\n<p>Kolagen typu III \u2013 zapewnia wsparcie dla tkanek mi\u0119kkich, gi\u0119tkich m.in. kom\u00f3rki mi\u0119\u015bni g\u0142adkich, w\u0142\u00f3kna nerwowe,<br \/>\n  adipocyty, tkanki krwiotw\u00f3rcze i blaszka siateczkowa, blaszka podstawna nab\u0142onka (tzw. muskularny<br \/>\n  gor\u0105czka)<\/p>\n<p>W odr\u00f3\u017cnieniu od podobnych suplement\u00f3w diety zawiera w swoim sk\u0142adzie wymienione wy\u017cej kolageny, a nie kolagen bez oznaczenia typu, tzw \u017celatyna.<\/p>\n<p>Wybrane surowce: camu camu (najsilniejszy przeciwutleniacz w\u015br\u00f3d substancji zawieraj\u0105cych witamin\u0119 C, 4x silniejszy ni\u017c chemiczna witamina C\/kwas cytrynowy\/; dzi\u0119ki temu, \u017ce nie jest wytwarzana sztucznie chemicznie, charakteryzuje si\u0119 wysok\u0105 wch\u0142anialno\u015bci\u0105), owoce baobabu, proso , katamfe, amarantus, kasza gryczana, spirulina (algi wodne i bardzo silny przeciwutleniacz, jednocze\u015bnie wspomaga wch\u0142anianie kolagenu), papaja, dzika r\u00f3\u017ca, pangamina, kolagen rybi itp.<\/p>\n<p>Zbilansowana mieszanka gwarantuje stopniowe wch\u0142anianie przez kilka godzin, dlatego mo\u017cna j\u0105 stosowa\u0107 tak\u017ce wieczorem.<\/p>\n<p>Warto\u015bci od\u017cywcze (w 100 g): bia\u0142ko 80,970 g, w\u0119glowodany (w tym cukry) 4,502 g, t\u0142uszcz 5,539 g<\/p>\n<p>\u015arednie warto\u015bci aminokwas\u00f3w (w 100 g):<\/p>\n<p>Tryptofan: 0,274 g<\/p>\n<p>Treonina: 1,912 g<\/p>\n<p>Izoleucyna: 2,869 g<\/p>\n<p>Leucyna: 5,020 g<\/p>\n<p>Lizyna: 2,121 g<\/p>\n<p>Metionina: 1,678 g<\/p>\n<p>Cystyna: 1,487 g<\/p>\n<p>Fenyloalanina: 4,113 g<\/p>\n<p>Tyroksyna: 2,419 g<\/p>\n<p>Walina: 3,325 g<\/p>\n<p>Arginina: 3,184 g<\/p>\n<p>Histydyna: 1,340 g<\/p>\n<p>Alanina: 2,957 g<\/p>\n<p>Kwas asparaginowy: 3,349 g<\/p>\n<p>Kwas glutaminowy: 20,994 g<\/p>\n<p>Glicyna: 3,628 g<\/p>\n<p>Prolina: 7,469 g<\/p>\n<p>Seryna: 4,163 g<\/p>\n<p>Hydroksyprolina: 8,9 g<\/p>\n<p>Hydroksylizyna: 3,5 g<\/p>\n<p>Substancje aktywne w 40 g  <\/p>\n<p>Kwas glutaminowy 8,397 g  <\/p>\n<p>Kolageny 0,75 g<\/p>\n<p>Ostrze\u017cenie: Nie przekracza\u0107 zalecanej dawki dziennej. Nie zast\u0119puje zr\u00f3\u017cnicowanej diety. Produkt nie jest przeznaczony dla dzieci, kobiet w ci\u0105\u017cy i karmi\u0105cych piersi\u0105. Trzyma\u0107 poza zasi\u0119giem dzieci. Po otwarciu zu\u017cy\u0107 w ci\u0105gu 3 miesi\u0119cy.<\/p>\n<p>Przechowywa\u0107 w suchym i ch\u0142odnym miejscu, nie wystawia\u0107 na dzia\u0142anie s\u0142o\u0144ca i mrozu, minimalny termin przydatno\u015bci do spo\u017cycia w optymalnych warunkach przechowywania podany jest na etykiecie.<\/p>\n","protected":false},"excerpt":{"rendered":"<p>Wszystkie suplementy diety Fights Star zosta\u0142y stworzone specjalnie dla sportowc\u00f3w ze starannie wyselekcjonowanych naturalnych sk\u0142adnik\u00f3w w najwy\u017cszej jako\u015bci \u017cywno\u015bci BIO. Produkowane s\u0105 przez tzw \u201et\u0142oczenie na zimno\u201d. Podczas produkcji w temperaturze granicznej do 40\u00b0C zostaj\u0105 zachowane wszystkie naturalne substancje o wysokiej strawno\u015bci. Produkt nape\u0142niany jest w atmosferze O3, dzi\u0119ki czemu NIE zawiera konserwant\u00f3w. Produkt nie zawiera \u017cadnych substancji wytwarzanych chemicznie, emulgator\u00f3w, stabilizator\u00f3w, barwnik\u00f3w chemicznych, dodatk\u00f3w, wype\u0142niaczy, aromat\u00f3w ani bia\u0142ego cukru.<\/p>\n","protected":false},"featured_media":169669,"comment_status":"open","ping_status":"closed","template":"","meta":[],"pwb-brand":[3638],"product_brand":[],"product_cat":[3338],"product_tag":[],"class_list":{"0":"post-307932","1":"product","2":"type-product","3":"status-publish","4":"has-post-thumbnail","6":"pwb-brand-gwiazda-walki","7":"product_cat-bio-protein-pl","9":"first","10":"instock","11":"taxable","12":"shipping-taxable","13":"purchasable","14":"product-type-simple"},"brands":[{"id":3638,"name":"Gwiazda Walki","slug":"gwiazda-walki"}],"_links":{"self":[{"href":"https:\/\/www.moskito.cz\/pl\/wp-json\/wp\/v2\/product\/307932","targetHints":{"allow":["GET"]}}],"collection":[{"href":"https:\/\/www.moskito.cz\/pl\/wp-json\/wp\/v2\/product"}],"about":[{"href":"https:\/\/www.moskito.cz\/pl\/wp-json\/wp\/v2\/types\/product"}],"replies":[{"embeddable":true,"href":"https:\/\/www.moskito.cz\/pl\/wp-json\/wp\/v2\/comments?post=307932"}],"wp:featuredmedia":[{"embeddable":true,"href":"https:\/\/www.moskito.cz\/pl\/wp-json\/wp\/v2\/media\/169669"}],"wp:attachment":[{"href":"https:\/\/www.moskito.cz\/pl\/wp-json\/wp\/v2\/media?parent=307932"}],"wp:term":[{"taxonomy":"pwb-brand","embeddable":true,"href":"https:\/\/www.moskito.cz\/pl\/wp-json\/wp\/v2\/pwb-brand?post=307932"},{"taxonomy":"product_brand","embeddable":true,"href":"https:\/\/www.moskito.cz\/pl\/wp-json\/wp\/v2\/product_brand?post=307932"},{"taxonomy":"product_cat","embeddable":true,"href":"https:\/\/www.moskito.cz\/pl\/wp-json\/wp\/v2\/product_cat?post=307932"},{"taxonomy":"product_tag","embeddable":true,"href":"https:\/\/www.moskito.cz\/pl\/wp-json\/wp\/v2\/product_tag?post=307932"}],"curies":[{"name":"wp","href":"https:\/\/api.w.org\/{rel}","templated":true}]}}