{"id":307943,"date":"2020-09-15T20:09:26","date_gmt":"2024-02-06T11:01:12","guid":{"rendered":"https:\/\/www.moskito.cz\/produkt\/bio-weglowodany-400g\/"},"modified":"2025-07-11T07:52:18","modified_gmt":"2025-07-11T06:52:18","slug":"bio-weglowodany-400g","status":"publish","type":"product","link":"https:\/\/www.moskito.cz\/pl\/produkt\/bio-weglowodany-400g\/","title":{"rendered":"Bio W\u0119glowodany 400g."},"content":{"rendered":"<p>Bio W\u0119glowodany 400 g. (suplement diety)<br \/>\nWszystkie suplementy diety Fights Star zosta\u0142y stworzone specjalnie dla sportowc\u00f3w ze starannie wyselekcjonowanych naturalnych sk\u0142adnik\u00f3w w najwy\u017cszej jako\u015bci \u017cywno\u015bci BIO. Produkowane s\u0105 przez tzw \u201et\u0142oczenie na zimno\u201d. Podczas produkcji w temperaturze granicznej do 40\u00b0C zostaj\u0105 zachowane wszystkie naturalne substancje o wysokiej strawno\u015bci. Produkt nape\u0142niany jest w atmosferze O3, dzi\u0119ki czemu NIE zawiera konserwant\u00f3w. Produkt nie zawiera \u017cadnych substancji wytwarzanych chemicznie, emulgator\u00f3w, stabilizator\u00f3w, barwnik\u00f3w chemicznych, dodatk\u00f3w, wype\u0142niaczy, aromat\u00f3w ani bia\u0142ego cukru.<\/p>\n<p>Zbilansowana mieszanka gwarantuje stopniowe wch\u0142anianie przez kilka godzin, dlatego mo\u017cna j\u0105 stosowa\u0107 tak\u017ce wieczorem.<\/p>\n<p>Warto\u015bci od\u017cywcze (w 100 g): bia\u0142ko 16,9 g, w\u0119glowodany (w tym cukry) 75,3 g, t\u0142uszcze 1,2 g, b\u0142onnik 3,4 g<\/p>\n<p>Ostrze\u017cenie: Nie przekracza\u0107 zalecanej dawki dziennej. Nie zast\u0119puje zr\u00f3\u017cnicowanej diety. Ten produkt nie jest przeznaczony dla dzieci. Trzyma\u0107 poza zasi\u0119giem dzieci. Po otwarciu zu\u017cy\u0107 w ci\u0105gu 3 miesi\u0119cy.<\/p>\n<p>Przechowywa\u0107 w suchym i ch\u0142odnym miejscu, nie wystawia\u0107 na dzia\u0142anie s\u0142o\u0144ca i mrozu, minimalny termin przydatno\u015bci do spo\u017cycia w optymalnych warunkach przechowywania podany jest na etykiecie.<br \/>\nSk\u0142adniki: glukoza, fruktoza, maltoza, dekstroza, galaktoza i cukier skrobiowy, serwatka, jaja, zbo\u017ca i bia\u0142ko sojowe<\/p>\n<p>Przeznaczenie: regeneracja po treningu i uzupe\u0142nienie niezb\u0119dnych warto\u015bci od\u017cywczych spalonych podczas treningu oraz przeciwdzia\u0142anie dewastacji masy mi\u0119\u015bniowej spowodowanej treningiem; dostarczanie energii i od\u017cywianie mi\u0119\u015bni<\/p>\n<p>Charakterystyka: Produkt zawiera wszystkie 7 rodzaj\u00f3w w\u0119glowodan\u00f3w &#8211; maltoz\u0119, dekstroz\u0119, fruktoz\u0119, glukoz\u0119, galaktoz\u0119, sacharoz\u0119 i cukier skrobiowy. Gwarantuje to kompleksow\u0105 przyswajalno\u015b\u0107 od w\u0119glowodan\u00f3w szybkich, poprzez \u015brednio, a\u017c po wolne, co jest nieuniknione przy treningu uzupe\u0142niaj\u0105cym deficyt w\u0119glowodan\u00f3w.<\/p>\n<p>Dekstroza jako pierwsza wch\u0142ania si\u0119 do organizmu, ju\u017c po pi\u0119ciu sekundach pozostaje na b\u0142onie \u015bluzowej. Dekstroza jest pochodn\u0105 fruktozy i zawarta jest m.in. w cukrze winogronowym. Druga to glukoza wch\u0142aniana przez organizm, nast\u0119pnie fruktoza, maltoza, galaktoza i na ko\u0144cu cukier skrobiowy.<\/p>\n<p>Drugim sk\u0142adnikiem substratu jest 19% zawartego w nim bia\u0142ka, kt\u00f3re jest CZTEROSK\u0141ADNIKIEM zapewniaj\u0105cym r\u00f3\u017cnorodno\u015b\u0107 ruch\u00f3w i wytrzyma\u0142o\u015b\u0107 w sportach walki.<\/p>\n<p>Suplement diety ze wzgl\u0119du na swoj\u0105 maksymaln\u0105 z\u0142o\u017cono\u015b\u0107 zawiera tak\u017ce szereg minera\u0142\u00f3w niezb\u0119dnych organizmowi przy wzmo\u017conym wysi\u0142ku fizycznym, ale tak\u017ce minera\u0142y, kt\u00f3rych organizm niestety pozbywa si\u0119 w trakcie wysi\u0142ku fizycznego: Ca, Fe, Mg, P, K, Na, Zn, Cu, Mn i Se.<\/p>\n<p>Kolejnym przepisem na zbilansowane od\u017cywianie os\u00f3b uprawiaj\u0105cych sporty walki jest kompleks witamin:<br \/>\nA, B1, B2, B3, B6, B12, C, D, D3, E i K.<\/p>\n","protected":false},"excerpt":{"rendered":"<p>Wszystkie suplementy diety Fights Star zosta\u0142y stworzone specjalnie dla sportowc\u00f3w ze starannie wyselekcjonowanych naturalnych sk\u0142adnik\u00f3w w najwy\u017cszej jako\u015bci \u017cywno\u015bci BIO. Produkowane s\u0105 przez tzw \u201et\u0142oczenie na zimno\u201d. Podczas produkcji w temperaturze granicznej do 40\u00b0C zostaj\u0105 zachowane wszystkie naturalne substancje o wysokiej strawno\u015bci. Produkt nape\u0142niany jest w atmosferze O3, dzi\u0119ki czemu NIE zawiera konserwant\u00f3w. Produkt nie zawiera \u017cadnych substancji wytwarzanych chemicznie, emulgator\u00f3w, stabilizator\u00f3w, barwnik\u00f3w chemicznych, dodatk\u00f3w, wype\u0142niaczy, aromat\u00f3w ani bia\u0142ego cukru.<\/p>\n","protected":false},"featured_media":169663,"comment_status":"open","ping_status":"closed","template":"","meta":[],"pwb-brand":[3638],"product_brand":[],"product_cat":[3338],"product_tag":[],"class_list":{"0":"post-307943","1":"product","2":"type-product","3":"status-publish","4":"has-post-thumbnail","6":"pwb-brand-gwiazda-walki","7":"product_cat-bio-protein-pl","9":"first","10":"outofstock","11":"taxable","12":"shipping-taxable","13":"purchasable","14":"product-type-simple"},"brands":[{"id":3638,"name":"Gwiazda Walki","slug":"gwiazda-walki"}],"_links":{"self":[{"href":"https:\/\/www.moskito.cz\/pl\/wp-json\/wp\/v2\/product\/307943","targetHints":{"allow":["GET"]}}],"collection":[{"href":"https:\/\/www.moskito.cz\/pl\/wp-json\/wp\/v2\/product"}],"about":[{"href":"https:\/\/www.moskito.cz\/pl\/wp-json\/wp\/v2\/types\/product"}],"replies":[{"embeddable":true,"href":"https:\/\/www.moskito.cz\/pl\/wp-json\/wp\/v2\/comments?post=307943"}],"wp:featuredmedia":[{"embeddable":true,"href":"https:\/\/www.moskito.cz\/pl\/wp-json\/wp\/v2\/media\/169663"}],"wp:attachment":[{"href":"https:\/\/www.moskito.cz\/pl\/wp-json\/wp\/v2\/media?parent=307943"}],"wp:term":[{"taxonomy":"pwb-brand","embeddable":true,"href":"https:\/\/www.moskito.cz\/pl\/wp-json\/wp\/v2\/pwb-brand?post=307943"},{"taxonomy":"product_brand","embeddable":true,"href":"https:\/\/www.moskito.cz\/pl\/wp-json\/wp\/v2\/product_brand?post=307943"},{"taxonomy":"product_cat","embeddable":true,"href":"https:\/\/www.moskito.cz\/pl\/wp-json\/wp\/v2\/product_cat?post=307943"},{"taxonomy":"product_tag","embeddable":true,"href":"https:\/\/www.moskito.cz\/pl\/wp-json\/wp\/v2\/product_tag?post=307943"}],"curies":[{"name":"wp","href":"https:\/\/api.w.org\/{rel}","templated":true}]}}