{"id":307944,"date":"2020-09-15T20:22:21","date_gmt":"2024-02-06T11:01:12","guid":{"rendered":"https:\/\/www.moskito.cz\/produkt\/bio-protein-mix-400g\/"},"modified":"2025-07-11T07:52:19","modified_gmt":"2025-07-11T06:52:19","slug":"bio-protein-mix-400g","status":"publish","type":"product","link":"https:\/\/www.moskito.cz\/pl\/produkt\/bio-protein-mix-400g\/","title":{"rendered":"Bio Protein MIX 400g."},"content":{"rendered":"<p>Bio Protein MIX 400g. (suplement diety)<br \/>\nPrzeznaczenie: przyrost masy mi\u0119\u015bniowej.<\/p>\n<p>Wszystkie suplementy diety Fights Star zosta\u0142y stworzone specjalnie dla sportowc\u00f3w ze starannie wyselekcjonowanych naturalnych sk\u0142adnik\u00f3w w najwy\u017cszej jako\u015bci \u017cywno\u015bci BIO. Produkowane s\u0105 przez tzw \u201et\u0142oczenie na zimno\u201d. Podczas produkcji w temperaturze granicznej do 40\u00b0C zostaj\u0105 zachowane wszystkie naturalne substancje o wysokiej strawno\u015bci. Produkt nape\u0142niany jest w atmosferze O3, dzi\u0119ki czemu NIE zawiera konserwant\u00f3w. Produkt nie zawiera \u017cadnych substancji wytwarzanych chemicznie, emulgator\u00f3w, stabilizator\u00f3w, barwnik\u00f3w chemicznych, dodatk\u00f3w, wype\u0142niaczy, aromat\u00f3w ani bia\u0142ego cukru.<\/p>\n<p>Charakterystyka: Produkt zawiera 76% bia\u0142ka, 14 rodzaj\u00f3w witamin, 10 rodzaj\u00f3w minera\u0142\u00f3w i 18 rodzaj\u00f3w aminokwas\u00f3w oraz jest uzupe\u0142niony skutecznymi sk\u0142adnikami kompleksowo chroni\u0105cymi stawy i wi\u0119zad\u0142a (siarczan glukozaminy, siarczan chondroityny, MSM). Kolejnymi integralnymi sk\u0142adnikami kompleksowego od\u017cywiania s\u0105 witaminy i minera\u0142y:<\/p>\n<p>Witaminy: A, B1, B2, B3, B6, B12, C, D, D3, E, K<br \/>\nMinera\u0142y: Ca, Fe, Mg, P, K, Na, Zn, Cu, Mn, Se<\/p>\n<p>Dla bardziej z\u0142o\u017conej zawarto\u015bci aminokwas\u00f3w zawiera proso, amarantus, kasz\u0119 gryczan\u0105 i inne sk\u0142adniki, kt\u00f3re r\u00f3wnie\u017c przyczyniaj\u0105 si\u0119 do:<\/p>\n<p>dobrze oczyszcza jelita (zapobiega stanom zapalnym dwunastnicy, wzd\u0119ciom, nowotworom),<br \/>\ndro\u017cno\u015b\u0107 naczy\u0144 krwiono\u015bnych, ich elastyczno\u015b\u0107,<br \/>\npoprawa uk\u0142adu odporno\u015bciowego,<br \/>\nwydalanie kwasu moczowego i<br \/>\nzapobieganie hemoroidom.<\/p>\n<p>Zbilansowana mieszanka gwarantuje stopniowe wch\u0142anianie przez kilka godzin, dlatego mo\u017cna j\u0105 stosowa\u0107 tak\u017ce wieczorem.<\/p>\n<p>Warto\u015bci od\u017cywcze (w 100 g): bia\u0142ko 76 g, w\u0119glowodany (w tym cukry) 13 g, t\u0142uszcz 0,7 g<\/p>\n<p>Ostrze\u017cenie: Nie przekracza\u0107 zalecanej dawki dziennej. Nie zast\u0119puje zr\u00f3\u017cnicowanej diety. Produkt nie jest przeznaczony dla dzieci, kobiet w ci\u0105\u017cy i karmi\u0105cych piersi\u0105. Trzyma\u0107 poza zasi\u0119giem dzieci. Po otwarciu zu\u017cy\u0107 w ci\u0105gu 3 miesi\u0119cy.<\/p>\n<p>Przechowywa\u0107 w suchym i ch\u0142odnym miejscu, nie wystawia\u0107 na dzia\u0142anie s\u0142o\u0144ca i mrozu, minimalny termin przydatno\u015bci do spo\u017cycia w optymalnych warunkach przechowywania podany jest na etykiecie.<\/p>\n","protected":false},"excerpt":{"rendered":"<p>Wszystkie suplementy diety Fights Star zosta\u0142y stworzone specjalnie dla sportowc\u00f3w ze starannie wyselekcjonowanych naturalnych sk\u0142adnik\u00f3w w najwy\u017cszej jako\u015bci \u017cywno\u015bci BIO. Produkowane s\u0105 przez tzw \u201et\u0142oczenie na zimno\u201d. Podczas produkcji w temperaturze granicznej do 40\u00b0C zostaj\u0105 zachowane wszystkie naturalne substancje o wysokiej strawno\u015bci. Produkt nape\u0142niany jest w atmosferze O3, dzi\u0119ki czemu NIE zawiera konserwant\u00f3w. Produkt nie zawiera \u017cadnych substancji wytwarzanych chemicznie, emulgator\u00f3w, stabilizator\u00f3w, barwnik\u00f3w chemicznych, dodatk\u00f3w, wype\u0142niaczy, aromat\u00f3w ani bia\u0142ego cukru.<\/p>\n","protected":false},"featured_media":169667,"comment_status":"open","ping_status":"closed","template":"","meta":[],"pwb-brand":[3638],"product_brand":[],"product_cat":[3338],"product_tag":[],"class_list":{"0":"post-307944","1":"product","2":"type-product","3":"status-publish","4":"has-post-thumbnail","6":"pwb-brand-gwiazda-walki","7":"product_cat-bio-protein-pl","9":"first","10":"outofstock","11":"taxable","12":"shipping-taxable","13":"purchasable","14":"product-type-simple"},"brands":[{"id":3638,"name":"Gwiazda Walki","slug":"gwiazda-walki"}],"_links":{"self":[{"href":"https:\/\/www.moskito.cz\/pl\/wp-json\/wp\/v2\/product\/307944","targetHints":{"allow":["GET"]}}],"collection":[{"href":"https:\/\/www.moskito.cz\/pl\/wp-json\/wp\/v2\/product"}],"about":[{"href":"https:\/\/www.moskito.cz\/pl\/wp-json\/wp\/v2\/types\/product"}],"replies":[{"embeddable":true,"href":"https:\/\/www.moskito.cz\/pl\/wp-json\/wp\/v2\/comments?post=307944"}],"wp:featuredmedia":[{"embeddable":true,"href":"https:\/\/www.moskito.cz\/pl\/wp-json\/wp\/v2\/media\/169667"}],"wp:attachment":[{"href":"https:\/\/www.moskito.cz\/pl\/wp-json\/wp\/v2\/media?parent=307944"}],"wp:term":[{"taxonomy":"pwb-brand","embeddable":true,"href":"https:\/\/www.moskito.cz\/pl\/wp-json\/wp\/v2\/pwb-brand?post=307944"},{"taxonomy":"product_brand","embeddable":true,"href":"https:\/\/www.moskito.cz\/pl\/wp-json\/wp\/v2\/product_brand?post=307944"},{"taxonomy":"product_cat","embeddable":true,"href":"https:\/\/www.moskito.cz\/pl\/wp-json\/wp\/v2\/product_cat?post=307944"},{"taxonomy":"product_tag","embeddable":true,"href":"https:\/\/www.moskito.cz\/pl\/wp-json\/wp\/v2\/product_tag?post=307944"}],"curies":[{"name":"wp","href":"https:\/\/api.w.org\/{rel}","templated":true}]}}