{"id":307972,"date":"2020-09-16T19:43:47","date_gmt":"2024-02-06T11:01:35","guid":{"rendered":"https:\/\/www.moskito.cz\/produkt\/biobialko-dla-kobiet-1kg\/"},"modified":"2025-07-11T07:52:21","modified_gmt":"2025-07-11T06:52:21","slug":"biobialko-dla-kobiet-1kg","status":"publish","type":"product","link":"https:\/\/www.moskito.cz\/pl\/produkt\/biobialko-dla-kobiet-1kg\/","title":{"rendered":"Biobia\u0142ko dla kobiet 1kg."},"content":{"rendered":"<p>Biobia\u0142ko dla kobiet 1kg. (suplement diety)<\/p>\n<p>Przeznaczenie: wzrost masy mi\u0119\u015bniowej, wytrzyma\u0142o\u015bci si\u0142owej, wzrost kondycji fizycznej i szybko\u015bci<\/p>\n<p>Charakterystyka: W 100% naturalny suplement diety przeznaczony dla kobiet i dziewcz\u0105t uprawiaj\u0105cych sporty walki. Specjalnie opracowana mieszanka zawiera 4-sk\u0142adnikowe bia\u0142ka (bia\u0142ko, serwatka, soja i zbo\u017ce), 5 w\u0119glowodan\u00f3w (glukoz\u0119, fruktoz\u0119, maltoz\u0119, dekstroz\u0119 i galaktoz\u0119) wa\u017cnych dla regeneracji mi\u0119\u015bni po treningu oraz ca\u0142\u0105 gam\u0119 witamin i minera\u0142\u00f3w. Dzi\u0119ki koenzymom, minera\u0142om i celowo dodanym aminokwasom wp\u0142ywa i niemal zatrzymuje powstawanie zmarszczek. Korzystnie wp\u0142ywa na sk\u00f3r\u0119 i jej pierwsze warstwy podsk\u00f3rnej tkanki t\u0142uszczowej oraz niemal zatrzymuje proces powstawania cellulitu. Dzi\u0119ki silnemu stosunkowi wapnia, magnezu, potasu i olejk\u00f3w eterycznych wspomaga wzrost paznokci i w\u0142os\u00f3w. Wreszcie zawiera silne przeciwutleniacze, takie jak selen, kamu kamu itp. Uzupe\u0142niony jest naturalnymi substancjami, takimi jak papaja, spirulina i koci mafe. Proporcja sk\u0142adnik\u00f3w produktu uwzgl\u0119dnia okres menopauzy i pozytywnie wp\u0142ywa na produkcj\u0119 estrogen\u00f3w (estrogen wp\u0142ywa na redukcj\u0119 tkanki t\u0142uszczowej podsk\u00f3rnej).<\/p>\n<p>Sk\u0142ad: 81% bia\u0142ka (bia\u0142ko, serwatka, soja i zbo\u017ca), glukoza, fruktoza, maltoza, dekstroza i galaktoza, kamu kamu, katamfe, &#8230;<\/p>\n<p>Witaminy: A, B1, B2, B3, B6, B12, C, D, D3, E, K<\/p>\n<p>Minera\u0142y: Ca, Fe, Mg, P, K, Na, Zn, Cu, Mn, Se<\/p>\n<p>Wybrane surowce: camu camu (najsilniejszy przeciwutleniacz w\u015br\u00f3d substancji zawieraj\u0105cych witamin\u0119 C, 4x silniejszy ni\u017c chemiczna witamina C\/kwas cytrynowy\/; dzi\u0119ki temu, \u017ce nie jest wytwarzana sztucznie chemicznie, charakteryzuje si\u0119 wysok\u0105 wch\u0142anialno\u015bci\u0105), owoce baobabu, proso , katamfe, amarantus, kasza gryczana, spirulina (algi wodne i bardzo silny przeciwutleniacz, jednocze\u015bnie wspomaga wch\u0142anianie kolagenu), papaja, dzika r\u00f3\u017ca, pangamina, kolagen rybi itp.<\/p>\n<p>Kolejn\u0105 formu\u0142\u0105 naszego produktu jest kompleksowa ochrona aparatu stawowo-wi\u0119zad\u0142owego, kt\u00f3r\u0105 zapewniaj\u0105 kolageny I, II i III:<br \/>\n&#8211; kolagen I &#8211; ochrona \u015bci\u0119gien, wi\u0119zade\u0142, ko\u015bci, staw\u00f3w, pochewek narz\u0105d\u00f3w i tkanek cienkich<br \/>\n&#8211; kolagen II &#8211; ochrona chrz\u0105stki<br \/>\n&#8211; kolagen III &#8211; stanowi wsparcie dla tkanek mi\u0119kkich i gi\u0119tkich &#8211; m.in. kom\u00f3rki mi\u0119\u015bni g\u0142adkich, w\u0142\u00f3kna nerwowe, &#8230;<\/p>\n<p>Kolageny korzystnie wp\u0142ywaj\u0105 tak\u017ce na serce, na zaniedbane mi\u0119\u015bnie wewn\u0119trzne i zapobiegaj\u0105 gor\u0105czce mi\u0119\u015bniowej.<\/p>\n<p>Inne efekty Kobiety:<br \/>\n&#8211; dzia\u0142a oczyszczaj\u0105co na jelita (zapobiega zapaleniu dwunastnicy)<br \/>\n&#8211; przeciw wzd\u0119ciom i nowotworom<br \/>\n&#8211; pomagaj\u0105 uczyni\u0107 naczynia krwiono\u015bne bardziej przepuszczalnymi i elastycznymi<br \/>\n&#8211; znacz\u0105co poprawia uk\u0142ad odporno\u015bciowy<br \/>\n&#8211; pomaga wydala\u0107 kwas moczowy<br \/>\n&#8211; przeciw hemoroidom<br \/>\n&#8211; nie zawieraj\u0105 glutenu, nie zatykaj\u0105 jelit<\/p>\n<p>Wszystkie suplementy diety Fights Star zosta\u0142y stworzone specjalnie dla sportowc\u00f3w ze starannie wyselekcjonowanych naturalnych sk\u0142adnik\u00f3w w najwy\u017cszej jako\u015bci \u017cywno\u015bci BIO. Produkowane s\u0105 przez tzw \u201et\u0142oczenie na zimno\u201d. Podczas produkcji w temperaturze granicznej do 40\u00b0C zostaj\u0105 zachowane wszystkie naturalne substancje o wysokiej strawno\u015bci. Produkt nape\u0142niany jest w atmosferze O3, dzi\u0119ki czemu NIE zawiera konserwant\u00f3w. Produkt nie zawiera \u017cadnych substancji wytwarzanych chemicznie, emulgator\u00f3w, stabilizator\u00f3w, barwnik\u00f3w chemicznych, dodatk\u00f3w, wype\u0142niaczy, aromat\u00f3w ani bia\u0142ego cukru.<\/p>\n<p>Zbilansowana mieszanka gwarantuje stopniowe wch\u0142anianie przez kilka godzin, dlatego mo\u017cna j\u0105 stosowa\u0107 tak\u017ce wieczorem.<\/p>\n<p>Warto\u015bci od\u017cywcze (w 100 g): bia\u0142ko 70,6 g, w\u0119glowodany (w tym cukry) 19,2 g, t\u0142uszcz 2,2 g, woda 6,4 g<\/p>\n<p>Ostrze\u017cenie: Nie przekracza\u0107 zalecanej dawki dziennej. Nie zast\u0119puje zr\u00f3\u017cnicowanej diety. Ten produkt nie jest przeznaczony dla dzieci. Trzyma\u0107 poza zasi\u0119giem dzieci. Po otwarciu zu\u017cy\u0107 w ci\u0105gu 3 miesi\u0119cy.<\/p>\n<p>Przechowywa\u0107 w suchym i ch\u0142odnym miejscu, nie wystawia\u0107 na dzia\u0142anie s\u0142o\u0144ca i mrozu, minimalny termin przydatno\u015bci do spo\u017cycia w optymalnych warunkach przechowywania podany jest na etykiecie.<\/p>\n","protected":false},"excerpt":{"rendered":"<p>Wszystkie suplementy diety Fights Star zosta\u0142y stworzone specjalnie dla sportowc\u00f3w ze starannie wyselekcjonowanych naturalnych sk\u0142adnik\u00f3w w najwy\u017cszej jako\u015bci \u017cywno\u015bci BIO. Produkowane s\u0105 przez tzw \u201et\u0142oczenie na zimno\u201d. Podczas produkcji w temperaturze granicznej do 40\u00b0C zostaj\u0105 zachowane wszystkie naturalne substancje o wysokiej strawno\u015bci. Produkt nape\u0142niany jest w atmosferze O3, dzi\u0119ki czemu NIE zawiera konserwant\u00f3w. Produkt nie zawiera \u017cadnych substancji wytwarzanych chemicznie, emulgator\u00f3w, stabilizator\u00f3w, barwnik\u00f3w chemicznych, dodatk\u00f3w, wype\u0142niaczy, aromat\u00f3w ani bia\u0142ego cukru.<\/p>\n","protected":false},"featured_media":169679,"comment_status":"open","ping_status":"closed","template":"","meta":[],"pwb-brand":[3638],"product_brand":[],"product_cat":[3338],"product_tag":[],"class_list":{"0":"post-307972","1":"product","2":"type-product","3":"status-publish","4":"has-post-thumbnail","6":"pwb-brand-gwiazda-walki","7":"product_cat-bio-protein-pl","9":"first","10":"instock","11":"taxable","12":"shipping-taxable","13":"purchasable","14":"product-type-simple"},"brands":[{"id":3638,"name":"Gwiazda Walki","slug":"gwiazda-walki"}],"_links":{"self":[{"href":"https:\/\/www.moskito.cz\/pl\/wp-json\/wp\/v2\/product\/307972","targetHints":{"allow":["GET"]}}],"collection":[{"href":"https:\/\/www.moskito.cz\/pl\/wp-json\/wp\/v2\/product"}],"about":[{"href":"https:\/\/www.moskito.cz\/pl\/wp-json\/wp\/v2\/types\/product"}],"replies":[{"embeddable":true,"href":"https:\/\/www.moskito.cz\/pl\/wp-json\/wp\/v2\/comments?post=307972"}],"wp:featuredmedia":[{"embeddable":true,"href":"https:\/\/www.moskito.cz\/pl\/wp-json\/wp\/v2\/media\/169679"}],"wp:attachment":[{"href":"https:\/\/www.moskito.cz\/pl\/wp-json\/wp\/v2\/media?parent=307972"}],"wp:term":[{"taxonomy":"pwb-brand","embeddable":true,"href":"https:\/\/www.moskito.cz\/pl\/wp-json\/wp\/v2\/pwb-brand?post=307972"},{"taxonomy":"product_brand","embeddable":true,"href":"https:\/\/www.moskito.cz\/pl\/wp-json\/wp\/v2\/product_brand?post=307972"},{"taxonomy":"product_cat","embeddable":true,"href":"https:\/\/www.moskito.cz\/pl\/wp-json\/wp\/v2\/product_cat?post=307972"},{"taxonomy":"product_tag","embeddable":true,"href":"https:\/\/www.moskito.cz\/pl\/wp-json\/wp\/v2\/product_tag?post=307972"}],"curies":[{"name":"wp","href":"https:\/\/api.w.org\/{rel}","templated":true}]}}