{"id":307976,"date":"2020-09-24T09:12:49","date_gmt":"2024-02-06T11:01:38","guid":{"rendered":"https:\/\/www.moskito.cz\/produkt\/maczeta-outdoor-edge-saberback-bowie\/"},"modified":"2025-07-11T07:52:25","modified_gmt":"2025-07-11T06:52:25","slug":"maczeta-outdoor-edge-saberback-bowie","status":"publish","type":"product","link":"https:\/\/www.moskito.cz\/pl\/produkt\/maczeta-outdoor-edge-saberback-bowie\/","title":{"rendered":"Maczeta Outdoor Edge SABERBACK BOWIE"},"content":{"rendered":"<p>Maczeta Outdoor Edge SABERBACK BOWIE.<br \/>\nR\u0119koje\u015b\u0107 pokryta jest gum\u0105, co zapewnia maksymalne bezpiecze\u0144stwo chwytu i wygod\u0119 pod obci\u0105\u017ceniem. Ostrze ze stali w\u0119glowej 65Mn jest niezwykle trwa\u0142e i mocne. W zestawie praktyczne nylonowe etui. Ca\u0142kowita d\u0142ugo\u015b\u0107 wynosi 44,2 cm. D\u0142ugo\u015b\u0107 ostrza wynosi 26 cm. Waga maczety wynosi 390 g.<\/p>\n","protected":false},"excerpt":{"rendered":"<p>Maczeta z pochw\u0105.<\/p>\n","protected":false},"featured_media":169766,"comment_status":"open","ping_status":"closed","template":"","meta":[],"pwb-brand":[3649],"product_brand":[],"product_cat":[3650],"product_tag":[],"class_list":{"0":"post-307976","1":"product","2":"type-product","3":"status-publish","4":"has-post-thumbnail","6":"pwb-brand-krawedz-zewnetrzna","7":"product_cat-maczety","9":"first","10":"outofstock","11":"taxable","12":"shipping-taxable","13":"purchasable","14":"product-type-simple"},"brands":[{"id":3649,"name":"Kraw\u0119d\u017a zewn\u0119trzna","slug":"krawedz-zewnetrzna"}],"_links":{"self":[{"href":"https:\/\/www.moskito.cz\/pl\/wp-json\/wp\/v2\/product\/307976","targetHints":{"allow":["GET"]}}],"collection":[{"href":"https:\/\/www.moskito.cz\/pl\/wp-json\/wp\/v2\/product"}],"about":[{"href":"https:\/\/www.moskito.cz\/pl\/wp-json\/wp\/v2\/types\/product"}],"replies":[{"embeddable":true,"href":"https:\/\/www.moskito.cz\/pl\/wp-json\/wp\/v2\/comments?post=307976"}],"wp:featuredmedia":[{"embeddable":true,"href":"https:\/\/www.moskito.cz\/pl\/wp-json\/wp\/v2\/media\/169766"}],"wp:attachment":[{"href":"https:\/\/www.moskito.cz\/pl\/wp-json\/wp\/v2\/media?parent=307976"}],"wp:term":[{"taxonomy":"pwb-brand","embeddable":true,"href":"https:\/\/www.moskito.cz\/pl\/wp-json\/wp\/v2\/pwb-brand?post=307976"},{"taxonomy":"product_brand","embeddable":true,"href":"https:\/\/www.moskito.cz\/pl\/wp-json\/wp\/v2\/product_brand?post=307976"},{"taxonomy":"product_cat","embeddable":true,"href":"https:\/\/www.moskito.cz\/pl\/wp-json\/wp\/v2\/product_cat?post=307976"},{"taxonomy":"product_tag","embeddable":true,"href":"https:\/\/www.moskito.cz\/pl\/wp-json\/wp\/v2\/product_tag?post=307976"}],"curies":[{"name":"wp","href":"https:\/\/api.w.org\/{rel}","templated":true}]}}