{"id":307981,"date":"2020-09-24T11:18:18","date_gmt":"2024-02-06T11:01:40","guid":{"rendered":"https:\/\/www.moskito.cz\/produkt\/noz-skladany-miguel-nieto-artesanal-art-8\/"},"modified":"2025-07-11T07:52:25","modified_gmt":"2025-07-11T06:52:25","slug":"noz-skladany-miguel-nieto-artesanal-art-8","status":"publish","type":"product","link":"https:\/\/www.moskito.cz\/pl\/produkt\/noz-skladany-miguel-nieto-artesanal-art-8\/","title":{"rendered":"N\u00f3\u017c sk\u0142adany Miguel Nieto ARTESANAL ART-8"},"content":{"rendered":"<p>N\u00f3\u017c sk\u0142adany Miguel Nieto ARTESANAL ART-8.<br \/>\nR\u0119cznie robiony n\u00f3\u017c my\u015bliwski.<br \/>\nJest to ca\u0142kowicie r\u0119cznie wykonany n\u00f3\u017c z zabezpieczeniem.<br \/>\nDwukolorowa r\u0119koje\u015b\u0107 z ko\u015bci jelenia z przek\u0142adkami z cyrkoniow\u0105 wk\u0142adk\u0105 i stabilizowanym kr\u0119conym drewnem brzozowym.<br \/>\nOstrze jest r\u0119cznie zdobione chwastami i ozdobione limonk\u0105.<\/p>\n<p>Stal AN-58<br \/>\nR\u0119koje\u015b\u0107 wykonana jest ze stabilizowanego drewna brzozowego kr\u0119conego<br \/>\nRozmiar ostrza 8 cm<br \/>\nRozmiar 18cm<br \/>\nWaga 127 gr<br \/>\nko\u015b\u0107 jelenia<\/p>\n","protected":false},"excerpt":{"rendered":"<p>Podstaw\u0105 firmy Miguel Nieto jest osi\u0105gni\u0119cie niezawodnej jako\u015bci, kt\u00f3ra \u0142\u0105czy post\u0119p technologiczny z tradycjami.<br \/>\n<strong>Wyprodukowane w Hiszpanii.<\/strong><\/p>\n","protected":false},"featured_media":174851,"comment_status":"open","ping_status":"closed","template":"","meta":[],"pwb-brand":[3455],"product_brand":[],"product_cat":[3296,3307],"product_tag":[],"class_list":{"0":"post-307981","1":"product","2":"type-product","3":"status-publish","4":"has-post-thumbnail","6":"pwb-brand-nie","7":"product_cat-noze-pl","8":"product_cat-zamykanie-nozy","10":"first","11":"outofstock","12":"taxable","13":"shipping-taxable","14":"purchasable","15":"product-type-simple"},"brands":[{"id":3455,"name":"Nie","slug":"nie"}],"_links":{"self":[{"href":"https:\/\/www.moskito.cz\/pl\/wp-json\/wp\/v2\/product\/307981","targetHints":{"allow":["GET"]}}],"collection":[{"href":"https:\/\/www.moskito.cz\/pl\/wp-json\/wp\/v2\/product"}],"about":[{"href":"https:\/\/www.moskito.cz\/pl\/wp-json\/wp\/v2\/types\/product"}],"replies":[{"embeddable":true,"href":"https:\/\/www.moskito.cz\/pl\/wp-json\/wp\/v2\/comments?post=307981"}],"wp:featuredmedia":[{"embeddable":true,"href":"https:\/\/www.moskito.cz\/pl\/wp-json\/wp\/v2\/media\/174851"}],"wp:attachment":[{"href":"https:\/\/www.moskito.cz\/pl\/wp-json\/wp\/v2\/media?parent=307981"}],"wp:term":[{"taxonomy":"pwb-brand","embeddable":true,"href":"https:\/\/www.moskito.cz\/pl\/wp-json\/wp\/v2\/pwb-brand?post=307981"},{"taxonomy":"product_brand","embeddable":true,"href":"https:\/\/www.moskito.cz\/pl\/wp-json\/wp\/v2\/product_brand?post=307981"},{"taxonomy":"product_cat","embeddable":true,"href":"https:\/\/www.moskito.cz\/pl\/wp-json\/wp\/v2\/product_cat?post=307981"},{"taxonomy":"product_tag","embeddable":true,"href":"https:\/\/www.moskito.cz\/pl\/wp-json\/wp\/v2\/product_tag?post=307981"}],"curies":[{"name":"wp","href":"https:\/\/api.w.org\/{rel}","templated":true}]}}