{"id":307988,"date":"2020-09-22T13:15:35","date_gmt":"2024-02-06T11:01:42","guid":{"rendered":"https:\/\/www.moskito.cz\/produkt\/akrylowe-nunchaku\/"},"modified":"2025-07-11T07:52:23","modified_gmt":"2025-07-11T06:52:23","slug":"akrylowe-nunchaku","status":"publish","type":"product","link":"https:\/\/www.moskito.cz\/pl\/produkt\/akrylowe-nunchaku\/","title":{"rendered":"Akrylowe nunchaku"},"content":{"rendered":"<p>Akrylowe nunchaku.<br \/>\nNunchaku maj\u0105 \u0142a\u0144cuch i \u0142o\u017cyska. D\u0142ugo\u015b\u0107 nunchaku wynosi 28 cm, przeznaczone s\u0105 do bezpiecznego treningu. Nunchaku to jedna z najpopularniejszych broni bojowych.<\/p>\n<p>Nale\u017cy pami\u0119ta\u0107, \u017ce ten produkt nie jest przeznaczony do sprzeda\u017cy osobom poni\u017cej 18 roku \u017cycia.<\/p>\n","protected":false},"excerpt":{"rendered":"<p>Te tradycyjne <strong>nunchaku<\/strong> maj\u0105 28 cm d\u0142ugo\u015bci. Uchwyty s\u0105 po\u0142\u0105czone sworzniami z \u0142o\u017cyskami kulkowymi, co zapewnia p\u0142ynny ruch.<\/p>\n","protected":false},"featured_media":181698,"comment_status":"open","ping_status":"closed","template":"","meta":[],"pwb-brand":[3526],"product_brand":[],"product_cat":[3499],"product_tag":[3671],"class_list":{"0":"post-307988","1":"product","2":"type-product","3":"status-publish","4":"has-post-thumbnail","6":"pwb-brand-wyprodukowano-w-chinach","7":"product_cat-palki-teleskopowe","8":"product_tag-b2b-pl","10":"first","11":"instock","12":"taxable","13":"shipping-taxable","14":"purchasable","15":"product-type-simple"},"brands":[{"id":3526,"name":"Wyprodukowano w Chinach","slug":"wyprodukowano-w-chinach"}],"_links":{"self":[{"href":"https:\/\/www.moskito.cz\/pl\/wp-json\/wp\/v2\/product\/307988","targetHints":{"allow":["GET"]}}],"collection":[{"href":"https:\/\/www.moskito.cz\/pl\/wp-json\/wp\/v2\/product"}],"about":[{"href":"https:\/\/www.moskito.cz\/pl\/wp-json\/wp\/v2\/types\/product"}],"replies":[{"embeddable":true,"href":"https:\/\/www.moskito.cz\/pl\/wp-json\/wp\/v2\/comments?post=307988"}],"wp:featuredmedia":[{"embeddable":true,"href":"https:\/\/www.moskito.cz\/pl\/wp-json\/wp\/v2\/media\/181698"}],"wp:attachment":[{"href":"https:\/\/www.moskito.cz\/pl\/wp-json\/wp\/v2\/media?parent=307988"}],"wp:term":[{"taxonomy":"pwb-brand","embeddable":true,"href":"https:\/\/www.moskito.cz\/pl\/wp-json\/wp\/v2\/pwb-brand?post=307988"},{"taxonomy":"product_brand","embeddable":true,"href":"https:\/\/www.moskito.cz\/pl\/wp-json\/wp\/v2\/product_brand?post=307988"},{"taxonomy":"product_cat","embeddable":true,"href":"https:\/\/www.moskito.cz\/pl\/wp-json\/wp\/v2\/product_cat?post=307988"},{"taxonomy":"product_tag","embeddable":true,"href":"https:\/\/www.moskito.cz\/pl\/wp-json\/wp\/v2\/product_tag?post=307988"}],"curies":[{"name":"wp","href":"https:\/\/api.w.org\/{rel}","templated":true}]}}