{"id":307990,"date":"2020-09-24T08:38:55","date_gmt":"2024-02-06T11:01:43","guid":{"rendered":"https:\/\/www.moskito.cz\/produkt\/ninja-kubotana\/"},"modified":"2025-07-11T07:52:24","modified_gmt":"2025-07-11T06:52:24","slug":"ninja-kubotana","status":"publish","type":"product","link":"https:\/\/www.moskito.cz\/pl\/produkt\/ninja-kubotana\/","title":{"rendered":"Ninja Kubotana"},"content":{"rendered":"<p>Ninja Kubotana.<br \/>\nTo japo\u0144ski bokser o konstrukcji stalowej. D\u0142ugo\u015b\u0107 boksera 150 mm, \u015brednica 13 mm, wysoko\u015b\u0107 kolca 48 mm.<\/p>\n","protected":false},"excerpt":{"rendered":"<p>Bokser Ninja Kubotan.<\/p>\n","protected":false},"featured_media":169761,"comment_status":"open","ping_status":"closed","template":"","meta":[],"pwb-brand":[3526],"product_brand":[],"product_cat":[3417,3387],"product_tag":[],"class_list":{"0":"post-307990","1":"product","2":"type-product","3":"status-publish","4":"has-post-thumbnail","6":"pwb-brand-wyprodukowano-w-chinach","7":"product_cat-katany-i-miecze","8":"product_cat-repliki-mieczy-sztyletow","10":"first","11":"outofstock","12":"taxable","13":"shipping-taxable","14":"purchasable","15":"product-type-simple"},"brands":[{"id":3526,"name":"Wyprodukowano w Chinach","slug":"wyprodukowano-w-chinach"}],"_links":{"self":[{"href":"https:\/\/www.moskito.cz\/pl\/wp-json\/wp\/v2\/product\/307990","targetHints":{"allow":["GET"]}}],"collection":[{"href":"https:\/\/www.moskito.cz\/pl\/wp-json\/wp\/v2\/product"}],"about":[{"href":"https:\/\/www.moskito.cz\/pl\/wp-json\/wp\/v2\/types\/product"}],"replies":[{"embeddable":true,"href":"https:\/\/www.moskito.cz\/pl\/wp-json\/wp\/v2\/comments?post=307990"}],"wp:featuredmedia":[{"embeddable":true,"href":"https:\/\/www.moskito.cz\/pl\/wp-json\/wp\/v2\/media\/169761"}],"wp:attachment":[{"href":"https:\/\/www.moskito.cz\/pl\/wp-json\/wp\/v2\/media?parent=307990"}],"wp:term":[{"taxonomy":"pwb-brand","embeddable":true,"href":"https:\/\/www.moskito.cz\/pl\/wp-json\/wp\/v2\/pwb-brand?post=307990"},{"taxonomy":"product_brand","embeddable":true,"href":"https:\/\/www.moskito.cz\/pl\/wp-json\/wp\/v2\/product_brand?post=307990"},{"taxonomy":"product_cat","embeddable":true,"href":"https:\/\/www.moskito.cz\/pl\/wp-json\/wp\/v2\/product_cat?post=307990"},{"taxonomy":"product_tag","embeddable":true,"href":"https:\/\/www.moskito.cz\/pl\/wp-json\/wp\/v2\/product_tag?post=307990"}],"curies":[{"name":"wp","href":"https:\/\/api.w.org\/{rel}","templated":true}]}}