{"id":307991,"date":"2020-09-22T10:50:17","date_gmt":"2024-02-06T11:01:43","guid":{"rendered":"https:\/\/www.moskito.cz\/produkt\/zestaw-do-manicure-boker-arbolito-classic\/"},"modified":"2025-07-11T07:52:22","modified_gmt":"2025-07-11T06:52:22","slug":"zestaw-do-manicure-boker-arbolito-classic","status":"publish","type":"product","link":"https:\/\/www.moskito.cz\/pl\/produkt\/zestaw-do-manicure-boker-arbolito-classic\/","title":{"rendered":"Zestaw do manicure B\u00f6ker Arbolito Classic"},"content":{"rendered":"<p>Zestaw do manicure B\u00f6ker Arbolito Classic.<br \/>\nTen 5-cz\u0119\u015bciowy zestaw zawiera no\u017cyczki do paznokci, c\u0105\u017cki do paznokci, p\u0119sety proste, pilnik do paznokci i narz\u0119dzie wielofunkcyjne, kt\u00f3re mo\u017ce s\u0142u\u017cy\u0107 jako odpychacz do sk\u00f3rek i n\u00f3\u017c do paznokci. Zestaw zapakowany w sk\u00f3rzane etui.<\/p>\n<p>Waga 113 g.<\/p>\n","protected":false},"excerpt":{"rendered":"<p>Zestaw pi\u0119ciocz\u0119\u015bciowy.<\/p>\n","protected":false},"featured_media":174234,"comment_status":"open","ping_status":"closed","template":"","meta":[],"pwb-brand":[3423],"product_brand":[],"product_cat":[3643],"product_tag":[],"class_list":{"0":"post-307991","1":"product","2":"type-product","3":"status-publish","4":"has-post-thumbnail","6":"pwb-brand-bokera","7":"product_cat-manicure","9":"first","10":"outofstock","11":"taxable","12":"shipping-taxable","13":"purchasable","14":"product-type-simple"},"brands":[{"id":3423,"name":"Bokera","slug":"bokera"}],"_links":{"self":[{"href":"https:\/\/www.moskito.cz\/pl\/wp-json\/wp\/v2\/product\/307991","targetHints":{"allow":["GET"]}}],"collection":[{"href":"https:\/\/www.moskito.cz\/pl\/wp-json\/wp\/v2\/product"}],"about":[{"href":"https:\/\/www.moskito.cz\/pl\/wp-json\/wp\/v2\/types\/product"}],"replies":[{"embeddable":true,"href":"https:\/\/www.moskito.cz\/pl\/wp-json\/wp\/v2\/comments?post=307991"}],"wp:featuredmedia":[{"embeddable":true,"href":"https:\/\/www.moskito.cz\/pl\/wp-json\/wp\/v2\/media\/174234"}],"wp:attachment":[{"href":"https:\/\/www.moskito.cz\/pl\/wp-json\/wp\/v2\/media?parent=307991"}],"wp:term":[{"taxonomy":"pwb-brand","embeddable":true,"href":"https:\/\/www.moskito.cz\/pl\/wp-json\/wp\/v2\/pwb-brand?post=307991"},{"taxonomy":"product_brand","embeddable":true,"href":"https:\/\/www.moskito.cz\/pl\/wp-json\/wp\/v2\/product_brand?post=307991"},{"taxonomy":"product_cat","embeddable":true,"href":"https:\/\/www.moskito.cz\/pl\/wp-json\/wp\/v2\/product_cat?post=307991"},{"taxonomy":"product_tag","embeddable":true,"href":"https:\/\/www.moskito.cz\/pl\/wp-json\/wp\/v2\/product_tag?post=307991"}],"curies":[{"name":"wp","href":"https:\/\/api.w.org\/{rel}","templated":true}]}}