{"id":307997,"date":"2020-09-26T21:30:41","date_gmt":"2024-02-06T11:01:44","guid":{"rendered":"https:\/\/www.moskito.cz\/produkt\/naprawiono-noz-dzungli-karambit\/"},"modified":"2025-07-11T07:52:29","modified_gmt":"2025-07-11T06:52:29","slug":"naprawiono-noz-dzungli-karambit","status":"publish","type":"product","link":"https:\/\/www.moskito.cz\/pl\/produkt\/naprawiono-noz-dzungli-karambit\/","title":{"rendered":"Naprawiono N\u00f3\u017c D\u017cungli Karambit"},"content":{"rendered":"<p>Naprawiono N\u00f3\u017c D\u017cungli Karambit.<br \/>\nKr\u00f3tko m\u00f3wi\u0105c, Karambit mo\u017cna okre\u015bli\u0107 jako niezwyk\u0142y n\u00f3\u017c wielofunkcyjny zaprojektowany z my\u015bl\u0105 o bezpiecze\u0144stwie, precyzji i wydajno\u015bci. N\u00f3\u017c posiada zakrzywione lub zagi\u0119te ostrze, ergonomiczn\u0105 r\u0119koje\u015b\u0107 i zazwyczaj posiada przynajmniej jeden pier\u015bcie\u0144 zabezpieczaj\u0105cy. Poprzednik wsp\u00f3\u0142czesnego karambitu pojawi\u0142 si\u0119 po raz pierwszy w Indonezji w XI wieku. wieku jako narz\u0119dzie stosowane w rolnictwie lub jako ostre ostrze funkcjonalne o uniwersalnym zastosowaniu.<br \/>\nCa\u0142kowita d\u0142ugo\u015b\u0107 no\u017ca to 20 cm,<br \/>\nMateria\u0142 ostrza: D2<br \/>\nD\u0142ugo\u015b\u0107 ostrza: 7,5 cm<br \/>\nW zestawie kabura Kydex.<\/p>\n","protected":false},"excerpt":{"rendered":"<p>N\u00f3\u017c sta\u0142y z pochw\u0105.<\/p>\n","protected":false},"featured_media":169836,"comment_status":"open","ping_status":"closed","template":"","meta":[],"pwb-brand":[3657],"product_brand":[],"product_cat":[3359,3296],"product_tag":[],"class_list":{"0":"post-307997","1":"product","2":"type-product","3":"status-publish","4":"has-post-thumbnail","6":"pwb-brand-defcon-pl","7":"product_cat-karambity-pl","8":"product_cat-noze-pl","10":"first","11":"instock","12":"taxable","13":"shipping-taxable","14":"purchasable","15":"product-type-simple"},"brands":[{"id":3657,"name":"Defcon","slug":"defcon-pl"}],"_links":{"self":[{"href":"https:\/\/www.moskito.cz\/pl\/wp-json\/wp\/v2\/product\/307997","targetHints":{"allow":["GET"]}}],"collection":[{"href":"https:\/\/www.moskito.cz\/pl\/wp-json\/wp\/v2\/product"}],"about":[{"href":"https:\/\/www.moskito.cz\/pl\/wp-json\/wp\/v2\/types\/product"}],"replies":[{"embeddable":true,"href":"https:\/\/www.moskito.cz\/pl\/wp-json\/wp\/v2\/comments?post=307997"}],"wp:featuredmedia":[{"embeddable":true,"href":"https:\/\/www.moskito.cz\/pl\/wp-json\/wp\/v2\/media\/169836"}],"wp:attachment":[{"href":"https:\/\/www.moskito.cz\/pl\/wp-json\/wp\/v2\/media?parent=307997"}],"wp:term":[{"taxonomy":"pwb-brand","embeddable":true,"href":"https:\/\/www.moskito.cz\/pl\/wp-json\/wp\/v2\/pwb-brand?post=307997"},{"taxonomy":"product_brand","embeddable":true,"href":"https:\/\/www.moskito.cz\/pl\/wp-json\/wp\/v2\/product_brand?post=307997"},{"taxonomy":"product_cat","embeddable":true,"href":"https:\/\/www.moskito.cz\/pl\/wp-json\/wp\/v2\/product_cat?post=307997"},{"taxonomy":"product_tag","embeddable":true,"href":"https:\/\/www.moskito.cz\/pl\/wp-json\/wp\/v2\/product_tag?post=307997"}],"curies":[{"name":"wp","href":"https:\/\/api.w.org\/{rel}","templated":true}]}}