{"id":308010,"date":"2020-09-26T19:59:25","date_gmt":"2024-02-06T11:01:51","guid":{"rendered":"https:\/\/www.moskito.cz\/produkt\/stojak-na-katane\/"},"modified":"2025-07-11T07:52:28","modified_gmt":"2025-07-11T06:52:28","slug":"stojak-na-katane","status":"publish","type":"product","link":"https:\/\/www.moskito.cz\/pl\/produkt\/stojak-na-katane\/","title":{"rendered":"Stojak na Katan\u0119"},"content":{"rendered":"<p>Stojak na Katan\u0119.<br \/>\nStojak na katan\u0119 jest sk\u0142adany &#8211; mo\u017cesz go po prostu z\u0142o\u017cy\u0107 lub roz\u0142o\u017cy\u0107 za pomoc\u0105 kilku drewnianych element\u00f3w.<\/p>\n","protected":false},"excerpt":{"rendered":"<p>Stojak na Katan\u0119.<\/p>\n","protected":false},"featured_media":169819,"comment_status":"open","ping_status":"closed","template":"","meta":[],"pwb-brand":[3663],"product_brand":[],"product_cat":[3417,3387],"product_tag":[],"class_list":{"0":"post-308010","1":"product","2":"type-product","3":"status-publish","4":"has-post-thumbnail","6":"pwb-brand-roznorodny","7":"product_cat-katany-i-miecze","8":"product_cat-repliki-mieczy-sztyletow","10":"first","11":"outofstock","12":"taxable","13":"shipping-taxable","14":"purchasable","15":"product-type-simple"},"brands":[{"id":3663,"name":"R\u00f3\u017cnorodny","slug":"roznorodny"}],"_links":{"self":[{"href":"https:\/\/www.moskito.cz\/pl\/wp-json\/wp\/v2\/product\/308010","targetHints":{"allow":["GET"]}}],"collection":[{"href":"https:\/\/www.moskito.cz\/pl\/wp-json\/wp\/v2\/product"}],"about":[{"href":"https:\/\/www.moskito.cz\/pl\/wp-json\/wp\/v2\/types\/product"}],"replies":[{"embeddable":true,"href":"https:\/\/www.moskito.cz\/pl\/wp-json\/wp\/v2\/comments?post=308010"}],"wp:featuredmedia":[{"embeddable":true,"href":"https:\/\/www.moskito.cz\/pl\/wp-json\/wp\/v2\/media\/169819"}],"wp:attachment":[{"href":"https:\/\/www.moskito.cz\/pl\/wp-json\/wp\/v2\/media?parent=308010"}],"wp:term":[{"taxonomy":"pwb-brand","embeddable":true,"href":"https:\/\/www.moskito.cz\/pl\/wp-json\/wp\/v2\/pwb-brand?post=308010"},{"taxonomy":"product_brand","embeddable":true,"href":"https:\/\/www.moskito.cz\/pl\/wp-json\/wp\/v2\/product_brand?post=308010"},{"taxonomy":"product_cat","embeddable":true,"href":"https:\/\/www.moskito.cz\/pl\/wp-json\/wp\/v2\/product_cat?post=308010"},{"taxonomy":"product_tag","embeddable":true,"href":"https:\/\/www.moskito.cz\/pl\/wp-json\/wp\/v2\/product_tag?post=308010"}],"curies":[{"name":"wp","href":"https:\/\/api.w.org\/{rel}","templated":true}]}}