{"id":308023,"date":"2020-09-29T20:23:48","date_gmt":"2024-02-06T11:02:14","guid":{"rendered":"https:\/\/www.moskito.cz\/produkt\/biobialko-l-glutamina-1kg\/"},"modified":"2025-07-11T07:52:30","modified_gmt":"2025-07-11T06:52:30","slug":"biobialko-l-glutamina-1kg","status":"publish","type":"product","link":"https:\/\/www.moskito.cz\/pl\/produkt\/biobialko-l-glutamina-1kg\/","title":{"rendered":"Biobia\u0142ko L-Glutamina 1kg."},"content":{"rendered":"<p>Biobia\u0142ko L-Glutamina 1kg.<br \/>\nCzysta L-Glutamina zwi\u0119ksza odporno\u015b\u0107, wyp\u0142ukuje hormon wzrostu i testosteron po wysi\u0142ku. Dzia\u0142a na podobnym mechanizmie jak anaboliki.<\/p>\n<p>Przeznaczenie: przyspieszacz wzrostu i regeneracji masy mi\u0119\u015bniowej.<\/p>\n<p>Charakterystyka: Najbardziej rzucaj\u0105cym si\u0119 w oczy elementem tego pod\u0142o\u017ca jest niezwykle podwy\u017cszona zawarto\u015b\u0107 glutaminy (do 100 g\/18 g). Opr\u00f3cz BCAA aminokwas ten jest jednym z najwa\u017cniejszych dla organizmu. Dzi\u0119ki bardzo du\u017cej ilo\u015bci tego aminokwasu mo\u017cesz pozwoli\u0107 sobie na wyj\u0105tkowo ci\u0119\u017cki i wyczerpuj\u0105cy trening. Zaopatruje kom\u00f3rki mi\u0119\u015bniowe w energi\u0119, przyspiesza regeneracj\u0119 tkanek mi\u0119\u015bniowych, zwi\u0119ksza przyrost si\u0142y i szybko\u015bci oraz wspomaga przyrost masy mi\u0119\u015bniowej. Protein Glutamine Nativ jest integraln\u0105 cz\u0119\u015bci\u0105 wi\u0119kszo\u015bci sportowc\u00f3w wyczynowych, kt\u00f3rzy musz\u0105 polega\u0107 na dostawie du\u017cej ilo\u015bci glutaminy do regeneracji praktycznie zaraz po treningu, co gwarantuje eksponowany produkt \u0142\u0105cznie 18 wysokiej jako\u015bci aminokwas\u00f3w o dzia\u0142aniu podstawowa ilo\u015b\u0107 glutaminy.<\/p>\n<p>Wszystkie suplementy diety Fights Star zosta\u0142y stworzone specjalnie dla sportowc\u00f3w ze starannie wyselekcjonowanych naturalnych sk\u0142adnik\u00f3w w najwy\u017cszej jako\u015bci \u017cywno\u015bci BIO. Produkowane s\u0105 przez tzw \u201et\u0142oczenie na zimno\u201d. Podczas produkcji w temperaturze granicznej do 40\u00b0C zostaj\u0105 zachowane wszystkie naturalne substancje o wysokiej strawno\u015bci. Produkt nape\u0142niany jest w atmosferze O3, dzi\u0119ki czemu NIE zawiera konserwant\u00f3w. Produkt nie zawiera \u017cadnych substancji wytwarzanych chemicznie, emulgator\u00f3w, stabilizator\u00f3w, barwnik\u00f3w chemicznych, dodatk\u00f3w, wype\u0142niaczy, aromat\u00f3w ani bia\u0142ego cukru.<\/p>\n<p>Warto\u015bci od\u017cywcze (w 100 g): bia\u0142ko 77,2 g, w\u0119glowodany (w tym cukry) 9,9 g, t\u0142uszcze 5,4 g, woda 6,3 g<\/p>\n<p>Rekomendowana dawka:<\/p>\n<p>Zalecana dzienna porcja: 40 g 2x\u20133x dziennie dla sportowca o wadze ok. 80 kg (przestrzega\u0107 maks. 120g dziennie)<\/p>\n<p>40g\/rano na pusty \u017co\u0142\u0105dek<\/p>\n<p>40g\/po treningu<\/p>\n<p>40g\/przed snem<\/p>\n<p>Ostrze\u017cenie: Nie przekracza\u0107 zalecanej dawki dziennej. Nie zast\u0119puje zr\u00f3\u017cnicowanej diety. Produkt nie jest przeznaczony dla dzieci, kobiet w ci\u0105\u017cy i karmi\u0105cych piersi\u0105. Trzyma\u0107 poza zasi\u0119giem dzieci. Po otwarciu zu\u017cy\u0107 w ci\u0105gu 3 miesi\u0119cy.<\/p>\n<p>Przechowywa\u0107 w suchym i ch\u0142odnym miejscu, nie wystawia\u0107 na dzia\u0142anie s\u0142o\u0144ca i mrozu, minimalny termin przydatno\u015bci do spo\u017cycia w optymalnych warunkach przechowywania podany jest na etykiecie.<\/p>\n","protected":false},"excerpt":{"rendered":"<p>Wszystkie suplementy diety Fights Star zosta\u0142y stworzone specjalnie dla sportowc\u00f3w ze starannie wyselekcjonowanych naturalnych sk\u0142adnik\u00f3w w najwy\u017cszej jako\u015bci \u017cywno\u015bci BIO. Produkowane s\u0105 przez tzw \u201et\u0142oczenie na zimno\u201d. Podczas produkcji w temperaturze granicznej do 40\u00b0C zostaj\u0105 zachowane wszystkie naturalne substancje o wysokiej strawno\u015bci. Produkt nape\u0142niany jest w atmosferze O3, dzi\u0119ki czemu NIE zawiera konserwant\u00f3w. Produkt nie zawiera \u017cadnych substancji wytwarzanych chemicznie, emulgator\u00f3w, stabilizator\u00f3w, barwnik\u00f3w chemicznych, dodatk\u00f3w, wype\u0142niaczy, aromat\u00f3w ani bia\u0142ego cukru.<\/p>\n","protected":false},"featured_media":169889,"comment_status":"open","ping_status":"closed","template":"","meta":[],"pwb-brand":[3638],"product_brand":[],"product_cat":[3338],"product_tag":[],"class_list":{"0":"post-308023","1":"product","2":"type-product","3":"status-publish","4":"has-post-thumbnail","6":"pwb-brand-gwiazda-walki","7":"product_cat-bio-protein-pl","9":"first","10":"instock","11":"taxable","12":"shipping-taxable","13":"purchasable","14":"product-type-simple"},"brands":[{"id":3638,"name":"Gwiazda Walki","slug":"gwiazda-walki"}],"_links":{"self":[{"href":"https:\/\/www.moskito.cz\/pl\/wp-json\/wp\/v2\/product\/308023","targetHints":{"allow":["GET"]}}],"collection":[{"href":"https:\/\/www.moskito.cz\/pl\/wp-json\/wp\/v2\/product"}],"about":[{"href":"https:\/\/www.moskito.cz\/pl\/wp-json\/wp\/v2\/types\/product"}],"replies":[{"embeddable":true,"href":"https:\/\/www.moskito.cz\/pl\/wp-json\/wp\/v2\/comments?post=308023"}],"wp:featuredmedia":[{"embeddable":true,"href":"https:\/\/www.moskito.cz\/pl\/wp-json\/wp\/v2\/media\/169889"}],"wp:attachment":[{"href":"https:\/\/www.moskito.cz\/pl\/wp-json\/wp\/v2\/media?parent=308023"}],"wp:term":[{"taxonomy":"pwb-brand","embeddable":true,"href":"https:\/\/www.moskito.cz\/pl\/wp-json\/wp\/v2\/pwb-brand?post=308023"},{"taxonomy":"product_brand","embeddable":true,"href":"https:\/\/www.moskito.cz\/pl\/wp-json\/wp\/v2\/product_brand?post=308023"},{"taxonomy":"product_cat","embeddable":true,"href":"https:\/\/www.moskito.cz\/pl\/wp-json\/wp\/v2\/product_cat?post=308023"},{"taxonomy":"product_tag","embeddable":true,"href":"https:\/\/www.moskito.cz\/pl\/wp-json\/wp\/v2\/product_tag?post=308023"}],"curies":[{"name":"wp","href":"https:\/\/api.w.org\/{rel}","templated":true}]}}