{"id":308038,"date":"2020-09-29T20:37:10","date_gmt":"2024-02-06T11:02:22","guid":{"rendered":"https:\/\/www.moskito.cz\/produkt\/bio-bialko-jajko-biale-1-kg\/"},"modified":"2025-07-11T07:52:31","modified_gmt":"2025-07-11T06:52:31","slug":"bio-bialko-jajko-biale-1-kg","status":"publish","type":"product","link":"https:\/\/www.moskito.cz\/pl\/produkt\/bio-bialko-jajko-biale-1-kg\/","title":{"rendered":"Bio Bia\u0142ko Jajko Bia\u0142e 1 kg."},"content":{"rendered":"<p>Bio Protein EGG White 1 kg (suplement diety)<br \/>\nSk\u0142adniki: bia\u0142ko jaja<\/p>\n<p>Przeznaczenie: od\u017cywienie masy mi\u0119\u015bniowej o najszybszym wska\u017aniku wch\u0142aniania<\/p>\n<p>Charakterystyka: EGG White 100% to czyste bia\u0142ko z suszonych bia\u0142ek jaj, odpowiednie dla wyczynowych sportowc\u00f3w obci\u0105\u017conych d\u0142ugotrwa\u0142ym treningiem si\u0142owym.<\/p>\n<p>Bia\u0142ko jaja jest jednym z najcenniejszych biologicznie bia\u0142ek wszechczas\u00f3w. Opr\u00f3cz maksymalnej gamy cennych aminokwas\u00f3w, zawiera ca\u0142\u0105 gam\u0119 witamin, minera\u0142\u00f3w i praktycznie wszystkich walor\u00f3w biologicznych organizmu ludzkiego \u2013 nic dziwnego, \u017ce \u017cycie pochodzi z jaj.<\/p>\n<p>Bia\u0142ko jaja ekstrahowane na zimno to nie tylko jedno z bia\u0142ek najwy\u017cszej jako\u015bci, ale tak\u017ce charakteryzuj\u0105ce si\u0119 bardzo szybkim wska\u017anikiem wch\u0142aniania, w przeciwie\u0144stwie np. do bia\u0142ka mleka, kt\u00f3re charakteryzuje si\u0119 bardzo d\u0142ugim okresem p\u00f3\u0142trwania wch\u0142aniania. Dlatego bardzo dobrze nadaje si\u0119 bezpo\u015brednio po treningu, w przeciwie\u0144stwie do innych bia\u0142ek. Ze wzgl\u0119du na bezproblemow\u0105 wch\u0142anialno\u015b\u0107 jest bardzo cz\u0119sto stosowany nie tylko przez sportowc\u00f3w wyczynowych, ale tak\u017ce przez \u0107wicz\u0105cych, cierpi\u0105cych na problemy z przewodem pokarmowym.<\/p>\n<p>Wszystkie suplementy diety Fights Star zosta\u0142y stworzone specjalnie dla sportowc\u00f3w ze starannie wyselekcjonowanych naturalnych sk\u0142adnik\u00f3w w najwy\u017cszej jako\u015bci \u017cywno\u015bci BIO. Produkowane s\u0105 przez tzw \u201et\u0142oczenie na zimno\u201d. Podczas produkcji w temperaturze granicznej do 40\u00b0C zostaj\u0105 zachowane wszystkie naturalne substancje o wysokiej strawno\u015bci. Produkt nape\u0142niany jest w atmosferze O3, dzi\u0119ki czemu NIE zawiera konserwant\u00f3w. Produkt nie zawiera \u017cadnych substancji wytwarzanych chemicznie, emulgator\u00f3w, stabilizator\u00f3w, barwnik\u00f3w chemicznych, dodatk\u00f3w, wype\u0142niaczy, aromat\u00f3w ani bia\u0142ego cukru.<\/p>\n<p>Zbilansowana mieszanka gwarantuje stopniowe wch\u0142anianie przez kilka godzin, dlatego mo\u017cna j\u0105 stosowa\u0107 tak\u017ce wieczorem.<\/p>\n<p>Warto\u015bci od\u017cywcze (w 100 g): bia\u0142ko 84,4 g, w\u0119glowodany (w tym cukry) 6,5 g, t\u0142uszcze 0,1 g, woda 8,5 g<\/p>\n<p>Ostrze\u017cenie: Nie przekracza\u0107 zalecanej dawki dziennej. Nie zast\u0119puje zr\u00f3\u017cnicowanej diety. Produkt nie jest przeznaczony dla dzieci, kobiet w ci\u0105\u017cy i karmi\u0105cych piersi\u0105. Trzyma\u0107 poza zasi\u0119giem dzieci. Po otwarciu zu\u017cy\u0107 w ci\u0105gu 3 miesi\u0119cy.<\/p>\n<p>Przechowywa\u0107 w suchym i ch\u0142odnym miejscu, nie wystawia\u0107 na dzia\u0142anie s\u0142o\u0144ca i mrozu, minimalny termin przydatno\u015bci do spo\u017cycia w optymalnych warunkach przechowywania podany jest na etykiecie.<\/p>\n","protected":false},"excerpt":{"rendered":"<p>Wszystkie suplementy diety Fights Star zosta\u0142y stworzone specjalnie dla sportowc\u00f3w ze starannie wyselekcjonowanych naturalnych sk\u0142adnik\u00f3w w najwy\u017cszej jako\u015bci \u017cywno\u015bci BIO. Produkowane s\u0105 przez tzw \u201et\u0142oczenie na zimno\u201d. Podczas produkcji w temperaturze granicznej do 40\u00b0C zostaj\u0105 zachowane wszystkie naturalne substancje o wysokiej strawno\u015bci. Produkt nape\u0142niany jest w atmosferze O3, dzi\u0119ki czemu NIE zawiera konserwant\u00f3w. Produkt nie zawiera \u017cadnych substancji wytwarzanych chemicznie, emulgator\u00f3w, stabilizator\u00f3w, barwnik\u00f3w chemicznych, dodatk\u00f3w, wype\u0142niaczy, aromat\u00f3w ani bia\u0142ego cukru.<\/p>\n","protected":false},"featured_media":169895,"comment_status":"open","ping_status":"closed","template":"","meta":[],"pwb-brand":[3638],"product_brand":[],"product_cat":[3338],"product_tag":[],"class_list":{"0":"post-308038","1":"product","2":"type-product","3":"status-publish","4":"has-post-thumbnail","6":"pwb-brand-gwiazda-walki","7":"product_cat-bio-protein-pl","9":"first","10":"instock","11":"taxable","12":"shipping-taxable","13":"purchasable","14":"product-type-simple"},"brands":[{"id":3638,"name":"Gwiazda Walki","slug":"gwiazda-walki"}],"_links":{"self":[{"href":"https:\/\/www.moskito.cz\/pl\/wp-json\/wp\/v2\/product\/308038","targetHints":{"allow":["GET"]}}],"collection":[{"href":"https:\/\/www.moskito.cz\/pl\/wp-json\/wp\/v2\/product"}],"about":[{"href":"https:\/\/www.moskito.cz\/pl\/wp-json\/wp\/v2\/types\/product"}],"replies":[{"embeddable":true,"href":"https:\/\/www.moskito.cz\/pl\/wp-json\/wp\/v2\/comments?post=308038"}],"wp:featuredmedia":[{"embeddable":true,"href":"https:\/\/www.moskito.cz\/pl\/wp-json\/wp\/v2\/media\/169895"}],"wp:attachment":[{"href":"https:\/\/www.moskito.cz\/pl\/wp-json\/wp\/v2\/media?parent=308038"}],"wp:term":[{"taxonomy":"pwb-brand","embeddable":true,"href":"https:\/\/www.moskito.cz\/pl\/wp-json\/wp\/v2\/pwb-brand?post=308038"},{"taxonomy":"product_brand","embeddable":true,"href":"https:\/\/www.moskito.cz\/pl\/wp-json\/wp\/v2\/product_brand?post=308038"},{"taxonomy":"product_cat","embeddable":true,"href":"https:\/\/www.moskito.cz\/pl\/wp-json\/wp\/v2\/product_cat?post=308038"},{"taxonomy":"product_tag","embeddable":true,"href":"https:\/\/www.moskito.cz\/pl\/wp-json\/wp\/v2\/product_tag?post=308038"}],"curies":[{"name":"wp","href":"https:\/\/api.w.org\/{rel}","templated":true}]}}