{"id":308083,"date":"2023-12-08T20:37:53","date_gmt":"2024-02-06T13:54:02","guid":{"rendered":"https:\/\/www.moskito.cz\/produkt\/noz-zamykany-microtech-msi-apocalyptic-210t-11appmbk\/"},"modified":"2025-05-07T10:59:58","modified_gmt":"2025-05-07T09:59:58","slug":"noz-zamykany-microtech-msi-apocalyptic-210t-11appmbk","status":"publish","type":"product","link":"https:\/\/www.moskito.cz\/pl\/produkt\/noz-zamykany-microtech-msi-apocalyptic-210t-11appmbk\/","title":{"rendered":"N\u00f3\u017c zamykany Microtech MSI Apocalyptic 210T-11APPMBK"},"content":{"rendered":"<p>N\u00f3\u017c zamykany <strong>Microtech<\/strong> MSI Apocalyptic 210T-11APPMBK<\/p>\n<p>Wydany w 2023 roku n\u00f3\u017c MSI (Microtech Standard Issue) to pierwszy n\u00f3\u017c firmy Microtech wyposa\u017cony w fantastyczn\u0105 technologi\u0119 RAM-LOK. Ten twardy zamek poprzeczny ma charakterystyczny wz\u00f3r stopni firmy Microtech, kt\u00f3ry sta\u0142 si\u0119 s\u0142awny dzi\u0119ki serii prze\u0142\u0105cznik\u00f3w steruj\u0105cych Ultratech. Du\u017ce wyci\u0119cie na ostrze zapewnia du\u017co miejsca na zamach \u015brodkowym palcem do ty\u0142u, a tak\u017ce standardowe powolne otwieranie kciuka w r\u0119kawiczkach lub bez. Je\u015bli nie podoba Ci si\u0119 kt\u00f3rykolwiek z nich, po prostu poci\u0105gnij RAM-LOK, a ostrze otworzy si\u0119 prostym ruchem nadgarstka. Wtryskiwane chwyty s\u0105 g\u0142adkie i lekko lepkie, co zapewnia du\u017cy potencja\u0142 chwytu zar\u00f3wno w przypadku chwyt\u00f3w standardowych, jak i odwr\u00f3conych. Wytrzyma\u0142y, trwa\u0142y, o wyj\u0105tkowo wysokiej warto\u015bci i wyprodukowany w USA; wiemy, \u017ce MSI szybko stanie si\u0119 ulubie\u0144cem wszystkich cz\u0142onk\u00f3w spo\u0142eczno\u015bci no\u017cowej.<\/p>\n<p>D\u0142ugo\u015b\u0107 ca\u0142kowita: 22,7 cm<br \/>\nD\u0142ugo\u015b\u0107 ostrza: 9,9 cm<br \/>\nGrubo\u015b\u0107 ostrza: 0,4 cm<br \/>\nWyko\u0144czenie ostrza: Apokaliptyczne<br \/>\nStyl kraw\u0119dzi: cz\u0119\u015bciowo z\u0105bkowany<br \/>\nMateria\u0142 r\u0119koje\u015bci: formowany wtryskowo w kolorze czarnym<br \/>\nGrubo\u015b\u0107 r\u0105czki: 1,4 cm<br \/>\nStal: M390<br \/>\nProducent nr ref. #: 210T-11APPMBK<br \/>\nKraj pochodzenia: USA<\/p>\n<p><iframe title=\"Microtech Combat Troodon Torture Test\" width=\"800\" height=\"450\" src=\"https:\/\/www.youtube.com\/embed\/xE9TeOFYEjg?feature=oembed\" frameborder=\"0\" allow=\"accelerometer; autoplay; clipboard-write; encrypted-media; gyroscope; picture-in-picture; web-share\" allowfullscreen><\/iframe><\/p>\n<p>&nbsp;<\/p>\n","protected":false},"excerpt":{"rendered":"<p><strong>Przez lata Microtech\u00ae Knives wype\u0142nia\u0142 no\u017ce pasj\u0105 i umiej\u0119tno\u015bciami, aby tworzy\u0107 niemal dzie\u0142a sztuki, kt\u00f3re s\u0105 szczytem funkcjonalno\u015bci.Wszystkie cz\u0119\u015bci s\u0105 produkowane w USA.<\/strong><br \/>\n<strong>Wszystkie no\u017ce Microtech obj\u0119te s\u0105 do\u017cywotni\u0105 gwarancj\u0105.<\/strong><\/p>\n<p><strong>Bezp\u0142atny transport.<\/strong><\/p>\n","protected":false},"featured_media":308084,"comment_status":"open","ping_status":"closed","template":"","meta":[],"pwb-brand":[3279],"product_brand":[],"product_cat":[3296,3307],"product_tag":[3671],"class_list":{"0":"post-308083","1":"product","2":"type-product","3":"status-publish","4":"has-post-thumbnail","6":"pwb-brand-microtech-pl","7":"product_cat-noze-pl","8":"product_cat-zamykanie-nozy","9":"product_tag-b2b-pl","11":"first","12":"instock","13":"taxable","14":"shipping-taxable","15":"purchasable","16":"product-type-simple"},"brands":[{"id":3279,"name":"Microtech","slug":"microtech-pl"}],"_links":{"self":[{"href":"https:\/\/www.moskito.cz\/pl\/wp-json\/wp\/v2\/product\/308083","targetHints":{"allow":["GET"]}}],"collection":[{"href":"https:\/\/www.moskito.cz\/pl\/wp-json\/wp\/v2\/product"}],"about":[{"href":"https:\/\/www.moskito.cz\/pl\/wp-json\/wp\/v2\/types\/product"}],"replies":[{"embeddable":true,"href":"https:\/\/www.moskito.cz\/pl\/wp-json\/wp\/v2\/comments?post=308083"}],"wp:featuredmedia":[{"embeddable":true,"href":"https:\/\/www.moskito.cz\/pl\/wp-json\/wp\/v2\/media\/308084"}],"wp:attachment":[{"href":"https:\/\/www.moskito.cz\/pl\/wp-json\/wp\/v2\/media?parent=308083"}],"wp:term":[{"taxonomy":"pwb-brand","embeddable":true,"href":"https:\/\/www.moskito.cz\/pl\/wp-json\/wp\/v2\/pwb-brand?post=308083"},{"taxonomy":"product_brand","embeddable":true,"href":"https:\/\/www.moskito.cz\/pl\/wp-json\/wp\/v2\/product_brand?post=308083"},{"taxonomy":"product_cat","embeddable":true,"href":"https:\/\/www.moskito.cz\/pl\/wp-json\/wp\/v2\/product_cat?post=308083"},{"taxonomy":"product_tag","embeddable":true,"href":"https:\/\/www.moskito.cz\/pl\/wp-json\/wp\/v2\/product_tag?post=308083"}],"curies":[{"name":"wp","href":"https:\/\/api.w.org\/{rel}","templated":true}]}}