{"id":308109,"date":"2023-11-18T10:04:02","date_gmt":"2024-02-06T14:03:13","guid":{"rendered":"https:\/\/www.moskito.cz\/produkt\/noz-strzelecki-microtech-combat-troodon-fluted-ultem-143-1dlctuls\/"},"modified":"2025-05-07T10:59:58","modified_gmt":"2025-05-07T09:59:58","slug":"noz-strzelecki-microtech-combat-troodon-fluted-ultem-143-1dlctuls","status":"publish","type":"product","link":"https:\/\/www.moskito.cz\/pl\/produkt\/noz-strzelecki-microtech-combat-troodon-fluted-ultem-143-1dlctuls\/","title":{"rendered":"N\u00f3\u017c strzelecki Microtech Combat Troodon Fluted Ultem 143-1DLCTULS"},"content":{"rendered":"<p>N\u00f3\u017c strzelecki <strong>Microtech<\/strong> Combat Troodon Fluted Ultem 143-1DLCTULS<\/p>\n<p>Najwi\u0119ksza produkcja no\u017cy <strong>Microtech<\/strong> N\u00f3\u017c OTF nosi imi\u0119 dinozaura Troodon. Combat Troodon to naprawd\u0119 du\u017ca wersja popularnego Troodona. Pomimo swoich rozmiar\u00f3w r\u0119koje\u015b\u0107 jest smuk\u0142a i wygodna.<\/p>\n<p>Model ten posiada r\u0119koje\u015b\u0107 z anodyzowanego na czarno aluminium 6061-T6 z g\u00f3rnym blatem i przyciskiem. Jednosieczne ostrze Magnacut ze stali nierdzewnej z pow\u0142ok\u0105 DLC i standardow\u0105 kraw\u0119dzi\u0105. T\u0142uczek do szk\u0142a ze stali nierdzewnej poddany obr\u00f3bce DLC, dwustronny klips do kieszeni i osprz\u0119t. Kieszonkowy klips z pazurem Microtech, logo Signature Series i dat\u0105 produkcji.<\/p>\n<p>Kraj pochodzenia: USA<br \/>\nData powstania: 2023<br \/>\nStan: fabrycznie nowy<br \/>\nMateria\u0142 r\u0119koje\u015bci: aluminium\/ultem<br \/>\nMateria\u0142 ostrza: Magnacut<br \/>\nStyl ostrza: Drop Point<br \/>\nObr\u00f3bka powierzchni ostrza: DLC<br \/>\nTyp kraw\u0119dzi: standardowy<br \/>\nModel\/wz\u00f3r: Battle Troodon<br \/>\nTyp no\u017ca: Automatyczny OTF o podw\u00f3jnym dzia\u0142aniu<br \/>\nTyp zamka: Prz\u00f3d<br \/>\nOstrze D\u0142ugo\u015b\u0107 ostrza: 9,5 cm<br \/>\nTwardo\u015b\u0107 ostrza (HRC): 61-62<br \/>\nGrubo\u015b\u0107 ostrza: 0,24 cm<\/p>\n<p><iframe title=\"Microtech Combat Troodon Torture Test\" width=\"800\" height=\"450\" src=\"https:\/\/www.youtube.com\/embed\/xE9TeOFYEjg?feature=oembed\" frameborder=\"0\" allow=\"accelerometer; autoplay; clipboard-write; encrypted-media; gyroscope; picture-in-picture; web-share\" allowfullscreen><\/iframe><\/p>\n<p>&nbsp;<\/p>\n","protected":false},"excerpt":{"rendered":"<p><strong>Przez lata Microtech\u00ae Knives wype\u0142nia\u0142 no\u017ce pasj\u0105 i umiej\u0119tno\u015bciami, aby tworzy\u0107 niemal dzie\u0142a sztuki, kt\u00f3re s\u0105 szczytem funkcjonalno\u015bci.Wszystkie cz\u0119\u015bci s\u0105 produkowane w USA.<\/strong><br \/>\n<strong>Wszystkie no\u017ce Microtech obj\u0119te s\u0105 do\u017cywotni\u0105 gwarancj\u0105.<\/strong><\/p>\n<p><strong>Bezp\u0142atny transport.<\/strong><\/p>\n","protected":false},"featured_media":308110,"comment_status":"open","ping_status":"closed","template":"","meta":[],"pwb-brand":[3279],"product_brand":[],"product_cat":[3296,3344],"product_tag":[3671],"class_list":{"0":"post-308109","1":"product","2":"type-product","3":"status-publish","4":"has-post-thumbnail","6":"pwb-brand-microtech-pl","7":"product_cat-noze-pl","8":"product_cat-noze-strzeleckie","9":"product_tag-b2b-pl","11":"first","12":"outofstock","13":"taxable","14":"shipping-taxable","15":"purchasable","16":"product-type-simple"},"brands":[{"id":3279,"name":"Microtech","slug":"microtech-pl"}],"_links":{"self":[{"href":"https:\/\/www.moskito.cz\/pl\/wp-json\/wp\/v2\/product\/308109","targetHints":{"allow":["GET"]}}],"collection":[{"href":"https:\/\/www.moskito.cz\/pl\/wp-json\/wp\/v2\/product"}],"about":[{"href":"https:\/\/www.moskito.cz\/pl\/wp-json\/wp\/v2\/types\/product"}],"replies":[{"embeddable":true,"href":"https:\/\/www.moskito.cz\/pl\/wp-json\/wp\/v2\/comments?post=308109"}],"wp:featuredmedia":[{"embeddable":true,"href":"https:\/\/www.moskito.cz\/pl\/wp-json\/wp\/v2\/media\/308110"}],"wp:attachment":[{"href":"https:\/\/www.moskito.cz\/pl\/wp-json\/wp\/v2\/media?parent=308109"}],"wp:term":[{"taxonomy":"pwb-brand","embeddable":true,"href":"https:\/\/www.moskito.cz\/pl\/wp-json\/wp\/v2\/pwb-brand?post=308109"},{"taxonomy":"product_brand","embeddable":true,"href":"https:\/\/www.moskito.cz\/pl\/wp-json\/wp\/v2\/product_brand?post=308109"},{"taxonomy":"product_cat","embeddable":true,"href":"https:\/\/www.moskito.cz\/pl\/wp-json\/wp\/v2\/product_cat?post=308109"},{"taxonomy":"product_tag","embeddable":true,"href":"https:\/\/www.moskito.cz\/pl\/wp-json\/wp\/v2\/product_tag?post=308109"}],"curies":[{"name":"wp","href":"https:\/\/api.w.org\/{rel}","templated":true}]}}