{"id":308169,"date":"2023-11-17T13:54:49","date_gmt":"2024-02-06T14:14:05","guid":{"rendered":"https:\/\/www.moskito.cz\/produkt\/noz-strzelecki-microtech-makora-weathered-signature-series-206-1biwrds\/"},"modified":"2025-05-07T11:00:00","modified_gmt":"2025-05-07T10:00:00","slug":"noz-strzelecki-microtech-makora-weathered-signature-series-206-1biwrds","status":"publish","type":"product","link":"https:\/\/www.moskito.cz\/pl\/produkt\/noz-strzelecki-microtech-makora-weathered-signature-series-206-1biwrds\/","title":{"rendered":"N\u00f3\u017c strzelecki Microtech Makora Weathered Signature Series 206-1BIWRDS"},"content":{"rendered":"<p>N\u00f3\u017c strzelecki <strong>Microtech<\/strong> Makora Weathered Signature Series 206-1BIWRDS<\/p>\n<p><strong>Makora<\/strong> Refresh to projekt, kt\u00f3ry pierwotnie wyewoluowa\u0142 z projektu Ultratech. Ma og\u00f3lny kszta\u0142t <strong>Ultratech<\/strong> z dodatkiem daszka na g\u00f3rze r\u0119koje\u015bci i zalet\u0105 wk\u0142adki chwytnej. Inne ulepszenia w nowej gamie Makora obejmuj\u0105 rowki u podstawy ostrza, otwory w dolnej cz\u0119\u015bci obudowy i elementy wewn\u0119trzne pokryte niklem i borem. Te ulepszenia sprawiaj\u0105, \u017ce dzia\u0142anie jest niezwykle p\u0142ynne i niezawodne, a tak\u017ce u\u0142atwiaj\u0105 konserwacj\u0119.<\/p>\n<p>Ten charakterystyczny model produkcyjny posiada czarn\u0105 aluminiow\u0105 r\u0119koje\u015b\u0107 z wyblak\u0142\u0105 czerwon\u0105 wk\u0142adk\u0105 b\u0105belkow\u0105. Wyblak\u0142e czerwone ostrze ze stali nierdzewnej M390 z podw\u00f3jn\u0105 kraw\u0119dzi\u0105. Wyblak\u0142e czerwone okucia, suwak kciukowy i zbijak do szyb. Zako\u0144czony czarnym klipsem kieszeniowym z charakterystycznym logo serii. Na klipsie kieszeni wygrawerowane s\u0105 tak\u017ce informacje o modelu, numer seryjny, logo mr\u00f3wki Makora i data produkcji.<\/p>\n<p>D\u0142ugo\u015b\u0107 ca\u0142kowita: 21,59 cm<br \/>\nStal: M390<br \/>\nD\u0142ugo\u015b\u0107 ostrza: 8,25 cm<br \/>\nWyko\u0144czenie ostrza: wyblak\u0142y czerwony<br \/>\nStyl obramowania: zwyk\u0142y<br \/>\nMateria\u0142 r\u0119koje\u015bci: Czarna r\u0119koje\u015b\u0107 &#8211; wyblak\u0142a czerwona wstawka Brute<br \/>\nKlips kieszonkowy: sk\u0142adany w d\u00f3\u0142<br \/>\nWaga: 3,4 uncji (96,39 g)<br \/>\nProducent nr ref. #: 206-1BIWRDS<br \/>\nKraj pochodzenia: USA<\/p>\n<p><iframe title=\"Microtech Combat Troodon Torture Test\" width=\"800\" height=\"450\" src=\"https:\/\/www.youtube.com\/embed\/xE9TeOFYEjg?feature=oembed\" frameborder=\"0\" allow=\"accelerometer; autoplay; clipboard-write; encrypted-media; gyroscope; picture-in-picture; web-share\" allowfullscreen><\/iframe><\/p>\n<p>&nbsp;<\/p>\n<p>&nbsp;<\/p>\n","protected":false},"excerpt":{"rendered":"<p><strong>Przez lata Microtech\u00ae Knives wype\u0142nia\u0142 no\u017ce pasj\u0105 i umiej\u0119tno\u015bciami, aby tworzy\u0107 niemal dzie\u0142a sztuki, kt\u00f3re s\u0105 szczytem funkcjonalno\u015bci.Wszystkie cz\u0119\u015bci s\u0105 produkowane w USA.<\/strong><br \/>\n<strong>Wszystkie no\u017ce Microtech obj\u0119te s\u0105 do\u017cywotni\u0105 gwarancj\u0105 (min. 80 000 cykli, otwieranie i zamykanie)<\/strong><\/p>\n<p><strong>Bezp\u0142atny transport.<\/strong><\/p>\n","protected":false},"featured_media":308170,"comment_status":"open","ping_status":"closed","template":"","meta":[],"pwb-brand":[3279],"product_brand":[],"product_cat":[3296,3344],"product_tag":[3671],"class_list":{"0":"post-308169","1":"product","2":"type-product","3":"status-publish","4":"has-post-thumbnail","6":"pwb-brand-microtech-pl","7":"product_cat-noze-pl","8":"product_cat-noze-strzeleckie","9":"product_tag-b2b-pl","11":"first","12":"outofstock","13":"taxable","14":"shipping-taxable","15":"purchasable","16":"product-type-simple"},"brands":[{"id":3279,"name":"Microtech","slug":"microtech-pl"}],"_links":{"self":[{"href":"https:\/\/www.moskito.cz\/pl\/wp-json\/wp\/v2\/product\/308169","targetHints":{"allow":["GET"]}}],"collection":[{"href":"https:\/\/www.moskito.cz\/pl\/wp-json\/wp\/v2\/product"}],"about":[{"href":"https:\/\/www.moskito.cz\/pl\/wp-json\/wp\/v2\/types\/product"}],"replies":[{"embeddable":true,"href":"https:\/\/www.moskito.cz\/pl\/wp-json\/wp\/v2\/comments?post=308169"}],"wp:featuredmedia":[{"embeddable":true,"href":"https:\/\/www.moskito.cz\/pl\/wp-json\/wp\/v2\/media\/308170"}],"wp:attachment":[{"href":"https:\/\/www.moskito.cz\/pl\/wp-json\/wp\/v2\/media?parent=308169"}],"wp:term":[{"taxonomy":"pwb-brand","embeddable":true,"href":"https:\/\/www.moskito.cz\/pl\/wp-json\/wp\/v2\/pwb-brand?post=308169"},{"taxonomy":"product_brand","embeddable":true,"href":"https:\/\/www.moskito.cz\/pl\/wp-json\/wp\/v2\/product_brand?post=308169"},{"taxonomy":"product_cat","embeddable":true,"href":"https:\/\/www.moskito.cz\/pl\/wp-json\/wp\/v2\/product_cat?post=308169"},{"taxonomy":"product_tag","embeddable":true,"href":"https:\/\/www.moskito.cz\/pl\/wp-json\/wp\/v2\/product_tag?post=308169"}],"curies":[{"name":"wp","href":"https:\/\/api.w.org\/{rel}","templated":true}]}}