{"id":308192,"date":"2023-11-17T18:21:15","date_gmt":"2023-11-17T17:21:15","guid":{"rendered":"https:\/\/www.moskito.cz\/produkt\/noz-strzelecki-microtech-ultratech-jedi-knight-122-2jk\/"},"modified":"2025-05-07T11:00:01","modified_gmt":"2025-05-07T10:00:01","slug":"noz-strzelecki-microtech-ultratech-jedi-knight-122-2jk","status":"publish","type":"product","link":"https:\/\/www.moskito.cz\/pl\/produkt\/noz-strzelecki-microtech-ultratech-jedi-knight-122-2jk\/","title":{"rendered":"N\u00f3\u017c strzelecki Microtech Ultratech Jedi Knight 122-2JK"},"content":{"rendered":"<p>N\u00f3\u017c strzelecki <strong>Microtech<\/strong> Ultratech Jedi Knight 122-2JK<\/p>\n<p><strong>Ultratech<\/strong> na zawsze ustanowi standardy dla wszystkich no\u017cy przednich. <strong>Ultratech<\/strong> jest oryginalnym no\u017cem przednim o podw\u00f3jnym dzia\u0142aniu <strong>firmy Microtech<\/strong> i by\u0142 podstaw\u0105 ca\u0142ej linii OTF. Na przestrzeni lat przeszed\u0142 kilka modyfikacji, za ka\u017cdym razem staj\u0105c si\u0119 coraz bardziej wydajny i niezawodny. Ta wersja ma cz\u0119\u015bciow\u0105 ulepszon\u0105 tekstur\u0119 z trzema uchwytami na r\u0119koje\u015bci i przesuwane sekcje na kciuki, co pozwala na bardziej pozytywne zakupy, a tak\u017ce pi\u0119kne niebieskie ostrze, kt\u00f3re sprawia, \u017ce \u200b\u200bwygl\u0105da jak miecz \u015bwietlny. \u015aruby uchwyt\u00f3w, zbijak do szk\u0142a i przycisk suwakowy maj\u0105 bardzo fajny dwukolorowy wz\u00f3r pier\u015bcienia, kt\u00f3ry dodaje im odrobiny elegancji. Ma r\u00f3wnie\u017c bardzo fajne logo Zakonu Jedi na klipsie kieszeni, kt\u00f3re ma skrzyd\u0142a w kszta\u0142cie ostrza sztyletu Microtech zamiast tradycyjnej \u015bwiec\u0105cej gwiazdy. Spr\u0119\u017cyna Ultratech pozostaje przez ca\u0142y czas w pozycji \u201espoczynkowej\u201d, chyba \u017ce jest rozci\u0105gni\u0119ta. Dzi\u0119ki temu \u015bci\u015bni\u0119ta spr\u0119\u017cyna nie ulega zm\u0119czeniu, co daje pewno\u015b\u0107 u\u017cytkownikom, \u017ce n\u00f3\u017c po oddaniu strza\u0142u b\u0119dzie dzia\u0142a\u0142 skutecznie. Niewielka waga, otwieranie i zamykanie jedn\u0105 r\u0119k\u0105, smuk\u0142y kszta\u0142t i ostre obosieczne ostrze sprawiaj\u0105, \u017ce jest to wyj\u0105tkowy n\u00f3\u017c dost\u0119pny tylko w <strong>firmie Microtech<\/strong> . N\u00f3\u017c ten wielokrotnie udowodni\u0142, \u017ce jest w stanie pokona\u0107 ka\u017cd\u0105 przeszkod\u0119.<\/p>\n<p>Dane techniczne:<br \/>\nAutomatyczne otwieranie\/zamykanie \u2013 otwieranie frontu<br \/>\nAkcja: Podw\u00f3jna akcja \u2013 automatyczny ogie\u0144\/wycofanie<br \/>\nStyl ostrza: sztylet o podw\u00f3jnym ostrzu<br \/>\nMateria\u0142 r\u0119koje\u015bci: 6061-T6 Tri-Grip, cz\u0119\u015bciowo teksturowane aluminium z anodowan\u0105 tward\u0105 pow\u0142ok\u0105 Mil-Spec<br \/>\nD\u0142ugo\u015b\u0107 ca\u0142kowita: 22 cm<br \/>\nD\u0142ugo\u015b\u0107 ostrza: 8,6 cm<br \/>\nMateria\u0142 ostrza: Bohler M390<br \/>\nMateria\u0142 klipsa kieszeniowego: stal nierdzewna 301<br \/>\nStandardowa cholewka: stop 6061-T6 AL<br \/>\nSpust: stal nierdzewna 303<br \/>\nWaga: 3,2 uncji<br \/>\nRozbijacz okien<br \/>\nWykonane w USA<\/p>\n<p><iframe title=\"Microtech Combat Troodon Torture Test\" width=\"800\" height=\"450\" src=\"https:\/\/www.youtube.com\/embed\/xE9TeOFYEjg?feature=oembed\" frameborder=\"0\" allow=\"accelerometer; autoplay; clipboard-write; encrypted-media; gyroscope; picture-in-picture; web-share\" allowfullscreen><\/iframe><\/p>\n<p>&nbsp;<\/p>\n","protected":false},"excerpt":{"rendered":"<p><strong>Przez lata Microtech\u00ae Knives wype\u0142nia\u0142 no\u017ce pasj\u0105 i umiej\u0119tno\u015bciami, aby tworzy\u0107 niemal dzie\u0142a sztuki, kt\u00f3re s\u0105 szczytem funkcjonalno\u015bci. Wszystkie cz\u0119\u015bci wyprodukowano w USA.<\/strong><br \/>\n<strong>Wszystkie no\u017ce Microtech obj\u0119te s\u0105 do\u017cywotni\u0105 gwarancj\u0105.<\/strong><\/p>\n<p><strong>Bezp\u0142atny transport.<\/strong><\/p>\n","protected":false},"featured_media":308193,"comment_status":"open","ping_status":"closed","template":"","meta":[],"pwb-brand":[3279],"product_brand":[],"product_cat":[3344,3296],"product_tag":[3671],"class_list":{"0":"post-308192","1":"product","2":"type-product","3":"status-publish","4":"has-post-thumbnail","6":"pwb-brand-microtech-pl","7":"product_cat-noze-strzeleckie","8":"product_cat-noze-pl","9":"product_tag-b2b-pl","11":"first","12":"instock","13":"taxable","14":"shipping-taxable","15":"purchasable","16":"product-type-simple"},"brands":[{"id":3279,"name":"Microtech","slug":"microtech-pl"}],"_links":{"self":[{"href":"https:\/\/www.moskito.cz\/pl\/wp-json\/wp\/v2\/product\/308192","targetHints":{"allow":["GET"]}}],"collection":[{"href":"https:\/\/www.moskito.cz\/pl\/wp-json\/wp\/v2\/product"}],"about":[{"href":"https:\/\/www.moskito.cz\/pl\/wp-json\/wp\/v2\/types\/product"}],"replies":[{"embeddable":true,"href":"https:\/\/www.moskito.cz\/pl\/wp-json\/wp\/v2\/comments?post=308192"}],"wp:featuredmedia":[{"embeddable":true,"href":"https:\/\/www.moskito.cz\/pl\/wp-json\/wp\/v2\/media\/308193"}],"wp:attachment":[{"href":"https:\/\/www.moskito.cz\/pl\/wp-json\/wp\/v2\/media?parent=308192"}],"wp:term":[{"taxonomy":"pwb-brand","embeddable":true,"href":"https:\/\/www.moskito.cz\/pl\/wp-json\/wp\/v2\/pwb-brand?post=308192"},{"taxonomy":"product_brand","embeddable":true,"href":"https:\/\/www.moskito.cz\/pl\/wp-json\/wp\/v2\/product_brand?post=308192"},{"taxonomy":"product_cat","embeddable":true,"href":"https:\/\/www.moskito.cz\/pl\/wp-json\/wp\/v2\/product_cat?post=308192"},{"taxonomy":"product_tag","embeddable":true,"href":"https:\/\/www.moskito.cz\/pl\/wp-json\/wp\/v2\/product_tag?post=308192"}],"curies":[{"name":"wp","href":"https:\/\/api.w.org\/{rel}","templated":true}]}}