{"id":308206,"date":"2023-11-23T15:17:33","date_gmt":"2024-02-06T14:18:18","guid":{"rendered":"https:\/\/www.moskito.cz\/produkt\/noz-strzelecki-microtech-signature-series-utx-85-halloween-232-1hws\/"},"modified":"2025-05-07T11:00:01","modified_gmt":"2025-05-07T10:00:01","slug":"noz-strzelecki-microtech-signature-series-utx-85-halloween-232-1hws","status":"publish","type":"product","link":"https:\/\/www.moskito.cz\/pl\/produkt\/noz-strzelecki-microtech-signature-series-utx-85-halloween-232-1hws\/","title":{"rendered":"N\u00f3\u017c strzelecki Microtech Signature Series UTX-85 Halloween 232-1HWS"},"content":{"rendered":"<p>N\u00f3\u017c strzelecki <strong>Microtech<\/strong> Signature Series UTX-85 Halloween 232-1HWS<\/p>\n<p>Microtech <strong>UTX-85<\/strong> to o 15% mniejsza wersja ukochanego <strong>Ultratech<\/strong> . Charakteryzuje si\u0119 t\u0105 sam\u0105 \u017cwaw\u0105, niezawodn\u0105 prac\u0105, najwy\u017cszej jako\u015bci materia\u0142ami i og\u00f3ln\u0105 estetyk\u0105, co jego starszy brat, ale w kr\u00f3tszej obudowie. Firma Microtech wybiera materia\u0142y ostrzy, kt\u00f3re zapewniaj\u0105 najlepsze zachowanie kraw\u0119dzi, wytrzyma\u0142o\u015b\u0107 i odporno\u015b\u0107 na korozj\u0119, dzi\u0119ki czemu praca z tym automatycznym no\u017cem OTF o podw\u00f3jnym dzia\u0142aniu jest przyjemno\u015bci\u0105. Mo\u017cna na nim polega\u0107 w sytuacjach samoobrony i podczas intensywnego u\u017cytkowania EDC. Cokolwiek si\u0119 stanie, UTX-85 ci\u0119 wspiera.<\/p>\n<p>Microtech UTX-85 jest dost\u0119pny w r\u00f3\u017cnych kolorach, kszta\u0142tach ostrzy i wyko\u0144czeniach.<\/p>\n<p>Akcja: Podw\u00f3jne dzia\u0142anie \u2013 automatyczne strzelanie\/automatyczne cofanie<br \/>\nD\u0142ugo\u015b\u0107 ca\u0142kowita: 18,75 cm<br \/>\nD\u0142ugo\u015b\u0107 ostrza: 7,81 cm<br \/>\nKraw\u0119d\u017a tn\u0105ca: 7,17 cm<br \/>\nGrubo\u015b\u0107 ostrza: 0,32 cm<br \/>\nMateria\u0142 ostrza: Bohler M390<br \/>\nStyl ostrza: Drop Point &#8211; CZARNE WYKO\u0143CZENIE<br \/>\nPodwozie: stop AL 6061-T6, anodowany na pomara\u0144czowo tward\u0105 pow\u0142ok\u0119 Mil-Spec \u2013 GRAVINY BAT<br \/>\nMateria\u0142 r\u0119koje\u015bci: aluminium<br \/>\nKieszonkowy klips: stal nierdzewna 301 &#8211; GRAWEROWANIE JACK-O-LANTERN<br \/>\nStandardowa cholewka: stop 6061-T6 AL<br \/>\nSpust: stal nierdzewna 303<br \/>\nWaga: 2,8 uncji<br \/>\nWykonane w USA<\/p>\n<p><iframe title=\"Microtech Combat Troodon Torture Test\" width=\"800\" height=\"450\" src=\"https:\/\/www.youtube.com\/embed\/xE9TeOFYEjg?feature=oembed\" frameborder=\"0\" allow=\"accelerometer; autoplay; clipboard-write; encrypted-media; gyroscope; picture-in-picture; web-share\" allowfullscreen><\/iframe><\/p>\n<p>&nbsp;<\/p>\n","protected":false},"excerpt":{"rendered":"<div class=\"elementor-element elementor-element-bbb542b elementor-widget elementor-widget-woocommerce-product-short-description\" data-id=\"bbb542b\" data-element_type=\"widget\" data-widget_type=\"woocommerce-product-short-description.default\">\n<div class=\"elementor-widget-container\">\n<div class=\"woocommerce-product-details__short-description\">\n<p><strong>Przez lata Microtech\u00ae Knives wype\u0142nia\u0142 no\u017ce pasj\u0105 i umiej\u0119tno\u015bciami, aby tworzy\u0107 niemal dzie\u0142a sztuki, kt\u00f3re s\u0105 szczytem funkcjonalno\u015bci.Wszystkie cz\u0119\u015bci s\u0105 produkowane w USA.<\/strong><br \/>\n<strong>Wszystkie no\u017ce Microtech obj\u0119te s\u0105 do\u017cywotni\u0105 gwarancj\u0105.<\/strong><\/p>\n<p><strong>Bezp\u0142atny transport.<\/strong><\/p>\n<\/div>\n<\/div>\n<\/div>\n","protected":false},"featured_media":308207,"comment_status":"open","ping_status":"closed","template":"","meta":[],"pwb-brand":[3279],"product_brand":[],"product_cat":[3296,3344],"product_tag":[3671],"class_list":{"0":"post-308206","1":"product","2":"type-product","3":"status-publish","4":"has-post-thumbnail","6":"pwb-brand-microtech-pl","7":"product_cat-noze-pl","8":"product_cat-noze-strzeleckie","9":"product_tag-b2b-pl","11":"first","12":"outofstock","13":"taxable","14":"shipping-taxable","15":"purchasable","16":"product-type-simple"},"brands":[{"id":3279,"name":"Microtech","slug":"microtech-pl"}],"_links":{"self":[{"href":"https:\/\/www.moskito.cz\/pl\/wp-json\/wp\/v2\/product\/308206","targetHints":{"allow":["GET"]}}],"collection":[{"href":"https:\/\/www.moskito.cz\/pl\/wp-json\/wp\/v2\/product"}],"about":[{"href":"https:\/\/www.moskito.cz\/pl\/wp-json\/wp\/v2\/types\/product"}],"replies":[{"embeddable":true,"href":"https:\/\/www.moskito.cz\/pl\/wp-json\/wp\/v2\/comments?post=308206"}],"wp:featuredmedia":[{"embeddable":true,"href":"https:\/\/www.moskito.cz\/pl\/wp-json\/wp\/v2\/media\/308207"}],"wp:attachment":[{"href":"https:\/\/www.moskito.cz\/pl\/wp-json\/wp\/v2\/media?parent=308206"}],"wp:term":[{"taxonomy":"pwb-brand","embeddable":true,"href":"https:\/\/www.moskito.cz\/pl\/wp-json\/wp\/v2\/pwb-brand?post=308206"},{"taxonomy":"product_brand","embeddable":true,"href":"https:\/\/www.moskito.cz\/pl\/wp-json\/wp\/v2\/product_brand?post=308206"},{"taxonomy":"product_cat","embeddable":true,"href":"https:\/\/www.moskito.cz\/pl\/wp-json\/wp\/v2\/product_cat?post=308206"},{"taxonomy":"product_tag","embeddable":true,"href":"https:\/\/www.moskito.cz\/pl\/wp-json\/wp\/v2\/product_tag?post=308206"}],"curies":[{"name":"wp","href":"https:\/\/api.w.org\/{rel}","templated":true}]}}