{"id":308368,"date":"2023-11-10T11:47:00","date_gmt":"2024-02-06T14:38:15","guid":{"rendered":"https:\/\/www.moskito.cz\/produkt\/noz-strzelecki-microtech-signature-series-combat-troodon-delta-shadow-142-1ct-dsh\/"},"modified":"2025-05-07T11:00:10","modified_gmt":"2025-05-07T10:00:10","slug":"noz-strzelecki-microtech-signature-series-combat-troodon-delta-shadow-142-1ct-dsh","status":"publish","type":"product","link":"https:\/\/www.moskito.cz\/pl\/produkt\/noz-strzelecki-microtech-signature-series-combat-troodon-delta-shadow-142-1ct-dsh\/","title":{"rendered":"N\u00f3\u017c strzelecki Microtech Signature Series Combat Troodon Delta Shadow 142-1CT-DSH"},"content":{"rendered":"<p>N\u00f3\u017c strzelecki <strong>Microtech<\/strong> Signature Series Combat Troodon Delta Shadow 142-1CT-DSH<\/p>\n<p>Combat Troodon to precyzyjnie wykonany taktyczny n\u00f3\u017c przedni. Jest o 25% wi\u0119kszy od flagowego Troodona. Zapewnia smuk\u0142y uchwyt, wyprofilowany kszta\u0142t, radykalne elementy konstrukcyjne i wyrafinowany mechanizm wewn\u0119trzny, kt\u00f3ry poprawia funkcjonalno\u015b\u0107 operacyjn\u0105 i niezawodno\u015b\u0107 na wi\u0119ksz\u0105 skal\u0119. Combat Troodon zosta\u0142 zaprojektowany do szerokiego zakresu zastosowa\u0144 u\u017cytkowych i walki w zwarciu.<\/p>\n<p>Teksturowane uchwyty dla lepszego chwytu<br \/>\nRowkowane ostrze i przeniesiona obudowa do usuwania brudu i zanieczyszcze\u0144<br \/>\nOstrze i osprz\u0119t DLC zapewniaj\u0105 lepsz\u0105 odporno\u015b\u0107 na zu\u017cycie i \u015bcieranie<br \/>\nWn\u0119trze pokryte niklem i borem dla dodatkowej odporno\u015bci na korozj\u0119<\/p>\n<p>Dane techniczne<\/p>\n<p>Automatyczne strzelanie i cofanie o podw\u00f3jnym dzia\u0142aniu<br \/>\nStal: M390<br \/>\nStyl ostrza: sztylet o podw\u00f3jnym ostrzu<br \/>\nWyko\u0144czenie ostrza: czarne DLC<br \/>\nRozbicie szk\u0142a: Rozbicie szk\u0142a z ko\u0144c\u00f3wk\u0105 wolframow\u0105<br \/>\nR\u0119koje\u015b\u0107: frezowane aluminium UTD 6061-T6 z tward\u0105, anodowan\u0105 czarn\u0105 pow\u0142ok\u0105 Mil-Spec<br \/>\nD\u0142ugo\u015b\u0107 po otwarciu: 23 cm<br \/>\nD\u0142ugo\u015b\u0107 po zamkni\u0119ciu: 13 cm<br \/>\nKlips kieszonkowy: 301, hartowany spr\u0119\u017cynowo, obur\u0119czny<br \/>\nWaga: 5,3 uncji<\/p>\n<p>&nbsp;<\/p>\n<p><iframe title=\"Microtech Combat Troodon Torture Test\" width=\"800\" height=\"450\" src=\"https:\/\/www.youtube.com\/embed\/xE9TeOFYEjg?feature=oembed\" frameborder=\"0\" allow=\"accelerometer; autoplay; clipboard-write; encrypted-media; gyroscope; picture-in-picture; web-share\" allowfullscreen><\/iframe><\/p>\n<p>&nbsp;<\/p>\n<p>&nbsp;<\/p>\n","protected":false},"excerpt":{"rendered":"<div class=\"elementor-element elementor-element-bbb542b elementor-widget elementor-widget-woocommerce-product-short-description\" data-id=\"bbb542b\" data-element_type=\"widget\" data-widget_type=\"woocommerce-product-short-description.default\">\n<div class=\"elementor-widget-container\">\n<div class=\"woocommerce-product-details__short-description\">\n<p><strong>Przez lata Microtech\u00ae Knives wype\u0142nia\u0142 no\u017ce pasj\u0105 i umiej\u0119tno\u015bciami, aby tworzy\u0107 niemal dzie\u0142a sztuki, kt\u00f3re s\u0105 szczytem funkcjonalno\u015bci.Wszystkie cz\u0119\u015bci s\u0105 produkowane w USA.<\/strong><br \/>\n<strong>Wszystkie no\u017ce Microtech obj\u0119te s\u0105 do\u017cywotni\u0105 gwarancj\u0105.<\/strong><\/p>\n<p><strong>Bezp\u0142atny transport.<\/strong><\/p>\n<\/div>\n<\/div>\n<\/div>\n","protected":false},"featured_media":308375,"comment_status":"open","ping_status":"closed","template":"","meta":[],"pwb-brand":[3279],"product_brand":[],"product_cat":[3296,3344],"product_tag":[3671],"class_list":{"0":"post-308368","1":"product","2":"type-product","3":"status-publish","4":"has-post-thumbnail","6":"pwb-brand-microtech-pl","7":"product_cat-noze-pl","8":"product_cat-noze-strzeleckie","9":"product_tag-b2b-pl","11":"first","12":"instock","13":"taxable","14":"shipping-taxable","15":"purchasable","16":"product-type-simple"},"brands":[{"id":3279,"name":"Microtech","slug":"microtech-pl"}],"_links":{"self":[{"href":"https:\/\/www.moskito.cz\/pl\/wp-json\/wp\/v2\/product\/308368","targetHints":{"allow":["GET"]}}],"collection":[{"href":"https:\/\/www.moskito.cz\/pl\/wp-json\/wp\/v2\/product"}],"about":[{"href":"https:\/\/www.moskito.cz\/pl\/wp-json\/wp\/v2\/types\/product"}],"replies":[{"embeddable":true,"href":"https:\/\/www.moskito.cz\/pl\/wp-json\/wp\/v2\/comments?post=308368"}],"wp:featuredmedia":[{"embeddable":true,"href":"https:\/\/www.moskito.cz\/pl\/wp-json\/wp\/v2\/media\/308375"}],"wp:attachment":[{"href":"https:\/\/www.moskito.cz\/pl\/wp-json\/wp\/v2\/media?parent=308368"}],"wp:term":[{"taxonomy":"pwb-brand","embeddable":true,"href":"https:\/\/www.moskito.cz\/pl\/wp-json\/wp\/v2\/pwb-brand?post=308368"},{"taxonomy":"product_brand","embeddable":true,"href":"https:\/\/www.moskito.cz\/pl\/wp-json\/wp\/v2\/product_brand?post=308368"},{"taxonomy":"product_cat","embeddable":true,"href":"https:\/\/www.moskito.cz\/pl\/wp-json\/wp\/v2\/product_cat?post=308368"},{"taxonomy":"product_tag","embeddable":true,"href":"https:\/\/www.moskito.cz\/pl\/wp-json\/wp\/v2\/product_tag?post=308368"}],"curies":[{"name":"wp","href":"https:\/\/api.w.org\/{rel}","templated":true}]}}