{"id":308421,"date":"2023-10-26T15:38:14","date_gmt":"2024-02-06T14:39:09","guid":{"rendered":"https:\/\/www.moskito.cz\/produkt\/noz-strzelecki-microtech-utx-7-distressed-red-handle-apocalyptic-147-12drd\/"},"modified":"2025-05-07T11:00:12","modified_gmt":"2025-05-07T10:00:12","slug":"noz-strzelecki-microtech-utx-7-distressed-red-handle-apocalyptic-147-12drd","status":"publish","type":"product","link":"https:\/\/www.moskito.cz\/pl\/produkt\/noz-strzelecki-microtech-utx-7-distressed-red-handle-apocalyptic-147-12drd\/","title":{"rendered":"N\u00f3\u017c Strzelecki Microtech UTX-7 Distressed Red Handle Apocalyptic 147-12DRD"},"content":{"rendered":"<p>N\u00f3\u017c Strzelecki <strong>Microtech<\/strong> UTX-7 Distressed Red Handle Apocalyptic 147-12DRD<\/p>\n<p>Szukasz najbardziej kompaktowego przedniego no\u017ca automatycznego na rynku? Wi\u0119c znalaz\u0142e\u015b! <strong>Microtech UTX-70<\/strong> uruchamia si\u0119 i wy\u0142\u0105cza automatycznie za pomoc\u0105 przycisku suwakowego po prawej stronie ostrza. Bardzo ma\u0142e (w sumie mniej ni\u017c 6). \u015awietny ma\u0142y n\u00f3\u017c!<\/p>\n<p>Model ten posiada r\u0119koje\u015b\u0107 z anodowanego na czerwono aluminium 6061-T6 z logo <strong>Microtech<\/strong> Claw z przodu. Apokaliptyczne ostrze sztyletu ze stali nierdzewnej M390 z podw\u00f3jnym ostrzem, z jednym ostrzem standardowym i jednym ostrzem w pe\u0142ni z\u0105bkowanym. apokaliptyczny wyko\u0144czony sprz\u0119t, klips do kieszeni i zbijak do szk\u0142a. Ostrze zawiera informacje o modelu. Klips kieszonkowy posiada logo <strong>Microtech<\/strong> , numer seryjny i dat\u0119 produkcji.<\/p>\n<p>Kraj pochodzenia: USA<br \/>\nData powstania: 2023<br \/>\nMateria\u0142 r\u0119koje\u015bci: aluminium<br \/>\nMateria\u0142 ostrza: M390<br \/>\nStyl ostrza: sztylet o podw\u00f3jnym ostrzu<br \/>\nWyko\u0144czenie ostrza: Apokaliptyczne<br \/>\nTyp kraw\u0119dzi: w pe\u0142ni z\u0105bkowany<br \/>\nModel\/wz\u00f3r: UTX-70<br \/>\nTyp no\u017ca: Automatyczny OTF o podw\u00f3jnym dzia\u0142aniu<br \/>\nTyp zamka: Prz\u00f3d<br \/>\nD\u0142ugo\u015b\u0107 ca\u0142kowita: 14,07 cm<br \/>\nD\u0142ugo\u015b\u0107 ostrza: 6,02 cm<br \/>\nGrubo\u015b\u0107 ostrza: 0,2 cm<\/p>\n<p><iframe title=\"Microtech Combat Troodon Torture Test\" width=\"800\" height=\"450\" src=\"https:\/\/www.youtube.com\/embed\/xE9TeOFYEjg?feature=oembed\" frameborder=\"0\" allow=\"accelerometer; autoplay; clipboard-write; encrypted-media; gyroscope; picture-in-picture; web-share\" allowfullscreen><\/iframe><\/p>\n<p>&nbsp;<\/p>\n","protected":false},"excerpt":{"rendered":"<p><strong>Szukasz najbardziej kompaktowego przedniego no\u017ca automatycznego na rynku? Wi\u0119c znalaz\u0142e\u015b! Mikrotecha UTX-70.<\/strong><\/p>\n<p><strong>Bezp\u0142atny transport.<\/strong><\/p>\n","protected":false},"featured_media":308422,"comment_status":"open","ping_status":"closed","template":"","meta":[],"pwb-brand":[3279],"product_brand":[],"product_cat":[3296,3344],"product_tag":[3671],"class_list":{"0":"post-308421","1":"product","2":"type-product","3":"status-publish","4":"has-post-thumbnail","6":"pwb-brand-microtech-pl","7":"product_cat-noze-pl","8":"product_cat-noze-strzeleckie","9":"product_tag-b2b-pl","11":"first","12":"instock","13":"taxable","14":"shipping-taxable","15":"purchasable","16":"product-type-simple"},"brands":[{"id":3279,"name":"Microtech","slug":"microtech-pl"}],"_links":{"self":[{"href":"https:\/\/www.moskito.cz\/pl\/wp-json\/wp\/v2\/product\/308421","targetHints":{"allow":["GET"]}}],"collection":[{"href":"https:\/\/www.moskito.cz\/pl\/wp-json\/wp\/v2\/product"}],"about":[{"href":"https:\/\/www.moskito.cz\/pl\/wp-json\/wp\/v2\/types\/product"}],"replies":[{"embeddable":true,"href":"https:\/\/www.moskito.cz\/pl\/wp-json\/wp\/v2\/comments?post=308421"}],"wp:featuredmedia":[{"embeddable":true,"href":"https:\/\/www.moskito.cz\/pl\/wp-json\/wp\/v2\/media\/308422"}],"wp:attachment":[{"href":"https:\/\/www.moskito.cz\/pl\/wp-json\/wp\/v2\/media?parent=308421"}],"wp:term":[{"taxonomy":"pwb-brand","embeddable":true,"href":"https:\/\/www.moskito.cz\/pl\/wp-json\/wp\/v2\/pwb-brand?post=308421"},{"taxonomy":"product_brand","embeddable":true,"href":"https:\/\/www.moskito.cz\/pl\/wp-json\/wp\/v2\/product_brand?post=308421"},{"taxonomy":"product_cat","embeddable":true,"href":"https:\/\/www.moskito.cz\/pl\/wp-json\/wp\/v2\/product_cat?post=308421"},{"taxonomy":"product_tag","embeddable":true,"href":"https:\/\/www.moskito.cz\/pl\/wp-json\/wp\/v2\/product_tag?post=308421"}],"curies":[{"name":"wp","href":"https:\/\/api.w.org\/{rel}","templated":true}]}}