{"id":308454,"date":"2023-10-19T18:49:57","date_gmt":"2024-02-06T14:44:01","guid":{"rendered":"https:\/\/www.moskito.cz\/produkt\/naprawiono-noz-microtech-borka-blades-apocalyptic-201-10ap\/"},"modified":"2025-05-07T11:00:13","modified_gmt":"2025-05-07T10:00:13","slug":"naprawiono-noz-microtech-borka-blades-apocalyptic-201-10ap","status":"publish","type":"product","link":"https:\/\/www.moskito.cz\/pl\/produkt\/naprawiono-noz-microtech-borka-blades-apocalyptic-201-10ap\/","title":{"rendered":"Naprawiono n\u00f3\u017c Microtech\/Borka Blades Apocalyptic 201-10AP"},"content":{"rendered":"<p>Naprawiono n\u00f3\u017c <strong>Microtech<\/strong> \/Borka Blades Apocalyptic 201-10AP<\/p>\n<p>Ostrze sta\u0142e SBD to gro\u017any n\u00f3\u017c stworzony przez tw\u00f3rc\u0119 no\u017cy Sebastjana Berenjiego, znanego r\u00f3wnie\u017c jako Bork, oparty na jego projekcie SBK. Jest to ewolucja SBK, kt\u00f3ra mia\u0142a podwy\u017cszony kszta\u0142t perskiego ostrza i zast\u0105pi\u0142a go szerokim obosiecznym sztyletem, st\u0105d litera D w nazwie. Posiada cztery wspania\u0142e skosy zako\u0144czone idealnym palcem, \u0142adn\u0105 os\u0142on\u0105 palc\u00f3w i krwawym rowkiem z rozja\u015bniaj\u0105cymi otworami. R\u0119koje\u015b\u0107 wykonana jest z pi\u0119knie wyfrezowanego G10, co zapewnia przyjemny, ergonomiczny chwyt i tworzy idealn\u0105 harmoni\u0119 pomi\u0119dzy u\u017cytkownikiem a narz\u0119dziem. Jest wyprofilowany w odpowiednich miejscach, aby umo\u017cliwi\u0107 indeksowanie no\u017ca w wielu chwytach. Kompaktowy SBD emanuje sprawno\u015bci\u0105 taktyczn\u0105 w stylu, kt\u00f3ry jest kamieniem w\u0119gielnym ostrzy Borka i jest wyposa\u017cony w powierzchni\u0119 ciern\u0105 z w\u0142\u00f3kien w\u0119glowych Kydex i Tek-Lok. Wyprodukowano w USA przez firm\u0119 Microtech Knives .<\/p>\n<p>Dane techniczne<br \/>\nD\u0142ugo\u015b\u0107 ostrza: 11 cm<br \/>\nD\u0142ugo\u015b\u0107 ca\u0142kowita: 22,5 cm<br \/>\nMateria\u0142 ostrza: M390<br \/>\nGrubo\u015b\u0107 ostrza: 0,4875 cm<br \/>\nStyl ostrza: sztylet o podw\u00f3jnym ostrzu<br \/>\nSzlif ostrza: p\u0142aski<br \/>\nWyko\u0144czenie ostrza: Apokaliptyczne<br \/>\nMateria\u0142 r\u0119koje\u015bci: frezowane czarne G10<br \/>\nMateria\u0142 os\u0142ony: Kydex z wyko\u0144czeniem w\u0142\u00f3knem w\u0119glowym<br \/>\nWaga: 6,4 uncji<br \/>\nWaga z etui: 10,1 uncji.<br \/>\nProjektant: Sebastijan Berenji<br \/>\nWykonane w USA<\/p>\n<p><iframe title=\"Microtech Combat Troodon Torture Test\" width=\"800\" height=\"450\" src=\"https:\/\/www.youtube.com\/embed\/xE9TeOFYEjg?feature=oembed\" frameborder=\"0\" allow=\"accelerometer; autoplay; clipboard-write; encrypted-media; gyroscope; picture-in-picture; web-share\" allowfullscreen><\/iframe><\/p>\n<p>&nbsp;<\/p>\n","protected":false},"excerpt":{"rendered":"<p><strong>Przez lata Microtech\u00ae Knives wype\u0142nia\u0142 no\u017ce pasj\u0105 i umiej\u0119tno\u015bciami, aby tworzy\u0107 niemal dzie\u0142a sztuki, kt\u00f3re s\u0105 szczytem funkcjonalno\u015bci.Wszystkie cz\u0119\u015bci s\u0105 produkowane w USA.<\/strong><\/p>\n<p><strong>Do\u017cywotnia gwarancja na no\u017ce Microtech.<\/strong><\/p>\n<p><strong>Bezp\u0142atny transport.<\/strong><\/p>\n","protected":false},"featured_media":308455,"comment_status":"open","ping_status":"closed","template":"","meta":[],"pwb-brand":[3279],"product_brand":[],"product_cat":[3296,3297],"product_tag":[3671],"class_list":{"0":"post-308454","1":"product","2":"type-product","3":"status-publish","4":"has-post-thumbnail","6":"pwb-brand-microtech-pl","7":"product_cat-noze-pl","8":"product_cat-solidne-noze","9":"product_tag-b2b-pl","11":"first","12":"outofstock","13":"taxable","14":"shipping-taxable","15":"purchasable","16":"product-type-simple"},"brands":[{"id":3279,"name":"Microtech","slug":"microtech-pl"}],"_links":{"self":[{"href":"https:\/\/www.moskito.cz\/pl\/wp-json\/wp\/v2\/product\/308454","targetHints":{"allow":["GET"]}}],"collection":[{"href":"https:\/\/www.moskito.cz\/pl\/wp-json\/wp\/v2\/product"}],"about":[{"href":"https:\/\/www.moskito.cz\/pl\/wp-json\/wp\/v2\/types\/product"}],"replies":[{"embeddable":true,"href":"https:\/\/www.moskito.cz\/pl\/wp-json\/wp\/v2\/comments?post=308454"}],"wp:featuredmedia":[{"embeddable":true,"href":"https:\/\/www.moskito.cz\/pl\/wp-json\/wp\/v2\/media\/308455"}],"wp:attachment":[{"href":"https:\/\/www.moskito.cz\/pl\/wp-json\/wp\/v2\/media?parent=308454"}],"wp:term":[{"taxonomy":"pwb-brand","embeddable":true,"href":"https:\/\/www.moskito.cz\/pl\/wp-json\/wp\/v2\/pwb-brand?post=308454"},{"taxonomy":"product_brand","embeddable":true,"href":"https:\/\/www.moskito.cz\/pl\/wp-json\/wp\/v2\/product_brand?post=308454"},{"taxonomy":"product_cat","embeddable":true,"href":"https:\/\/www.moskito.cz\/pl\/wp-json\/wp\/v2\/product_cat?post=308454"},{"taxonomy":"product_tag","embeddable":true,"href":"https:\/\/www.moskito.cz\/pl\/wp-json\/wp\/v2\/product_tag?post=308454"}],"curies":[{"name":"wp","href":"https:\/\/api.w.org\/{rel}","templated":true}]}}