{"id":308496,"date":"2023-11-08T16:12:51","date_gmt":"2024-02-06T14:54:00","guid":{"rendered":"https:\/\/www.moskito.cz\/produkt\/noz-strzelecki-microtech-utx-85-clone-trooper-232-1co\/"},"modified":"2025-05-07T11:00:14","modified_gmt":"2025-05-07T10:00:14","slug":"noz-strzelecki-microtech-utx-85-clone-trooper-232-1co","status":"publish","type":"product","link":"https:\/\/www.moskito.cz\/pl\/produkt\/noz-strzelecki-microtech-utx-85-clone-trooper-232-1co\/","title":{"rendered":"N\u00f3\u017c strzelecki Microtech UTX-85 Clone Trooper 232-1CO"},"content":{"rendered":"<p>N\u00f3\u017c strzelecki <strong>Microtech<\/strong> UTX-85 Clone Trooper 232-1CO<\/p>\n<p>Microtech UTX-85 to \u015bredniej wielko\u015bci n\u00f3\u017c z gamy Ultratech. Model ten zosta\u0142 zaprojektowany z formowan\u0105 obudow\u0105 zapewniaj\u0105c\u0105 maksymaln\u0105 przyczepno\u015b\u0107, u\u017cyteczno\u015b\u0107 i wygod\u0119. Zawiera plamy tekstury wzd\u0142u\u017c kr\u0119gos\u0142upa we wszystkich w\u0142a\u015bciwych miejscach, aby zapewni\u0107 maksymaln\u0105 przyczepno\u015b\u0107, gdy jej potrzebujesz. Te no\u017ce Microtech s\u0105 r\u00f3wnie\u017c wyposa\u017cone w wygodny w\u0142\u0105cznik ognia i sprawdzony w boju t\u0142uczek do szk\u0142a z w\u0119glika wolframu.<\/p>\n<p>Microtech UTX-85 oferuje t\u0119 sam\u0105 doskona\u0142\u0105 wydajno\u015b\u0107 co Ultratech, ale zosta\u0142 zmniejszony o 85% dla tych, kt\u00f3rzy wol\u0105 mniejszy, bardziej ukryty n\u00f3\u017c. Jest to doskona\u0142y wyb\u00f3r dla u\u017cytkownik\u00f3w poszukuj\u0105cych l\u017cejszego, mniejszego OTF o podw\u00f3jnym dzia\u0142aniu i tej samej doskona\u0142ej wydajno\u015bci, co pe\u0142nowymiarowy Ultratech.<\/p>\n<p>D\u0142ugo\u015b\u0107 ca\u0142kowita: 19,1 cm<br \/>\nD\u0142ugo\u015b\u0107 po zamkni\u0119ciu: 11,1 cm<br \/>\nD\u0142ugo\u015b\u0107 ostrza: 7,9 cm<br \/>\nGrubo\u015b\u0107 ostrza: 0,32 cm<br \/>\nStyl obramowania: zwyk\u0142y<br \/>\nMateria\u0142 r\u0119koje\u015bci: aluminium Clone Trooper<br \/>\nGrubo\u015b\u0107 r\u0105czki: 1,2 cm<br \/>\nKlips kieszonkowy: sk\u0142adany w d\u00f3\u0142<br \/>\nWaga: 82,22 g<br \/>\nProducent nr ref. #: 232-1CO<br \/>\nKraj pochodzenia: USA<\/p>\n<p><iframe title=\"Microtech Combat Troodon Torture Test\" width=\"800\" height=\"450\" src=\"https:\/\/www.youtube.com\/embed\/xE9TeOFYEjg?feature=oembed\" frameborder=\"0\" allow=\"accelerometer; autoplay; clipboard-write; encrypted-media; gyroscope; picture-in-picture; web-share\" allowfullscreen><\/iframe><\/p>\n<p>&nbsp;<\/p>\n","protected":false},"excerpt":{"rendered":"<div class=\"elementor-element elementor-element-bbb542b elementor-widget elementor-widget-woocommerce-product-short-description\" data-id=\"bbb542b\" data-element_type=\"widget\" data-widget_type=\"woocommerce-product-short-description.default\">\n<div class=\"elementor-widget-container\">\n<div class=\"woocommerce-product-details__short-description\">\n<p><strong>Ultratech firmy Microtech to jeden z najpopularniejszych modeli, zdecydowanie zapewniaj\u0105cy najwi\u0119kszy zwrot z ka\u017cdej wydanej z\u0142ot\u00f3wki.<\/strong><\/p>\n<p><strong>Wszystkie no\u017ce Microtech obj\u0119te s\u0105 do\u017cywotni\u0105 gwarancj\u0105. <\/strong><\/p>\n<p><strong>Bezp\u0142atny transport.<\/strong><\/p>\n<\/div>\n<\/div>\n<\/div>\n","protected":false},"featured_media":308499,"comment_status":"open","ping_status":"closed","template":"","meta":[],"pwb-brand":[3279],"product_brand":[],"product_cat":[3296,3344],"product_tag":[3671],"class_list":{"0":"post-308496","1":"product","2":"type-product","3":"status-publish","4":"has-post-thumbnail","6":"pwb-brand-microtech-pl","7":"product_cat-noze-pl","8":"product_cat-noze-strzeleckie","9":"product_tag-b2b-pl","11":"first","12":"instock","13":"taxable","14":"shipping-taxable","15":"purchasable","16":"product-type-simple"},"brands":[{"id":3279,"name":"Microtech","slug":"microtech-pl"}],"_links":{"self":[{"href":"https:\/\/www.moskito.cz\/pl\/wp-json\/wp\/v2\/product\/308496","targetHints":{"allow":["GET"]}}],"collection":[{"href":"https:\/\/www.moskito.cz\/pl\/wp-json\/wp\/v2\/product"}],"about":[{"href":"https:\/\/www.moskito.cz\/pl\/wp-json\/wp\/v2\/types\/product"}],"replies":[{"embeddable":true,"href":"https:\/\/www.moskito.cz\/pl\/wp-json\/wp\/v2\/comments?post=308496"}],"wp:featuredmedia":[{"embeddable":true,"href":"https:\/\/www.moskito.cz\/pl\/wp-json\/wp\/v2\/media\/308499"}],"wp:attachment":[{"href":"https:\/\/www.moskito.cz\/pl\/wp-json\/wp\/v2\/media?parent=308496"}],"wp:term":[{"taxonomy":"pwb-brand","embeddable":true,"href":"https:\/\/www.moskito.cz\/pl\/wp-json\/wp\/v2\/pwb-brand?post=308496"},{"taxonomy":"product_brand","embeddable":true,"href":"https:\/\/www.moskito.cz\/pl\/wp-json\/wp\/v2\/product_brand?post=308496"},{"taxonomy":"product_cat","embeddable":true,"href":"https:\/\/www.moskito.cz\/pl\/wp-json\/wp\/v2\/product_cat?post=308496"},{"taxonomy":"product_tag","embeddable":true,"href":"https:\/\/www.moskito.cz\/pl\/wp-json\/wp\/v2\/product_tag?post=308496"}],"curies":[{"name":"wp","href":"https:\/\/api.w.org\/{rel}","templated":true}]}}