{"id":308526,"date":"2023-10-17T14:59:11","date_gmt":"2024-02-06T14:54:26","guid":{"rendered":"https:\/\/www.moskito.cz\/produkt\/noz-strzelecki-microtech-combat-troodon-turkusowy-stonewash-143-10tq\/"},"modified":"2025-05-07T11:00:16","modified_gmt":"2025-05-07T10:00:16","slug":"noz-strzelecki-microtech-combat-troodon-turkusowy-stonewash-143-10tq","status":"publish","type":"product","link":"https:\/\/www.moskito.cz\/pl\/produkt\/noz-strzelecki-microtech-combat-troodon-turkusowy-stonewash-143-10tq\/","title":{"rendered":"N\u00f3\u017c strzelecki Microtech Combat Troodon Turkusowy Stonewash 143-10TQ"},"content":{"rendered":"<p>N\u00f3\u017c strzelecki <strong>Microtech<\/strong> Combat Troodon Turkusowy Stonewash 143-10TQ<\/p>\n<p>Najwi\u0119ksza produkcja no\u017cy <strong>Microtech<\/strong> N\u00f3\u017c OTF nosi imi\u0119 dinozaura Troodon. <strong>Combat Troodon<\/strong> to naprawd\u0119 du\u017ca wersja popularnego Troodona. Pomimo swoich rozmiar\u00f3w r\u0119koje\u015b\u0107 jest smuk\u0142a i wygodna. Akcja jest oczywi\u015bcie doskona\u0142a Microtech, jak mo\u017cna si\u0119 spodziewa\u0107. Du\u017cy i z\u0142y!<\/p>\n<p>Model ten posiada r\u0119koje\u015b\u0107 z anodyzowanego na turkusowo aluminium 6061-T6 z rade\u0142kowaniem i rade\u0142kowaniem dla lepszego chwytu. Jednosieczne ostrze ze stali nierdzewnej M390 z wyko\u0144czeniem Stonewash ze standardow\u0105 kraw\u0119dzi\u0105. T\u0142uczek do szk\u0142a ze stali nierdzewnej piaskowanej per\u0142owo, dwustronny klips do kieszeni i okucia. Kieszonkowy klips posiada logo Microtech. Ostrze zawiera informacje o modelu. R\u0119koje\u015b\u0107 posiada logo Microtech Claw, numer seryjny oraz dat\u0119 produkcji.<\/p>\n<p>D\u0142ugo\u015b\u0107 ca\u0142kowita: 24,2 cm<br \/>\nD\u0142ugo\u015b\u0107 po zamkni\u0119ciu: 14,6 cm<br \/>\nD\u0142ugo\u015b\u0107 ostrza: 9,7 cm<br \/>\nGrubo\u015b\u0107 ostrza: 0,32 cm<br \/>\nObr\u00f3bka powierzchni ostrza: Stonewashed<br \/>\nStyl ostrza: Drop Point<br \/>\nStyl obramowania: zwyk\u0142y<\/p>\n<p>Materia\u0142 ostrza: M390<br \/>\nMateria\u0142 r\u0119koje\u015bci: aluminium<br \/>\nObr\u00f3bka powierzchni ostrza: Stonewash<br \/>\nTyp kraw\u0119dzi: standardowy<br \/>\nModel\/wz\u00f3r: Battle Troodon<br \/>\nTyp no\u017ca: Automatyczny OTF o podw\u00f3jnym dzia\u0142aniu<br \/>\nTyp zamka: Prz\u00f3d<\/p>\n<p><iframe title=\"Microtech Combat Troodon Torture Test\" width=\"800\" height=\"450\" src=\"https:\/\/www.youtube.com\/embed\/xE9TeOFYEjg?feature=oembed\" frameborder=\"0\" allow=\"accelerometer; autoplay; clipboard-write; encrypted-media; gyroscope; picture-in-picture; web-share\" allowfullscreen><\/iframe><\/p>\n<p>&nbsp;<\/p>\n<p>&nbsp;<\/p>\n<p>&nbsp;<\/p>\n","protected":false},"excerpt":{"rendered":"<div class=\"elementor-element elementor-element-bbb542b elementor-widget elementor-widget-woocommerce-product-short-description\" data-id=\"bbb542b\" data-element_type=\"widget\" data-widget_type=\"woocommerce-product-short-description.default\">\n<div class=\"elementor-widget-container\">\n<div class=\"woocommerce-product-details__short-description\">\n<p><strong>Przez lata Microtech\u00ae Knives wype\u0142nia\u0142 no\u017ce pasj\u0105 i umiej\u0119tno\u015bciami, aby tworzy\u0107 niemal dzie\u0142a sztuki, kt\u00f3re s\u0105 szczytem funkcjonalno\u015bci.Wszystkie cz\u0119\u015bci s\u0105 produkowane w USA.<\/strong><br \/>\n<strong>Wszystkie no\u017ce Microtech obj\u0119te s\u0105 do\u017cywotni\u0105 gwarancj\u0105.<\/strong><\/p>\n<p><strong>Bezp\u0142atny transport.<\/strong><\/p>\n<\/div>\n<\/div>\n<\/div>\n","protected":false},"featured_media":308548,"comment_status":"open","ping_status":"closed","template":"","meta":[],"pwb-brand":[3279],"product_brand":[],"product_cat":[3296,3344],"product_tag":[3671],"class_list":{"0":"post-308526","1":"product","2":"type-product","3":"status-publish","4":"has-post-thumbnail","6":"pwb-brand-microtech-pl","7":"product_cat-noze-pl","8":"product_cat-noze-strzeleckie","9":"product_tag-b2b-pl","11":"first","12":"outofstock","13":"taxable","14":"shipping-taxable","15":"purchasable","16":"product-type-simple"},"brands":[{"id":3279,"name":"Microtech","slug":"microtech-pl"}],"_links":{"self":[{"href":"https:\/\/www.moskito.cz\/pl\/wp-json\/wp\/v2\/product\/308526","targetHints":{"allow":["GET"]}}],"collection":[{"href":"https:\/\/www.moskito.cz\/pl\/wp-json\/wp\/v2\/product"}],"about":[{"href":"https:\/\/www.moskito.cz\/pl\/wp-json\/wp\/v2\/types\/product"}],"replies":[{"embeddable":true,"href":"https:\/\/www.moskito.cz\/pl\/wp-json\/wp\/v2\/comments?post=308526"}],"wp:featuredmedia":[{"embeddable":true,"href":"https:\/\/www.moskito.cz\/pl\/wp-json\/wp\/v2\/media\/308548"}],"wp:attachment":[{"href":"https:\/\/www.moskito.cz\/pl\/wp-json\/wp\/v2\/media?parent=308526"}],"wp:term":[{"taxonomy":"pwb-brand","embeddable":true,"href":"https:\/\/www.moskito.cz\/pl\/wp-json\/wp\/v2\/pwb-brand?post=308526"},{"taxonomy":"product_brand","embeddable":true,"href":"https:\/\/www.moskito.cz\/pl\/wp-json\/wp\/v2\/product_brand?post=308526"},{"taxonomy":"product_cat","embeddable":true,"href":"https:\/\/www.moskito.cz\/pl\/wp-json\/wp\/v2\/product_cat?post=308526"},{"taxonomy":"product_tag","embeddable":true,"href":"https:\/\/www.moskito.cz\/pl\/wp-json\/wp\/v2\/product_tag?post=308526"}],"curies":[{"name":"wp","href":"https:\/\/api.w.org\/{rel}","templated":true}]}}