{"id":308595,"date":"2023-10-17T19:59:56","date_gmt":"2024-02-06T14:54:42","guid":{"rendered":"https:\/\/www.moskito.cz\/produkt\/noz-strzelecki-microtech-utx-70-bounty-hunter-apocalyptic-149-10bh\/"},"modified":"2025-05-07T11:00:20","modified_gmt":"2025-05-07T10:00:20","slug":"noz-strzelecki-microtech-utx-70-bounty-hunter-apocalyptic-149-10bh","status":"publish","type":"product","link":"https:\/\/www.moskito.cz\/pl\/produkt\/noz-strzelecki-microtech-utx-70-bounty-hunter-apocalyptic-149-10bh\/","title":{"rendered":"N\u00f3\u017c Strzelecki Microtech UTX-70 Bounty Hunter Apocalyptic 149-10BH"},"content":{"rendered":"<p>N\u00f3\u017c Strzelecki <strong>Microtech<\/strong> UTX-70 Bounty Hunter Apocalyptic 149-10BH<\/p>\n<p>UTX-70 to idealne po\u0142\u0105czenie kompaktowych rozmiar\u00f3w i doskona\u0142ej wydajno\u015bci. Przy 70% wielko\u015bci UltratechUTX-70 jest wykonany z tych samych materia\u0142\u00f3w, na tych samych maszynach i z tak\u0105 sam\u0105 pomys\u0142owo\u015bci\u0105, jak jego poprzednik. <strong>UTX-70<\/strong> to idealny n\u00f3\u017c na ka\u017cd\u0105 sytuacj\u0119, niezale\u017cnie od zadania ci\u0119cia, doskonale komponuje si\u0119 z Twoim stylem \u017cycia. Dzi\u0119ki szybkiemu otwieraniu i zamykaniu jedn\u0105 r\u0119k\u0105, wykonuje t\u0119 prac\u0119 w ci\u0105gu kilku sekund. Ta wersja ma ciemne, z\u0142o\u017cone, apokaliptyczne ostrze i apokaliptyczn\u0105 zielon\u0105 r\u0119koje\u015b\u0107 z czerwonymi elementami, dzi\u0119ki czemu model ten zyska\u0142 przydomek Bounty Hunter, czyli Boba Fett. Ma r\u00f3wnie\u017c bardzo fajne logo Mythosaur na klipsie kieszeni, kt\u00f3re by\u0142o symbolem czaszki Prawdziwych Mandalorian. Wyposa\u017cony w dwustronny klips do kieszeni i niewielkie rozmiary, jest idealnym wyborem do codziennego u\u017cytku i noszenia.<\/p>\n<p>Dane techniczne<br \/>\nAkcja: Podw\u00f3jne dzia\u0142anie \u2013 automatyczne strzelanie\/automatyczne cofanie<br \/>\nD\u0142ugo\u015b\u0107 ostrza: 6 cm<br \/>\nStyl ostrza: Tanto<br \/>\nPodwozie: stop aluminium 6061-T6 Mil-Spec, twarda, anodowana, apokaliptyczna ziele\u0144<br \/>\nGrubo\u015b\u0107 r\u0105czki: 0,77 cm<br \/>\nD\u0142ugo\u015b\u0107 po zamkni\u0119ciu: 8 cm<br \/>\nD\u0142ugo\u015b\u0107 ca\u0142kowita: 14 cm<br \/>\nKlips kieszonkowy: ca\u0142kowicie twarda stal nierdzewna 301<br \/>\nStandardowa cholewka: stop 6061-T6 AL<br \/>\nSpust: stal nierdzewna 303<br \/>\nWaga: 1,2 uncji<br \/>\nStal: M390<br \/>\nWykonane w USA<\/p>\n","protected":false},"excerpt":{"rendered":"<p><strong>Przez lata Microtech\u00ae Knives wype\u0142nia\u0142 no\u017ce pasj\u0105 i umiej\u0119tno\u015bciami, aby tworzy\u0107 niemal dzie\u0142a sztuki, kt\u00f3re s\u0105 szczytem funkcjonalno\u015bci. Wszystkie cz\u0119\u015bci wyprodukowano w USA. Wszystkie cz\u0119\u015bci wyprodukowano w USA.<\/strong><br \/>\n<strong>Wszystkie no\u017ce Microtech obj\u0119te s\u0105 do\u017cywotni\u0105 gwarancj\u0105.<\/strong><\/p>\n<p><strong>Bezp\u0142atny transport.<\/strong><\/p>\n","protected":false},"featured_media":308601,"comment_status":"open","ping_status":"closed","template":"","meta":[],"pwb-brand":[3279],"product_brand":[],"product_cat":[3344,3296],"product_tag":[3671],"class_list":{"0":"post-308595","1":"product","2":"type-product","3":"status-publish","4":"has-post-thumbnail","6":"pwb-brand-microtech-pl","7":"product_cat-noze-strzeleckie","8":"product_cat-noze-pl","9":"product_tag-b2b-pl","11":"first","12":"outofstock","13":"taxable","14":"shipping-taxable","15":"purchasable","16":"product-type-simple"},"brands":[{"id":3279,"name":"Microtech","slug":"microtech-pl"}],"_links":{"self":[{"href":"https:\/\/www.moskito.cz\/pl\/wp-json\/wp\/v2\/product\/308595","targetHints":{"allow":["GET"]}}],"collection":[{"href":"https:\/\/www.moskito.cz\/pl\/wp-json\/wp\/v2\/product"}],"about":[{"href":"https:\/\/www.moskito.cz\/pl\/wp-json\/wp\/v2\/types\/product"}],"replies":[{"embeddable":true,"href":"https:\/\/www.moskito.cz\/pl\/wp-json\/wp\/v2\/comments?post=308595"}],"wp:featuredmedia":[{"embeddable":true,"href":"https:\/\/www.moskito.cz\/pl\/wp-json\/wp\/v2\/media\/308601"}],"wp:attachment":[{"href":"https:\/\/www.moskito.cz\/pl\/wp-json\/wp\/v2\/media?parent=308595"}],"wp:term":[{"taxonomy":"pwb-brand","embeddable":true,"href":"https:\/\/www.moskito.cz\/pl\/wp-json\/wp\/v2\/pwb-brand?post=308595"},{"taxonomy":"product_brand","embeddable":true,"href":"https:\/\/www.moskito.cz\/pl\/wp-json\/wp\/v2\/product_brand?post=308595"},{"taxonomy":"product_cat","embeddable":true,"href":"https:\/\/www.moskito.cz\/pl\/wp-json\/wp\/v2\/product_cat?post=308595"},{"taxonomy":"product_tag","embeddable":true,"href":"https:\/\/www.moskito.cz\/pl\/wp-json\/wp\/v2\/product_tag?post=308595"}],"curies":[{"name":"wp","href":"https:\/\/api.w.org\/{rel}","templated":true}]}}