{"id":308596,"date":"2023-10-17T14:21:38","date_gmt":"2024-02-06T14:54:43","guid":{"rendered":"https:\/\/www.moskito.cz\/produkt\/noz-strzelecki-microtech-combat-troodon-143-1bl\/"},"modified":"2025-05-07T11:00:20","modified_gmt":"2025-05-07T10:00:20","slug":"noz-strzelecki-microtech-combat-troodon-143-1bl","status":"publish","type":"product","link":"https:\/\/www.moskito.cz\/pl\/produkt\/noz-strzelecki-microtech-combat-troodon-143-1bl\/","title":{"rendered":"N\u00f3\u017c strzelecki Microtech Combat Troodon 143-1BL"},"content":{"rendered":"<p>N\u00f3\u017c strzelecki <strong>Microtech<\/strong> Combat Troodon 143-1BL<\/p>\n<p>N\u00f3\u017c strzelecki od przodu.<\/p>\n<p>N\u00f3\u017c strzelecki <strong>Microtech<\/strong> Combat Troodon 143-1T &#8211; Ten bojowy Troodon ma czarne, g\u0142adkie ostrze. R\u0119koje\u015b\u0107 aluminiowa z ko\u0144c\u00f3wk\u0105 kulkow\u0105 ze stali nierdzewnej.<br \/>\nNajwi\u0119kszy n\u00f3\u017c OTF firmy Microtech nosi nazw\u0119 dinozaura Troodon. Combat Troodon to naprawd\u0119 du\u017ca wersja popularnego Troodona. Pomimo swoich rozmiar\u00f3w r\u0119koje\u015b\u0107 jest smuk\u0142a i wygodna.<\/p>\n<p>D\u0142ugo\u015b\u0107 ostrza: 9,5 cm<br \/>\nGrubo\u015b\u0107 ostrza: 0,33 cm<br \/>\nMateria\u0142 ostrza: M390<br \/>\nStyl ostrza: Drop Point<br \/>\nWstawki: p\u0142askie<br \/>\nWyko\u0144czenie: czarne<br \/>\nTyp obramowania: Zwyk\u0142y<br \/>\nD\u0142ugo\u015b\u0107 r\u0105czki: 13,3 cm<br \/>\nGrubo\u015b\u0107 r\u0105czki: 1,4 cm<br \/>\nMateria\u0142 r\u0119koje\u015bci: aluminium<\/p>\n<p>R\u0119koje\u015b\u0107: 6061-T6 Aluminium Blue Mil Spec Hard Coat Elox<br \/>\nKlips kieszonkowy: 301, hartowany spr\u0119\u017cynowo, obur\u0119czny<br \/>\nWaga: 5,3 uncji<\/p>\n<p><iframe title=\"Microtech Combat Troodon Torture Test\" width=\"800\" height=\"450\" src=\"https:\/\/www.youtube.com\/embed\/xE9TeOFYEjg?feature=oembed\" frameborder=\"0\" allow=\"accelerometer; autoplay; clipboard-write; encrypted-media; gyroscope; picture-in-picture; web-share\" allowfullscreen><\/iframe><\/p>\n<p>&nbsp;<\/p>\n<p>&nbsp;<\/p>\n","protected":false},"excerpt":{"rendered":"<p><strong>Przez lata Microtech\u00ae Knives wype\u0142nia\u0142 no\u017ce pasj\u0105 i umiej\u0119tno\u015bciami, aby tworzy\u0107 niemal dzie\u0142a sztuki, kt\u00f3re s\u0105 szczytem funkcjonalno\u015bci.Wszystkie cz\u0119\u015bci s\u0105 produkowane w USA.<\/strong><br \/>\n<strong>Wszystkie no\u017ce Microtech obj\u0119te s\u0105 do\u017cywotni\u0105 gwarancj\u0105.<\/strong><\/p>\n<p><strong>Darmowa wysy\u0142ka.<\/strong><\/p>\n","protected":false},"featured_media":308609,"comment_status":"open","ping_status":"closed","template":"","meta":[],"pwb-brand":[3279],"product_brand":[],"product_cat":[3296,3344],"product_tag":[3671],"class_list":{"0":"post-308596","1":"product","2":"type-product","3":"status-publish","4":"has-post-thumbnail","6":"pwb-brand-microtech-pl","7":"product_cat-noze-pl","8":"product_cat-noze-strzeleckie","9":"product_tag-b2b-pl","11":"first","12":"instock","13":"taxable","14":"shipping-taxable","15":"purchasable","16":"product-type-simple"},"brands":[{"id":3279,"name":"Microtech","slug":"microtech-pl"}],"_links":{"self":[{"href":"https:\/\/www.moskito.cz\/pl\/wp-json\/wp\/v2\/product\/308596","targetHints":{"allow":["GET"]}}],"collection":[{"href":"https:\/\/www.moskito.cz\/pl\/wp-json\/wp\/v2\/product"}],"about":[{"href":"https:\/\/www.moskito.cz\/pl\/wp-json\/wp\/v2\/types\/product"}],"replies":[{"embeddable":true,"href":"https:\/\/www.moskito.cz\/pl\/wp-json\/wp\/v2\/comments?post=308596"}],"wp:featuredmedia":[{"embeddable":true,"href":"https:\/\/www.moskito.cz\/pl\/wp-json\/wp\/v2\/media\/308609"}],"wp:attachment":[{"href":"https:\/\/www.moskito.cz\/pl\/wp-json\/wp\/v2\/media?parent=308596"}],"wp:term":[{"taxonomy":"pwb-brand","embeddable":true,"href":"https:\/\/www.moskito.cz\/pl\/wp-json\/wp\/v2\/pwb-brand?post=308596"},{"taxonomy":"product_brand","embeddable":true,"href":"https:\/\/www.moskito.cz\/pl\/wp-json\/wp\/v2\/product_brand?post=308596"},{"taxonomy":"product_cat","embeddable":true,"href":"https:\/\/www.moskito.cz\/pl\/wp-json\/wp\/v2\/product_cat?post=308596"},{"taxonomy":"product_tag","embeddable":true,"href":"https:\/\/www.moskito.cz\/pl\/wp-json\/wp\/v2\/product_tag?post=308596"}],"curies":[{"name":"wp","href":"https:\/\/api.w.org\/{rel}","templated":true}]}}