{"id":308724,"date":"2023-10-11T14:35:57","date_gmt":"2024-02-06T14:58:03","guid":{"rendered":"https:\/\/www.moskito.cz\/produkt\/noz-strzelecki-microtech-ultratech-od-green-123-3od\/"},"modified":"2025-05-07T11:00:27","modified_gmt":"2025-05-07T10:00:27","slug":"noz-strzelecki-microtech-ultratech-od-green-123-3od","status":"publish","type":"product","link":"https:\/\/www.moskito.cz\/pl\/produkt\/noz-strzelecki-microtech-ultratech-od-green-123-3od\/","title":{"rendered":"N\u00f3\u017c strzelecki Microtech Ultratech OD Green 123-3OD"},"content":{"rendered":"<p>N\u00f3\u017c strzelecki <strong>Microtech<\/strong> Ultratech OD Green 123-3OD<\/p>\n<p>Jako flagowy model linii OTF firmy Microtech, Ultratech\u00ae wyznacza standardy technologii OTF. Opatentowana technologia pozwala na zatrzymanie spr\u0119\u017cyny spustowej zar\u00f3wno w pozycji otwartej, jak i zamkni\u0119tej, drastycznie zmniejszaj\u0105c zu\u017cycie wewn\u0119trznych mechanizm\u00f3w wyzwalaj\u0105cych. Formowany uchwyt podwozia zapewnia l\u017cejsz\u0105 i bardziej ergonomiczn\u0105 konstrukcj\u0119 oraz ma g\u0142adk\u0105, p\u0142ask\u0105 powierzchni\u0119. Microtech Ultratech to pierwszy w historii automatyczny n\u00f3\u017c OTF (od przodu) wyprodukowany przez firm\u0119 Microtech Knives. Posiada 3,4-calowe ostrze z r\u00f3\u017cnymi wyko\u0144czeniami i stylami ostrzy. Ultratech posiada 5-calow\u0105, g\u0142adk\u0105 r\u0119koje\u015b\u0107 z anodyzowanego aluminium 6061-T6 z klipsem kieszeniowym, zbijakiem do szk\u0142a i osprz\u0119tem ze stali nierdzewnej. Kciuk przesuwny o podw\u00f3jnym dzia\u0142aniu do automatycznego strzelania i cofania.<\/p>\n<p>D\u0142ugo\u015b\u0107 ca\u0142kowita: <span id=\"cwos\" class=\"qv3Wpe\">21<\/span> cm<br \/>\nOstrze: <span id=\"cwos\" class=\"qv3Wpe\">8,5<\/span> cm, czarne, Tanto, w pe\u0142ni z\u0105bkowane<br \/>\nR\u0119koje\u015b\u0107: aluminium OD w kolorze zielonym<br \/>\nWaga: 3,6 uncji<\/p>\n<p>Stal: M390<br \/>\nOtwieracz: suwak kciukowy<br \/>\nTyp: podw\u00f3jne dzia\u0142anie OTF, automatyczne<br \/>\nWykonane w USA<br \/>\nModel: 123-3OD<\/p>\n<p>&nbsp;<\/p>\n<p><iframe title=\"Microtech Combat Troodon Torture Test\" width=\"800\" height=\"450\" src=\"https:\/\/www.youtube.com\/embed\/xE9TeOFYEjg?feature=oembed\" frameborder=\"0\" allow=\"accelerometer; autoplay; clipboard-write; encrypted-media; gyroscope; picture-in-picture; web-share\" allowfullscreen><\/iframe><\/p>\n<p>&nbsp;<\/p>\n","protected":false},"excerpt":{"rendered":"<div class=\"elementor-element elementor-element-bbb542b elementor-widget elementor-widget-woocommerce-product-short-description\" data-id=\"bbb542b\" data-element_type=\"widget\" data-widget_type=\"woocommerce-product-short-description.default\">\n<div class=\"elementor-widget-container\">\n<div class=\"woocommerce-product-details__short-description\">\n<p><strong>Przez lata Microtech\u00ae Knives wype\u0142nia\u0142 no\u017ce pasj\u0105 i umiej\u0119tno\u015bciami, aby tworzy\u0107 niemal dzie\u0142a sztuki, kt\u00f3re s\u0105 szczytem funkcjonalno\u015bci.Wszystkie cz\u0119\u015bci s\u0105 produkowane w USA.<\/strong><br \/>\n<strong>Wszystkie no\u017ce Microtech obj\u0119te s\u0105 do\u017cywotni\u0105 gwarancj\u0105.<\/strong><\/p>\n<p><strong>Bezp\u0142atny transport.<\/strong><\/p>\n<\/div>\n<\/div>\n<\/div>\n","protected":false},"featured_media":308734,"comment_status":"open","ping_status":"closed","template":"","meta":[],"pwb-brand":[3279],"product_brand":[],"product_cat":[3296,3344],"product_tag":[3671],"class_list":{"0":"post-308724","1":"product","2":"type-product","3":"status-publish","4":"has-post-thumbnail","6":"pwb-brand-microtech-pl","7":"product_cat-noze-pl","8":"product_cat-noze-strzeleckie","9":"product_tag-b2b-pl","11":"first","12":"instock","13":"taxable","14":"shipping-taxable","15":"purchasable","16":"product-type-simple"},"brands":[{"id":3279,"name":"Microtech","slug":"microtech-pl"}],"_links":{"self":[{"href":"https:\/\/www.moskito.cz\/pl\/wp-json\/wp\/v2\/product\/308724","targetHints":{"allow":["GET"]}}],"collection":[{"href":"https:\/\/www.moskito.cz\/pl\/wp-json\/wp\/v2\/product"}],"about":[{"href":"https:\/\/www.moskito.cz\/pl\/wp-json\/wp\/v2\/types\/product"}],"replies":[{"embeddable":true,"href":"https:\/\/www.moskito.cz\/pl\/wp-json\/wp\/v2\/comments?post=308724"}],"wp:featuredmedia":[{"embeddable":true,"href":"https:\/\/www.moskito.cz\/pl\/wp-json\/wp\/v2\/media\/308734"}],"wp:attachment":[{"href":"https:\/\/www.moskito.cz\/pl\/wp-json\/wp\/v2\/media?parent=308724"}],"wp:term":[{"taxonomy":"pwb-brand","embeddable":true,"href":"https:\/\/www.moskito.cz\/pl\/wp-json\/wp\/v2\/pwb-brand?post=308724"},{"taxonomy":"product_brand","embeddable":true,"href":"https:\/\/www.moskito.cz\/pl\/wp-json\/wp\/v2\/product_brand?post=308724"},{"taxonomy":"product_cat","embeddable":true,"href":"https:\/\/www.moskito.cz\/pl\/wp-json\/wp\/v2\/product_cat?post=308724"},{"taxonomy":"product_tag","embeddable":true,"href":"https:\/\/www.moskito.cz\/pl\/wp-json\/wp\/v2\/product_tag?post=308724"}],"curies":[{"name":"wp","href":"https:\/\/api.w.org\/{rel}","templated":true}]}}