{"id":308736,"date":"2023-10-11T12:47:55","date_gmt":"2024-02-06T14:58:04","guid":{"rendered":"https:\/\/www.moskito.cz\/produkt\/noz-zamykany-microtech-socom-bravo-titanium-carbon-261-1dlctcfti\/"},"modified":"2025-05-29T14:13:07","modified_gmt":"2025-05-29T13:13:07","slug":"noz-zamykany-microtech-socom-bravo-titanium-carbon-261-1dlctcfti","status":"publish","type":"product","link":"https:\/\/www.moskito.cz\/pl\/produkt\/noz-zamykany-microtech-socom-bravo-titanium-carbon-261-1dlctcfti\/","title":{"rendered":"N\u00f3\u017c zamykany Microtech Socom Bravo Titanium Carbon 261-1DLCTCFTI"},"content":{"rendered":"<p>N\u00f3\u017c zamykany <strong>Microtech<\/strong> Socom Bravo Titanium Carbon 261-1DLCTCFTI<\/p>\n<p>Zaprojektowany przez <strong>Microtech<\/strong> i wyprodukowany przez Rike Knife, <strong>Socom Bravo<\/strong> to n\u00f3\u017c kolaboracyjny wzorowany na klasycznym Socom. Ta wyrzynarka r\u0119czna to doskona\u0142y, wytrzyma\u0142y n\u00f3\u017c taktyczny. Posiada wzmocnion\u0105 r\u0119koje\u015b\u0107 z tytanu 6Al4V ze skalami z w\u0142\u00f3kna w\u0119glowego i jest oferowany zar\u00f3wno z ostrzem jednoostrzowym, jak i tanto. Otw\u00f3r na smycz i klips na kiesze\u0144 pozwalaj\u0105 na funkcjonalne noszenie, a ergonomia nadal nale\u017cy do najlepszych w bran\u017cy.<\/p>\n<p>Dane techniczne:<\/p>\n<p>D\u0142ugo\u015b\u0107 ca\u0142kowita: 22,5 cm<br \/>\nD\u0142ugo\u015b\u0107 ostrza: 10 cm<br \/>\nD\u0142ugo\u015b\u0107 r\u0105czki: 12,5 cm<br \/>\nMateria\u0142 ostrza: M390<br \/>\nStyl ostrza: Tanto<br \/>\nSzlif ostrza: p\u0142aski<br \/>\nWyko\u0144czenie ostrza: czarne DLC<br \/>\nMateria\u0142 r\u0119koje\u015bci: czarny tytan 6Al4V wzmocniony DLC ze skal\u0105 z w\u0142\u00f3kna w\u0119glowego<br \/>\nMechanizm blokuj\u0105cy: Blokada ramy<br \/>\nZesp\u00f3\u0142 sworznia: \u0142o\u017cyska<br \/>\nKieszonkowy klips: Black DLC Titanium (sk\u0142adany, prawy noszony)<br \/>\nWaga: 4,67 uncji<br \/>\nProjektant: Tony Marfione<\/p>\n<p><iframe title=\"SOCOM Bravo: Limited Edition Serrated and Signed by Anthony Marfione\" width=\"800\" height=\"450\" src=\"https:\/\/www.youtube.com\/embed\/_cp-uC2gPBM?feature=oembed\" frameborder=\"0\" allow=\"accelerometer; autoplay; clipboard-write; encrypted-media; gyroscope; picture-in-picture; web-share\" allowfullscreen><\/iframe><\/p>\n<p>&nbsp;<\/p>\n<p><iframe title=\"Microtech Combat Troodon Torture Test\" width=\"800\" height=\"450\" src=\"https:\/\/www.youtube.com\/embed\/xE9TeOFYEjg?feature=oembed\" frameborder=\"0\" allow=\"accelerometer; autoplay; clipboard-write; encrypted-media; gyroscope; picture-in-picture; web-share\" allowfullscreen><\/iframe><\/p>\n<p>&nbsp;<\/p>\n<p>&nbsp;<\/p>\n","protected":false},"excerpt":{"rendered":"<div class=\"elementor-element elementor-element-bbb542b elementor-widget elementor-widget-woocommerce-product-short-description\" data-id=\"bbb542b\" data-element_type=\"widget\" data-widget_type=\"woocommerce-product-short-description.default\">\n<div class=\"elementor-widget-container\">\n<div class=\"woocommerce-product-details__short-description\">\n<p><strong>Przez lata Microtech\u00ae Knives wype\u0142nia\u0142 no\u017ce pasj\u0105 i umiej\u0119tno\u015bciami, aby tworzy\u0107 niemal dzie\u0142a sztuki, kt\u00f3re s\u0105 szczytem funkcjonalno\u015bci. Wszystkie cz\u0119\u015bci wyprodukowano w USA.<\/strong><br \/>\n<strong>Wszystkie no\u017ce Microtech obj\u0119te s\u0105 do\u017cywotni\u0105 gwarancj\u0105.<\/strong><\/p>\n<p><strong>Bezp\u0142atny transport.<\/strong><\/p>\n<\/div>\n<\/div>\n<\/div>\n","protected":false},"featured_media":308743,"comment_status":"open","ping_status":"closed","template":"","meta":[],"pwb-brand":[3279],"product_brand":[],"product_cat":[3296,3307],"product_tag":[3671],"class_list":{"0":"post-308736","1":"product","2":"type-product","3":"status-publish","4":"has-post-thumbnail","6":"pwb-brand-microtech-pl","7":"product_cat-noze-pl","8":"product_cat-zamykanie-nozy","9":"product_tag-b2b-pl","11":"first","12":"outofstock","13":"taxable","14":"shipping-taxable","15":"purchasable","16":"product-type-simple"},"brands":[{"id":3279,"name":"Microtech","slug":"microtech-pl"}],"_links":{"self":[{"href":"https:\/\/www.moskito.cz\/pl\/wp-json\/wp\/v2\/product\/308736","targetHints":{"allow":["GET"]}}],"collection":[{"href":"https:\/\/www.moskito.cz\/pl\/wp-json\/wp\/v2\/product"}],"about":[{"href":"https:\/\/www.moskito.cz\/pl\/wp-json\/wp\/v2\/types\/product"}],"replies":[{"embeddable":true,"href":"https:\/\/www.moskito.cz\/pl\/wp-json\/wp\/v2\/comments?post=308736"}],"wp:featuredmedia":[{"embeddable":true,"href":"https:\/\/www.moskito.cz\/pl\/wp-json\/wp\/v2\/media\/308743"}],"wp:attachment":[{"href":"https:\/\/www.moskito.cz\/pl\/wp-json\/wp\/v2\/media?parent=308736"}],"wp:term":[{"taxonomy":"pwb-brand","embeddable":true,"href":"https:\/\/www.moskito.cz\/pl\/wp-json\/wp\/v2\/pwb-brand?post=308736"},{"taxonomy":"product_brand","embeddable":true,"href":"https:\/\/www.moskito.cz\/pl\/wp-json\/wp\/v2\/product_brand?post=308736"},{"taxonomy":"product_cat","embeddable":true,"href":"https:\/\/www.moskito.cz\/pl\/wp-json\/wp\/v2\/product_cat?post=308736"},{"taxonomy":"product_tag","embeddable":true,"href":"https:\/\/www.moskito.cz\/pl\/wp-json\/wp\/v2\/product_tag?post=308736"}],"curies":[{"name":"wp","href":"https:\/\/api.w.org\/{rel}","templated":true}]}}