{"id":308809,"date":"2023-10-11T18:52:07","date_gmt":"2024-02-06T14:58:12","guid":{"rendered":"https:\/\/www.moskito.cz\/produkt\/noz-strzelecki-microtech-combat-troodon-stonewashed-143-10bl\/"},"modified":"2025-05-07T11:00:31","modified_gmt":"2025-05-07T10:00:31","slug":"noz-strzelecki-microtech-combat-troodon-stonewashed-143-10bl","status":"publish","type":"product","link":"https:\/\/www.moskito.cz\/pl\/produkt\/noz-strzelecki-microtech-combat-troodon-stonewashed-143-10bl\/","title":{"rendered":"N\u00f3\u017c strzelecki Microtech Combat Troodon Stonewashed 143-10BL"},"content":{"rendered":"<p>N\u00f3\u017c strzelecki Microtech Combat Troodon Stonewashed 143-10BL<\/p>\n<p>Ulubiony w\u015br\u00f3d organ\u00f3w \u015bcigania, personelu wojskowego i os\u00f3b udzielaj\u0105cych pierwszej pomocy, <strong>Combat Troodon<\/strong> jest zbudowany z my\u015bl\u0105 o szerokim zakresie zastosowa\u0144 i sytuacjach walki w zwarciu. Dzi\u0119ki wyrze\u017abionemu kszta\u0142towi i radykalnym elementom konstrukcyjnym ten element sprawia wra\u017cenie solidnego, a jednocze\u015bnie nadaje si\u0119 do noszenia na co dzie\u0144.<\/p>\n<p>D\u0142ugo\u015b\u0107 ca\u0142kowita: 24,2 cm<br \/>\nD\u0142ugo\u015b\u0107 po zamkni\u0119ciu: 14,6 cm<br \/>\nD\u0142ugo\u015b\u0107 ostrza: 9,7 cm<br \/>\nGrubo\u015b\u0107 ostrza: 0,32 cm<br \/>\nObr\u00f3bka powierzchni ostrza: Stonewashed<br \/>\nStyl ostrza: Drop Point<br \/>\nStyl obramowania: zwyk\u0142y<br \/>\nMateria\u0142 r\u0119koje\u015bci: aluminium w kolorze niebieskim<br \/>\nGrubo\u015b\u0107 r\u0105czki: 1,5 cm<br \/>\nKlips kieszonkowy: sk\u0142adany w d\u00f3\u0142<br \/>\nWaga: 149,97 g<br \/>\nProducent nr ref. #: 143-10BL<br \/>\nKraj pochodzenia: USA<\/p>\n<p><iframe title=\"Microtech Combat Troodon Torture Test\" width=\"800\" height=\"450\" src=\"https:\/\/www.youtube.com\/embed\/xE9TeOFYEjg?feature=oembed\" frameborder=\"0\" allow=\"accelerometer; autoplay; clipboard-write; encrypted-media; gyroscope; picture-in-picture; web-share\" allowfullscreen><\/iframe><\/p>\n<p><iframe title=\"Microtech Combat Troodon Torture Test\" width=\"800\" height=\"450\" src=\"https:\/\/www.youtube.com\/embed\/xE9TeOFYEjg?feature=oembed\" frameborder=\"0\" allow=\"accelerometer; autoplay; clipboard-write; encrypted-media; gyroscope; picture-in-picture; web-share\" allowfullscreen><\/iframe><\/p>\n","protected":false},"excerpt":{"rendered":"<p><strong>Przez lata Microtech\u00ae Knives wype\u0142nia\u0142 no\u017ce pasj\u0105 i umiej\u0119tno\u015bciami, aby tworzy\u0107 niemal dzie\u0142a sztuki, kt\u00f3re s\u0105 szczytem funkcjonalno\u015bci.Wszystkie cz\u0119\u015bci s\u0105 produkowane w USA.<\/strong><br \/>\n<strong>Wszystkie no\u017ce Microtech obj\u0119te s\u0105 do\u017cywotni\u0105 gwarancj\u0105.<\/strong><\/p>\n<p><strong>Bezp\u0142atny transport.<\/strong><\/p>\n","protected":false},"featured_media":308814,"comment_status":"open","ping_status":"closed","template":"","meta":[],"pwb-brand":[3279],"product_brand":[],"product_cat":[3296,3344],"product_tag":[3671],"class_list":{"0":"post-308809","1":"product","2":"type-product","3":"status-publish","4":"has-post-thumbnail","6":"pwb-brand-microtech-pl","7":"product_cat-noze-pl","8":"product_cat-noze-strzeleckie","9":"product_tag-b2b-pl","11":"first","12":"outofstock","13":"taxable","14":"shipping-taxable","15":"purchasable","16":"product-type-simple"},"brands":[{"id":3279,"name":"Microtech","slug":"microtech-pl"}],"_links":{"self":[{"href":"https:\/\/www.moskito.cz\/pl\/wp-json\/wp\/v2\/product\/308809","targetHints":{"allow":["GET"]}}],"collection":[{"href":"https:\/\/www.moskito.cz\/pl\/wp-json\/wp\/v2\/product"}],"about":[{"href":"https:\/\/www.moskito.cz\/pl\/wp-json\/wp\/v2\/types\/product"}],"replies":[{"embeddable":true,"href":"https:\/\/www.moskito.cz\/pl\/wp-json\/wp\/v2\/comments?post=308809"}],"wp:featuredmedia":[{"embeddable":true,"href":"https:\/\/www.moskito.cz\/pl\/wp-json\/wp\/v2\/media\/308814"}],"wp:attachment":[{"href":"https:\/\/www.moskito.cz\/pl\/wp-json\/wp\/v2\/media?parent=308809"}],"wp:term":[{"taxonomy":"pwb-brand","embeddable":true,"href":"https:\/\/www.moskito.cz\/pl\/wp-json\/wp\/v2\/pwb-brand?post=308809"},{"taxonomy":"product_brand","embeddable":true,"href":"https:\/\/www.moskito.cz\/pl\/wp-json\/wp\/v2\/product_brand?post=308809"},{"taxonomy":"product_cat","embeddable":true,"href":"https:\/\/www.moskito.cz\/pl\/wp-json\/wp\/v2\/product_cat?post=308809"},{"taxonomy":"product_tag","embeddable":true,"href":"https:\/\/www.moskito.cz\/pl\/wp-json\/wp\/v2\/product_tag?post=308809"}],"curies":[{"name":"wp","href":"https:\/\/api.w.org\/{rel}","templated":true}]}}