{"id":308939,"date":"2023-09-13T18:25:11","date_gmt":"2024-02-06T15:03:05","guid":{"rendered":"https:\/\/www.moskito.cz\/produkt\/noz-strzelecki-microtech-utx-85-cerakote-od-green-232-1cod\/"},"modified":"2025-05-07T11:00:35","modified_gmt":"2025-05-07T10:00:35","slug":"noz-strzelecki-microtech-utx-85-cerakote-od-green-232-1cod","status":"publish","type":"product","link":"https:\/\/www.moskito.cz\/pl\/produkt\/noz-strzelecki-microtech-utx-85-cerakote-od-green-232-1cod\/","title":{"rendered":"N\u00f3\u017c strzelecki Microtech UTX-85 Cerakote OD Green 232-1COD"},"content":{"rendered":"<p>N\u00f3\u017c strzelecki <strong>Microtech<\/strong> UTX-85 Cerakote OD Green 232-1COD<\/p>\n<p>Firma Microtech zaktualizowa\u0142a i ulepszy\u0142a model UTX-85. Charakteryzuje si\u0119 ulepszon\u0105 ergonomi\u0105, zaokr\u0105glonymi powierzchniami uchwyt\u00f3w i rowkowanymi naszywkami po bokach, zapewniaj\u0105cymi doskona\u0142y chwyt. Przycisk wyzwalania zosta\u0142 przeprojektowany, aby zwi\u0119kszy\u0107 kontakt z powierzchni\u0105 i zapewni\u0107 skuteczne dzia\u0142anie, a zbijak do szk\u0142a ma kulist\u0105 ko\u0144c\u00f3wk\u0119 osadzon\u0105 w podstawie z tr\u00f3jk\u0105tnym wzorem, aby uwydatni\u0107 jego codzienne zu\u017cycie. UTX-85 bazuje na platformie Ultratech i jest zredukowany do 85% swojej d\u0142ugo\u015bci. UTX-85 to atrakcyjny wyb\u00f3r dla tych, kt\u00f3rzy wol\u0105 mniejszy n\u00f3\u017c EDC i doceniaj\u0105 wysok\u0105 wydajno\u015b\u0107 przedniej akcji <strong>firmy Microtech<\/strong> oraz wyj\u0105tkow\u0105 jako\u015b\u0107 wykonania.<\/p>\n<p>Model ten posiada skal\u0119 z aluminiow\u0105 r\u0119koje\u015bci\u0105 Cerakote OD Green. Ostrze sztyletu w kolorze zielonym OD wykonane ze stali nierdzewnej M390 z pow\u0142ok\u0105 Cerakote. Gotowy osprz\u0119t Cerakote, klips do kieszeni i ko\u0144c\u00f3wka do t\u0142uczenia szk\u0142a. Klips kieszonkowy posiada logo pazura Microtech, numer seryjny i dat\u0119 produkcji.<\/p>\n<p>Kraj pochodzenia: USA<br \/>\nD\u0142ugo\u015b\u0107 ostrza: 8 cm<br \/>\nD\u0142ugo\u015b\u0107 ca\u0142kowita: 19 cm<br \/>\nMateria\u0142 r\u0119koje\u015bci: aluminium<br \/>\nMateria\u0142 ostrza: M390<br \/>\nStyl ostrza: sztylet o podw\u00f3jnym ostrzu<br \/>\nObr\u00f3bka powierzchni ostrza: Cerakote<br \/>\nTyp kraw\u0119dzi: standardowy<br \/>\nModel\/wz\u00f3r: UTX-85<br \/>\nTyp no\u017ca: Automatyczny OTF o podw\u00f3jnym dzia\u0142aniu<br \/>\nTyp zamka: Prz\u00f3d<\/p>\n<p><iframe title=\"Microtech Combat Troodon Torture Test\" width=\"800\" height=\"450\" src=\"https:\/\/www.youtube.com\/embed\/xE9TeOFYEjg?feature=oembed\" frameborder=\"0\" allow=\"accelerometer; autoplay; clipboard-write; encrypted-media; gyroscope; picture-in-picture; web-share\" allowfullscreen><\/iframe><\/p>\n<p>&nbsp;<\/p>\n","protected":false},"excerpt":{"rendered":"<p><strong>Przez lata Microtech\u00ae Knives wype\u0142nia\u0142 no\u017ce pasj\u0105 i umiej\u0119tno\u015bciami, aby tworzy\u0107 niemal dzie\u0142a sztuki, kt\u00f3re s\u0105 szczytem funkcjonalno\u015bci. Wszystkie cz\u0119\u015bci wyprodukowano w USA.<\/strong><br \/>\n<strong>Wszystkie no\u017ce Microtech obj\u0119te s\u0105 do\u017cywotni\u0105 gwarancj\u0105.<\/strong><\/p>\n<p><strong>Bezp\u0142atny transport<\/strong><\/p>\n","protected":false},"featured_media":308971,"comment_status":"open","ping_status":"closed","template":"","meta":[],"pwb-brand":[3279],"product_brand":[],"product_cat":[3296,3344],"product_tag":[3671],"class_list":{"0":"post-308939","1":"product","2":"type-product","3":"status-publish","4":"has-post-thumbnail","6":"pwb-brand-microtech-pl","7":"product_cat-noze-pl","8":"product_cat-noze-strzeleckie","9":"product_tag-b2b-pl","11":"first","12":"outofstock","13":"taxable","14":"shipping-taxable","15":"purchasable","16":"product-type-simple"},"brands":[{"id":3279,"name":"Microtech","slug":"microtech-pl"}],"_links":{"self":[{"href":"https:\/\/www.moskito.cz\/pl\/wp-json\/wp\/v2\/product\/308939","targetHints":{"allow":["GET"]}}],"collection":[{"href":"https:\/\/www.moskito.cz\/pl\/wp-json\/wp\/v2\/product"}],"about":[{"href":"https:\/\/www.moskito.cz\/pl\/wp-json\/wp\/v2\/types\/product"}],"replies":[{"embeddable":true,"href":"https:\/\/www.moskito.cz\/pl\/wp-json\/wp\/v2\/comments?post=308939"}],"wp:featuredmedia":[{"embeddable":true,"href":"https:\/\/www.moskito.cz\/pl\/wp-json\/wp\/v2\/media\/308971"}],"wp:attachment":[{"href":"https:\/\/www.moskito.cz\/pl\/wp-json\/wp\/v2\/media?parent=308939"}],"wp:term":[{"taxonomy":"pwb-brand","embeddable":true,"href":"https:\/\/www.moskito.cz\/pl\/wp-json\/wp\/v2\/pwb-brand?post=308939"},{"taxonomy":"product_brand","embeddable":true,"href":"https:\/\/www.moskito.cz\/pl\/wp-json\/wp\/v2\/product_brand?post=308939"},{"taxonomy":"product_cat","embeddable":true,"href":"https:\/\/www.moskito.cz\/pl\/wp-json\/wp\/v2\/product_cat?post=308939"},{"taxonomy":"product_tag","embeddable":true,"href":"https:\/\/www.moskito.cz\/pl\/wp-json\/wp\/v2\/product_tag?post=308939"}],"curies":[{"name":"wp","href":"https:\/\/api.w.org\/{rel}","templated":true}]}}