{"id":309071,"date":"2023-09-12T20:40:31","date_gmt":"2024-02-06T15:03:11","guid":{"rendered":"https:\/\/www.moskito.cz\/produkt\/noz-strzelecki-microtech-ultratech-apocalyptic-bronze-122-13apvi\/"},"modified":"2025-05-07T11:00:38","modified_gmt":"2025-05-07T10:00:38","slug":"noz-strzelecki-microtech-ultratech-apocalyptic-bronze-122-13apvi","status":"publish","type":"product","link":"https:\/\/www.moskito.cz\/pl\/produkt\/noz-strzelecki-microtech-ultratech-apocalyptic-bronze-122-13apvi\/","title":{"rendered":"N\u00f3\u017c strzelecki Microtech Ultratech Apocalyptic Bronze 122-13APVI"},"content":{"rendered":"<p>N\u00f3\u017c strzelecki <strong>Microtech<\/strong> Ultratech Apocalyptic Bronze 122-13APVI<\/p>\n<p><strong>Ultratech<\/strong> na zawsze ustanowi standardy dla wszystkich no\u017cy przednich. <strong>Ultratech<\/strong> jest oryginalnym no\u017cem przednim o podw\u00f3jnym dzia\u0142aniu <strong>firmy Microtech<\/strong> i by\u0142 podstaw\u0105 ca\u0142ej linii OTF. Na przestrzeni lat przeszed\u0142 kilka modyfikacji, z kt\u00f3rych ka\u017cda sta\u0142a si\u0119 bardziej wydajna i niezawodna. Ta wersja ma ulepszony formowany uchwyt z teksturowanym suwakiem na kciuk, co zapewnia bardziej pozytywny zakup. Spr\u0119\u017cyna Ultratech pozostaje przez ca\u0142y czas w pozycji \u201espoczynkowej\u201d, chyba \u017ce jest rozci\u0105gni\u0119ta. Dzi\u0119ki temu \u015bci\u015bni\u0119ta spr\u0119\u017cyna nie ulega zm\u0119czeniu, co daje pewno\u015b\u0107 u\u017cytkownikom, \u017ce n\u00f3\u017c po oddaniu strza\u0142u b\u0119dzie dzia\u0142a\u0142 skutecznie. Ultratech mo\u017ce przybiera\u0107 wiele form; mo\u017cna go wyko\u0144czy\u0107 standardow\u0105 obrobion\u0105 maszynowo p\u0142yt\u0105 aluminiow\u0105 lub kawa\u0142kiem w\u0142\u00f3kna w\u0119glowego. Niewielka waga Ultratech, otwieranie i zamykanie jedn\u0105 r\u0119k\u0105, smuk\u0142a konstrukcja i ostre jak skalpel ostrze sprawiaj\u0105, \u017ce jest to wyj\u0105tkowy n\u00f3\u017c dost\u0119pny tylko w Microtech. N\u00f3\u017c ten wielokrotnie udowodni\u0142, \u017ce jest w stanie pokona\u0107 ka\u017cd\u0105 przeszkod\u0119. Czas poka\u017ce, jaki b\u0119dzie kolejny krok w przypadku linii Ultratech.<\/p>\n<p>Dane techniczne<br \/>\nAutomatyczne otwieranie\/zamykanie \u2013 otwieranie frontu<br \/>\nAkcja: Akcja pojedynkowa \u2013 automatyczny ogie\u0144\/wycofanie<br \/>\nD\u0142ugo\u015b\u0107 ca\u0142kowita: 22 cm<br \/>\nD\u0142ugo\u015b\u0107 ostrza: 8,6 cm<br \/>\nStyl ostrza: sztylet o podw\u00f3jnym ostrzu<br \/>\nMateria\u0142 r\u0119koje\u015bci: 6061-T6 Aluminium Violet Mil-Spec Hard Coat Elox<br \/>\nMateria\u0142 klipsa kieszeniowego: stal nierdzewna 301, ca\u0142kowicie twarda<br \/>\nStandardowa cholewka: stop 6061-T6 AL<br \/>\nSpust: stal nierdzewna 303<br \/>\nStal: M390<br \/>\nWykonane w USA<\/p>\n<p><iframe title=\"Microtech Combat Troodon Torture Test\" width=\"800\" height=\"450\" src=\"https:\/\/www.youtube.com\/embed\/xE9TeOFYEjg?feature=oembed\" frameborder=\"0\" allow=\"accelerometer; autoplay; clipboard-write; encrypted-media; gyroscope; picture-in-picture; web-share\" allowfullscreen><\/iframe><\/p>\n<p>&nbsp;<\/p>\n","protected":false},"excerpt":{"rendered":"<p><strong>Przez lata Microtech\u00ae Knives wype\u0142nia\u0142 no\u017ce pasj\u0105 i umiej\u0119tno\u015bciami, aby tworzy\u0107 niemal dzie\u0142a sztuki, kt\u00f3re s\u0105 szczytem funkcjonalno\u015bci. Wszystkie cz\u0119\u015bci wyprodukowano w USA.<\/strong><br \/>\n<strong>Wszystkie no\u017ce Microtech obj\u0119te s\u0105 do\u017cywotni\u0105 gwarancj\u0105.<\/strong><\/p>\n<p><strong>Bezp\u0142atny transport<\/strong><\/p>\n","protected":false},"featured_media":309085,"comment_status":"open","ping_status":"closed","template":"","meta":[],"pwb-brand":[3279],"product_brand":[],"product_cat":[3296,3344],"product_tag":[3671],"class_list":{"0":"post-309071","1":"product","2":"type-product","3":"status-publish","4":"has-post-thumbnail","6":"pwb-brand-microtech-pl","7":"product_cat-noze-pl","8":"product_cat-noze-strzeleckie","9":"product_tag-b2b-pl","11":"first","12":"instock","13":"taxable","14":"shipping-taxable","15":"purchasable","16":"product-type-simple"},"brands":[{"id":3279,"name":"Microtech","slug":"microtech-pl"}],"_links":{"self":[{"href":"https:\/\/www.moskito.cz\/pl\/wp-json\/wp\/v2\/product\/309071","targetHints":{"allow":["GET"]}}],"collection":[{"href":"https:\/\/www.moskito.cz\/pl\/wp-json\/wp\/v2\/product"}],"about":[{"href":"https:\/\/www.moskito.cz\/pl\/wp-json\/wp\/v2\/types\/product"}],"replies":[{"embeddable":true,"href":"https:\/\/www.moskito.cz\/pl\/wp-json\/wp\/v2\/comments?post=309071"}],"wp:featuredmedia":[{"embeddable":true,"href":"https:\/\/www.moskito.cz\/pl\/wp-json\/wp\/v2\/media\/309085"}],"wp:attachment":[{"href":"https:\/\/www.moskito.cz\/pl\/wp-json\/wp\/v2\/media?parent=309071"}],"wp:term":[{"taxonomy":"pwb-brand","embeddable":true,"href":"https:\/\/www.moskito.cz\/pl\/wp-json\/wp\/v2\/pwb-brand?post=309071"},{"taxonomy":"product_brand","embeddable":true,"href":"https:\/\/www.moskito.cz\/pl\/wp-json\/wp\/v2\/product_brand?post=309071"},{"taxonomy":"product_cat","embeddable":true,"href":"https:\/\/www.moskito.cz\/pl\/wp-json\/wp\/v2\/product_cat?post=309071"},{"taxonomy":"product_tag","embeddable":true,"href":"https:\/\/www.moskito.cz\/pl\/wp-json\/wp\/v2\/product_tag?post=309071"}],"curies":[{"name":"wp","href":"https:\/\/api.w.org\/{rel}","templated":true}]}}