{"id":309138,"date":"2023-08-31T21:07:08","date_gmt":"2024-02-06T15:03:15","guid":{"rendered":"https:\/\/www.moskito.cz\/produkt\/naprawiono-noz-microtech-bee-apocalyptic-218-10apgtbks\/"},"modified":"2025-05-07T11:00:40","modified_gmt":"2025-05-07T10:00:40","slug":"naprawiono-noz-microtech-bee-apocalyptic-218-10apgtbks","status":"publish","type":"product","link":"https:\/\/www.moskito.cz\/pl\/produkt\/naprawiono-noz-microtech-bee-apocalyptic-218-10apgtbks\/","title":{"rendered":"Naprawiono n\u00f3\u017c Microtech Bee Apocalyptic 218-10APGTBKS"},"content":{"rendered":"<p>Naprawiono n\u00f3\u017c <strong>Microtech<\/strong> Bee Apocalyptic 218-10APGTBKS<\/p>\n<p><strong>Microtech<\/strong> 218-10APGTBKS Bee to wsp\u00f3lny sztylet pchaj\u0105cy stworzony we wsp\u00f3\u0142pracy z <strong>Bastinelli Knives<\/strong> . Zaprojektowany tak, aby by\u0142 stylowy i wysoce skuteczny, n\u00f3\u017c ten doskonale sprawdza si\u0119 w walce w zwarciu (CQC). Koncentruj\u0105c si\u0119 na specyficznych potrzebach CQC, Bee oferuje szybkie i niezawodne wdra\u017canie, doskona\u0142e mo\u017cliwo\u015bci ci\u0119cia i penetracji, profil o niskiej widoczno\u015bci, modu\u0142owe opcje przenoszenia i solidn\u0105 konstrukcj\u0119. Niezale\u017cnie od tego, czy jest to n\u00f3\u017c taktyczny, czy noszony na co dzie\u0144, ten n\u00f3\u017c okazuje si\u0119 wszechstronnym i niezawodnym, solidnym ostrzem. Taktyczny sztylet pchaj\u0105cy BEE firmy Microtech oferuje du\u017c\u0105 si\u0142\u0119 ci\u0119cia w ma\u0142ej obudowie. Je\u015bli chcesz wzbogaci\u0107 sw\u00f3j zestaw taktyczny w znacz\u0105cy, unikalny i praktyczny spos\u00f3b, ostrze BEE jest dla Ciebie!<\/p>\n<p><strong>Pszczo\u0142a<\/strong> wyr\u00f3\u017cnia si\u0119 w scenariuszach taktycznych, kt\u00f3re pozwalaj\u0105 na szybkie i skuteczne ataki przy minimalnym treningu i wysi\u0142ku. Jego proste ciosy, d\u017agni\u0119cia i pi\u0119\u015bci m\u0142otkowe oferuj\u0105 ogromny potencja\u0142 ci\u0119cia. Do\u0142\u0105czona pochwa z Kydexu wyposa\u017cona w dyskretny klips do noszenia (IWB), dzi\u0119ki kt\u00f3remu n\u00f3\u017c jest zawsze w zasi\u0119gu r\u0119ki i gotowy do u\u017cycia. Chocia\u017c n\u00f3\u017c ten naprawd\u0119 b\u0142yszczy w sytuacjach taktycznych w ostatniej chwili, nadaje si\u0119 r\u00f3wnie dobrze do noszenia na co dzie\u0144.<\/p>\n<p>D\u0142ugo\u015b\u0107 ca\u0142kowita: 11,25 cm<br \/>\nD\u0142ugo\u015b\u0107 ostrza: 6,25 cm<br \/>\nMateria\u0142 ostrza: Bohler M390<br \/>\nStyl ostrza: Hawkbill<br \/>\nWyko\u0144czenie: Bead Blast, Stonewash<br \/>\nTyp obramowania: Zwyk\u0142y<br \/>\nD\u0142ugo\u015b\u0107 r\u0105czki: 7,17 cm<br \/>\nMateria\u0142 r\u0119koje\u015bci: G-10<br \/>\nCzarny kolor<br \/>\nWaga: 1,40 uncji<br \/>\nU\u017cytkownik: Prawa r\u0119ka<br \/>\nPochwa: Kydex<br \/>\nTyp no\u017ca: Ostrze sta\u0142e<br \/>\nMarka: Microtech<br \/>\nNumer modelu: 218-10APGTBKS<br \/>\nKraj pochodzenia: USA<br \/>\nNajlepsze zastosowanie: taktyczne<br \/>\nTyp produktu: N\u00f3\u017c<\/p>\n<p><iframe title=\"Microtech Combat Troodon Torture Test\" width=\"800\" height=\"450\" src=\"https:\/\/www.youtube.com\/embed\/xE9TeOFYEjg?feature=oembed\" frameborder=\"0\" allow=\"accelerometer; autoplay; clipboard-write; encrypted-media; gyroscope; picture-in-picture; web-share\" allowfullscreen><\/iframe><\/p>\n<p>&nbsp;<\/p>\n","protected":false},"excerpt":{"rendered":"<p><strong>Przez lata Microtech\u00ae Knives wype\u0142nia\u0142 no\u017ce pasj\u0105 i umiej\u0119tno\u015bciami, aby tworzy\u0107 niemal dzie\u0142a sztuki, kt\u00f3re s\u0105 szczytem funkcjonalno\u015bci. Wszystkie cz\u0119\u015bci wyprodukowano w USA.<\/strong><br \/>\n<strong>Wszystkie no\u017ce Microtech obj\u0119te s\u0105 do\u017cywotni\u0105 gwarancj\u0105.<\/strong><\/p>\n","protected":false},"featured_media":309171,"comment_status":"open","ping_status":"closed","template":"","meta":[],"pwb-brand":[3279],"product_brand":[],"product_cat":[3296,3297],"product_tag":[3671],"class_list":{"0":"post-309138","1":"product","2":"type-product","3":"status-publish","4":"has-post-thumbnail","6":"pwb-brand-microtech-pl","7":"product_cat-noze-pl","8":"product_cat-solidne-noze","9":"product_tag-b2b-pl","11":"first","12":"outofstock","13":"taxable","14":"shipping-taxable","15":"purchasable","16":"product-type-simple"},"brands":[{"id":3279,"name":"Microtech","slug":"microtech-pl"}],"_links":{"self":[{"href":"https:\/\/www.moskito.cz\/pl\/wp-json\/wp\/v2\/product\/309138","targetHints":{"allow":["GET"]}}],"collection":[{"href":"https:\/\/www.moskito.cz\/pl\/wp-json\/wp\/v2\/product"}],"about":[{"href":"https:\/\/www.moskito.cz\/pl\/wp-json\/wp\/v2\/types\/product"}],"replies":[{"embeddable":true,"href":"https:\/\/www.moskito.cz\/pl\/wp-json\/wp\/v2\/comments?post=309138"}],"wp:featuredmedia":[{"embeddable":true,"href":"https:\/\/www.moskito.cz\/pl\/wp-json\/wp\/v2\/media\/309171"}],"wp:attachment":[{"href":"https:\/\/www.moskito.cz\/pl\/wp-json\/wp\/v2\/media?parent=309138"}],"wp:term":[{"taxonomy":"pwb-brand","embeddable":true,"href":"https:\/\/www.moskito.cz\/pl\/wp-json\/wp\/v2\/pwb-brand?post=309138"},{"taxonomy":"product_brand","embeddable":true,"href":"https:\/\/www.moskito.cz\/pl\/wp-json\/wp\/v2\/product_brand?post=309138"},{"taxonomy":"product_cat","embeddable":true,"href":"https:\/\/www.moskito.cz\/pl\/wp-json\/wp\/v2\/product_cat?post=309138"},{"taxonomy":"product_tag","embeddable":true,"href":"https:\/\/www.moskito.cz\/pl\/wp-json\/wp\/v2\/product_tag?post=309138"}],"curies":[{"name":"wp","href":"https:\/\/api.w.org\/{rel}","templated":true}]}}